{"id":17881,"date":"2026-03-26T18:07:29","date_gmt":"2026-03-26T18:07:29","guid":{"rendered":"https:\/\/arniblum.com\/arniblum\/?page_id=17881"},"modified":"2026-04-13T20:34:51","modified_gmt":"2026-04-13T20:34:51","slug":"poed","status":"publish","type":"page","link":"https:\/\/arniblum.com\/et\/stores\/","title":{"rendered":"Poed"},"content":{"rendered":"<div data-elementor-type=\"wp-page\" data-elementor-id=\"17881\" class=\"elementor elementor-17881\" data-elementor-post-type=\"page\">\n\t\t\t\t<div class=\"elementor-element elementor-element-69aec26 e-flex e-con-boxed e-con e-parent\" data-id=\"69aec26\" data-element_type=\"container\" data-e-type=\"container\" data-settings=\"{&quot;background_background&quot;:&quot;classic&quot;}\">\n\t\t\t\t\t<div class=\"e-con-inner\">\n\t\t\t\t\t<\/div>\n\t\t\t\t<\/div>\n\t\t<div class=\"elementor-element elementor-element-5ba642b e-flex e-con-boxed e-con e-parent\" data-id=\"5ba642b\" data-element_type=\"container\" data-e-type=\"container\">\n\t\t\t\t\t<div class=\"e-con-inner\">\n\t\t\t\t<div class=\"elementor-element elementor-element-cd1fd5f elementor-widget elementor-widget-heading\" data-id=\"cd1fd5f\" data-element_type=\"widget\" data-e-type=\"widget\" data-widget_type=\"heading.default\">\n\t\t\t\t\t<h2 class=\"elementor-heading-title elementor-size-default\">\u00c4RNI BLUM Stuudiopood<\/h2>\t\t\t\t<\/div>\n\t\t\t\t<div class=\"elementor-element elementor-element-97dfb44 elementor-widget elementor-widget-text-editor\" data-id=\"97dfb44\" data-element_type=\"widget\" data-e-type=\"widget\" data-widget_type=\"text-editor.default\">\n\t\t\t\t\t\t\t\t\t<p><span data-sheets-root=\"1\">Telliskivi \u00c4RNI BLUM stuudiopood on koht, kus br\u00e4ndi l\u00e4hedalt kogeda \u2013 iga toodet katsuda, proovida ja tunda.<\/span><\/p><p>Rohkem kui pood, see on ruum, kus kohtuvad inimesed, ideed ja loovus. Koht, kuhu tulla tagasi \u2013 \u00fcksi v\u00f5i koos, et avastada v\u00f5i lihtsalt inspiratsiooni saada.<\/p><p>Siit leiad meie laiema valiku kudumeid, sealhulgas ainulaadseid esemeid ja erilisi stiile, mida veebis ei ole. See on ka koht, kus arutada isiklikke eelistusi ja uurida kohandamisv\u00f5imalusi.<\/p><p>Stuudio on avatud kogunemisteks ja \u00fcritusteks.<br \/>Koost\u00f6\u00f6 v\u00f5i era\u00fcrituste korral v\u00f5tke meiega julgelt \u00fchendust.<\/p>\t\t\t\t\t\t\t\t<\/div>\n\t\t\t\t\t<\/div>\n\t\t\t\t<\/div>\n\t\t<div class=\"elementor-element elementor-element-f16cab0 e-con-full e-flex e-con e-parent\" data-id=\"f16cab0\" data-element_type=\"container\" data-e-type=\"container\">\n\t\t<div class=\"elementor-element elementor-element-3b13a8d e-con-full e-flex e-con e-child\" data-id=\"3b13a8d\" data-element_type=\"container\" data-e-type=\"container\">\n\t\t\t\t<div class=\"elementor-element elementor-element-46ec916 elementor-widget elementor-widget-heading\" data-id=\"46ec916\" data-element_type=\"widget\" data-e-type=\"widget\" data-widget_type=\"heading.default\">\n\t\t\t\t\t<h2 class=\"elementor-heading-title elementor-size-default\">Asukoht<\/h2>\t\t\t\t<\/div>\n\t\t\t\t<div class=\"elementor-element elementor-element-b034bdd elementor-widget elementor-widget-text-editor\" data-id=\"b034bdd\" data-element_type=\"widget\" data-e-type=\"widget\" data-widget_type=\"text-editor.default\">\n\t\t\t\t\t\t\t\t\t<p><span data-sheets-root=\"1\">Telliskivi 60a\/5, Tallinn 10412 (Fotografiska vastas)<\/span><\/p>\t\t\t\t\t\t\t\t<\/div>\n\t\t\t\t<div class=\"elementor-element elementor-element-0cf2ab4 elementor-widget elementor-widget-button\" data-id=\"0cf2ab4\" data-element_type=\"widget\" data-e-type=\"widget\" data-widget_type=\"button.default\">\n\t\t\t\t\t\t\t\t\t\t<a class=\"elementor-button elementor-button-link elementor-size-sm\" href=\"https:\/\/maps.app.goo.gl\/jpHDLuifBmYycccZA\">\n\t\t\t\t\t\t<span class=\"elementor-button-content-wrapper\">\n\t\t\t\t\t\t\t\t\t<span class=\"elementor-button-text\">JUHISED<\/span>\n\t\t\t\t\t<\/span>\n\t\t\t\t\t<\/a>\n\t\t\t\t\t\t\t\t<\/div>\n\t\t\t\t<\/div>\n\t\t\t\t<div class=\"elementor-element elementor-element-44e7e4e elementor-widget elementor-widget-google_maps\" data-id=\"44e7e4e\" data-element_type=\"widget\" data-e-type=\"widget\" data-widget_type=\"google_maps.default\">\n\t\t\t\t\t\t\t<div class=\"elementor-custom-embed\">\n\t\t\t<iframe loading=\"lazy\"\n\t\t\t\t\tsrc=\"https:\/\/maps.google.com\/maps?q=%C3%84rni%20blum%20stuudiopood&#038;t=m&#038;z=17&#038;output=embed&#038;iwloc=near\"\n\t\t\t\t\ttitle=\"\u00c4rni Blum Stuudiopood\"\n\t\t\t\t\taria-label=\"\u00c4rni Blum Stuudiopood\"\n\t\t\t><\/iframe>\n\t\t<\/div>\n\t\t\t\t\t\t<\/div>\n\t\t\t\t<\/div>\n\t\t<div class=\"elementor-element elementor-element-4f1d349 e-con-full e-flex e-con e-parent\" data-id=\"4f1d349\" data-element_type=\"container\" data-e-type=\"container\">\n\t\t\t\t<div class=\"elementor-element elementor-element-b7fdd26 elementor-widget elementor-widget-heading\" data-id=\"b7fdd26\" data-element_type=\"widget\" data-e-type=\"widget\" data-widget_type=\"heading.default\">\n\t\t\t\t\t<h2 class=\"elementor-heading-title elementor-size-default\">Edasim\u00fc\u00fcjad<\/h2>\t\t\t\t<\/div>\n\t\t\t\t<\/div>\n\t\t<div class=\"elementor-element elementor-element-8c5131b e-con-full e-flex e-con e-parent\" data-id=\"8c5131b\" data-element_type=\"container\" data-e-type=\"container\">\n\t\t<a class=\"elementor-element elementor-element-467eeaf e-con-full e-flex e-con e-child\" data-id=\"467eeaf\" data-element_type=\"container\" data-e-type=\"container\" href=\"https:\/\/www.kaubamaja.ee\/brandid\/arni-blum\">\n\t\t\t\t<div class=\"elementor-element elementor-element-bf66689 elementor-widget elementor-widget-heading\" data-id=\"bf66689\" data-element_type=\"widget\" data-e-type=\"widget\" data-widget_type=\"heading.default\">\n\t\t\t\t\t<h2 class=\"elementor-heading-title elementor-size-default\">Tallinna Kaubamaja<\/h2>\t\t\t\t<\/div>\n\t\t\t\t<div class=\"elementor-element elementor-element-0e20512 elementor-widget elementor-widget-heading\" data-id=\"0e20512\" data-element_type=\"widget\" data-e-type=\"widget\" data-widget_type=\"heading.default\">\n\t\t\t\t\t<h2 class=\"elementor-heading-title elementor-size-default\">Gonsiori 2, Tallinn<\/h2>\t\t\t\t<\/div>\n\t\t\t\t<\/a>\n\t\t<a class=\"elementor-element elementor-element-bc8cd24 e-con-full e-flex e-con e-child\" data-id=\"bc8cd24\" data-element_type=\"container\" data-e-type=\"container\" href=\"https:\/\/tallinndesignhouse.com\/en\/brands\/arni-blum\/\">\n\t\t\t\t<div class=\"elementor-element elementor-element-d4878d0 elementor-widget elementor-widget-heading\" data-id=\"d4878d0\" data-element_type=\"widget\" data-e-type=\"widget\" data-widget_type=\"heading.default\">\n\t\t\t\t\t<h2 class=\"elementor-heading-title elementor-size-default\">Tallinna Disainimaja<\/h2>\t\t\t\t<\/div>\n\t\t\t\t<div class=\"elementor-element elementor-element-a029fce elementor-widget elementor-widget-heading\" data-id=\"a029fce\" data-element_type=\"widget\" data-e-type=\"widget\" data-widget_type=\"heading.default\">\n\t\t\t\t\t<h2 class=\"elementor-heading-title elementor-size-default\">Rotermanni 14, Tallinn<\/h2>\t\t\t\t<\/div>\n\t\t\t\t<\/a>\n\t\t<a class=\"elementor-element elementor-element-5c3641a e-con-full e-flex e-con e-child\" data-id=\"5c3641a\" data-element_type=\"container\" data-e-type=\"container\" href=\"https:\/\/www.estoniandesignhouse.ee\/cat\/disainerid\/\">\n\t\t\t\t<div class=\"elementor-element elementor-element-87ef9ec elementor-widget elementor-widget-heading\" data-id=\"87ef9ec\" data-element_type=\"widget\" data-e-type=\"widget\" data-widget_type=\"heading.default\">\n\t\t\t\t\t<h2 class=\"elementor-heading-title elementor-size-default\">Eesti Disainimaja<\/h2>\t\t\t\t<\/div>\n\t\t\t\t<div class=\"elementor-element elementor-element-bf3516b elementor-widget elementor-widget-heading\" data-id=\"bf3516b\" data-element_type=\"widget\" data-e-type=\"widget\" data-widget_type=\"heading.default\">\n\t\t\t\t\t<h2 class=\"elementor-heading-title elementor-size-default\">Solarise Keskus, Tallinn<\/h2>\t\t\t\t<\/div>\n\t\t\t\t<\/a>\n\t\t<a class=\"elementor-element elementor-element-8427a59 e-con-full e-flex e-con e-child\" data-id=\"8427a59\" data-element_type=\"container\" data-e-type=\"container\" href=\"https:\/\/pallopsoni.com\/\">\n\t\t\t\t<div class=\"elementor-element elementor-element-d572757 elementor-widget elementor-widget-heading\" data-id=\"d572757\" data-element_type=\"widget\" data-e-type=\"widget\" data-widget_type=\"heading.default\">\n\t\t\t\t\t<h2 class=\"elementor-heading-title elementor-size-default\">Pallopsoni disainipood<\/h2>\t\t\t\t<\/div>\n\t\t\t\t<div class=\"elementor-element elementor-element-6af3ff8 elementor-widget elementor-widget-heading\" data-id=\"6af3ff8\" data-element_type=\"widget\" data-e-type=\"widget\" data-widget_type=\"heading.default\">\n\t\t\t\t\t<h2 class=\"elementor-heading-title elementor-size-default\">Kauba 1, Kuressaare<\/h2>\t\t\t\t<\/div>\n\t\t\t\t<\/a>\n\t\t<a class=\"elementor-element elementor-element-c02d8c8 e-con-full e-flex e-con e-child\" data-id=\"c02d8c8\" data-element_type=\"container\" data-e-type=\"container\" href=\"https:\/\/siluettpood.ee\/en\/\">\n\t\t\t\t<div class=\"elementor-element elementor-element-f32055f elementor-widget elementor-widget-heading\" data-id=\"f32055f\" data-element_type=\"widget\" data-e-type=\"widget\" data-widget_type=\"heading.default\">\n\t\t\t\t\t<h2 class=\"elementor-heading-title elementor-size-default\">Siluett Estonian Design Shop<\/h2>\t\t\t\t<\/div>\n\t\t\t\t<div class=\"elementor-element elementor-element-eb5b448 elementor-widget elementor-widget-heading\" data-id=\"eb5b448\" data-element_type=\"widget\" data-e-type=\"widget\" data-widget_type=\"heading.default\">\n\t\t\t\t\t<h2 class=\"elementor-heading-title elementor-size-default\">R\u00fc\u00fctli 28, P\u00e4rnu<\/h2>\t\t\t\t<\/div>\n\t\t\t\t<\/a>\n\t\t<a class=\"elementor-element elementor-element-0ae8a67 e-con-full e-flex e-con e-child\" data-id=\"0ae8a67\" data-element_type=\"container\" data-e-type=\"container\" href=\"https:\/\/www.erm.ee\/en\/\">\n\t\t\t\t<div class=\"elementor-element elementor-element-fdaabc7 elementor-widget elementor-widget-heading\" data-id=\"fdaabc7\" data-element_type=\"widget\" data-e-type=\"widget\" data-widget_type=\"heading.default\">\n\t\t\t\t\t<h2 class=\"elementor-heading-title elementor-size-default\">ERM<\/h2>\t\t\t\t<\/div>\n\t\t\t\t<div class=\"elementor-element elementor-element-d28a4c3 elementor-widget elementor-widget-heading\" data-id=\"d28a4c3\" data-element_type=\"widget\" data-e-type=\"widget\" data-widget_type=\"heading.default\">\n\t\t\t\t\t<h2 class=\"elementor-heading-title elementor-size-default\">Muuseumi 2, Tartu<\/h2>\t\t\t\t<\/div>\n\t\t\t\t<\/a>\n\t\t<a class=\"elementor-element elementor-element-6ee0968 e-con-full e-flex e-con e-child\" data-id=\"6ee0968\" data-element_type=\"container\" data-e-type=\"container\" href=\"https:\/\/asaspa.ee\/en\/\">\n\t\t\t\t<div class=\"elementor-element elementor-element-9126763 elementor-widget elementor-widget-heading\" data-id=\"9126763\" data-element_type=\"widget\" data-e-type=\"widget\" data-widget_type=\"heading.default\">\n\t\t\t\t\t<h2 class=\"elementor-heading-title elementor-size-default\">Aspa Spa Hotell<\/h2>\t\t\t\t<\/div>\n\t\t\t\t<div class=\"elementor-element elementor-element-85e93bc elementor-widget elementor-widget-heading\" data-id=\"85e93bc\" data-element_type=\"widget\" data-e-type=\"widget\" data-widget_type=\"heading.default\">\n\t\t\t\t\t<h2 class=\"elementor-heading-title elementor-size-default\">Pargi 12, Kuressaare<\/h2>\t\t\t\t<\/div>\n\t\t\t\t<\/a>\n\t\t<a class=\"elementor-element elementor-element-5ec493f e-con-full e-flex e-con e-child\" data-id=\"5ec493f\" data-element_type=\"container\" data-e-type=\"container\" href=\"https:\/\/hoppdisain.ee\/e-pood\">\n\t\t\t\t<div class=\"elementor-element elementor-element-746d2a0 elementor-widget elementor-widget-heading\" data-id=\"746d2a0\" data-element_type=\"widget\" data-e-type=\"widget\" data-widget_type=\"heading.default\">\n\t\t\t\t\t<h2 class=\"elementor-heading-title elementor-size-default\">Hopp Design<\/h2>\t\t\t\t<\/div>\n\t\t\t\t<div class=\"elementor-element elementor-element-469e0b5 elementor-widget elementor-widget-heading\" data-id=\"469e0b5\" data-element_type=\"widget\" data-e-type=\"widget\" data-widget_type=\"heading.default\">\n\t\t\t\t\t<h2 class=\"elementor-heading-title elementor-size-default\">K\u00fc\u00fcni 4, Tartu<\/h2>\t\t\t\t<\/div>\n\t\t\t\t<\/a>\n\t\t\t\t<\/div>\n\t\t\t\t<\/div>","protected":false},"excerpt":{"rendered":"<p>\u00c4RNI BLUM Studio store The \u00c4RNI BLUM studio store in Telliskivi is a place to experience the brand up close [&hellip;]<\/p>\n","protected":false},"author":1,"featured_media":0,"parent":0,"menu_order":0,"comment_status":"closed","ping_status":"closed","template":"","meta":{"_acf_changed":false,"site-sidebar-layout":"no-sidebar","site-content-layout":"","ast-site-content-layout":"full-width-container","site-content-style":"default","site-sidebar-style":"default","ast-global-header-display":"","ast-banner-title-visibility":"","ast-main-header-display":"","ast-hfb-above-header-display":"","ast-hfb-below-header-display":"","ast-hfb-mobile-header-display":"","site-post-title":"disabled","ast-breadcrumbs-content":"","ast-featured-img":"disabled","footer-sml-layout":"","ast-disable-related-posts":"","theme-transparent-header-meta":"","adv-header-id-meta":"","stick-header-meta":"","header-above-stick-meta":"","header-main-stick-meta":"","header-below-stick-meta":"","astra-migrate-meta-layouts":"default","ast-page-background-enabled":"default","ast-page-background-meta":{"desktop":{"background-color":"var(--ast-global-color-5)","background-image":"","background-repeat":"repeat","background-position":"center center","background-size":"auto","background-attachment":"scroll","background-type":"","background-media":"","overlay-type":"","overlay-color":"","overlay-opacity":"","overlay-gradient":""},"tablet":{"background-color":"","background-image":"","background-repeat":"repeat","background-position":"center center","background-size":"auto","background-attachment":"scroll","background-type":"","background-media":"","overlay-type":"","overlay-color":"","overlay-opacity":"","overlay-gradient":""},"mobile":{"background-color":"","background-image":"","background-repeat":"repeat","background-position":"center center","background-size":"auto","background-attachment":"scroll","background-type":"","background-media":"","overlay-type":"","overlay-color":"","overlay-opacity":"","overlay-gradient":""}},"ast-content-background-meta":{"desktop":{"background-color":"var(--ast-global-color-4)","background-image":"","background-repeat":"repeat","background-position":"center center","background-size":"auto","background-attachment":"scroll","background-type":"","background-media":"","overlay-type":"","overlay-color":"","overlay-opacity":"","overlay-gradient":""},"tablet":{"background-color":"var(--ast-global-color-4)","background-image":"","background-repeat":"repeat","background-position":"center center","background-size":"auto","background-attachment":"scroll","background-type":"","background-media":"","overlay-type":"","overlay-color":"","overlay-opacity":"","overlay-gradient":""},"mobile":{"background-color":"var(--ast-global-color-4)","background-image":"","background-repeat":"repeat","background-position":"center center","background-size":"auto","background-attachment":"scroll","background-type":"","background-media":"","overlay-type":"","overlay-color":"","overlay-opacity":"","overlay-gradient":""}},"footnotes":""},"class_list":["post-17881","page","type-page","status-publish","hentry"],"acf":[],"yoast_head":"<!-- This site is optimized with the Yoast SEO plugin v27.4 - https:\/\/yoast.com\/product\/yoast-seo-wordpress\/ -->\n<title>Stores | \u00c4rni Blum<\/title>\n<meta name=\"robots\" content=\"index, follow, max-snippet:-1, max-image-preview:large, max-video-preview:-1\" \/>\n<link rel=\"canonical\" href=\"https:\/\/arniblum.com\/et\/arniblum\/et\/poed\/\" \/>\n<meta property=\"og:locale\" content=\"et_EE\" \/>\n<meta property=\"og:type\" content=\"article\" \/>\n<meta property=\"og:title\" content=\"Stores | \u00c4rni Blum\" \/>\n<meta property=\"og:description\" content=\"\u00c4RNI BLUM Studio store The \u00c4RNI BLUM studio store in Telliskivi is a place to experience the brand up close [&hellip;]\" \/>\n<meta property=\"og:url\" content=\"https:\/\/arniblum.com\/et\/arniblum\/et\/poed\/\" \/>\n<meta property=\"og:site_name\" content=\"\u00c4rni Blum\" \/>\n<meta property=\"article:publisher\" content=\"https:\/\/www.facebook.com\/arniblum\" \/>\n<meta property=\"article:modified_time\" content=\"2026-04-13T20:34:51+00:00\" \/>\n<meta name=\"twitter:card\" content=\"summary_large_image\" \/>\n<script type=\"application\/ld+json\" class=\"yoast-schema-graph\">{\"@context\":\"https:\\\/\\\/schema.org\",\"@graph\":[{\"@type\":\"WebPage\",\"@id\":\"https:\\\/\\\/arniblum.com\\\/arniblum\\\/et\\\/stores\\\/\",\"url\":\"https:\\\/\\\/arniblum.com\\\/arniblum\\\/et\\\/stores\\\/\",\"name\":\"Stores | \u00c4rni Blum\",\"isPartOf\":{\"@id\":\"https:\\\/\\\/arniblum.com\\\/arniblum\\\/#website\"},\"datePublished\":\"2026-03-26T18:07:29+00:00\",\"dateModified\":\"2026-04-13T20:34:51+00:00\",\"breadcrumb\":{\"@id\":\"https:\\\/\\\/arniblum.com\\\/arniblum\\\/et\\\/stores\\\/#breadcrumb\"},\"inLanguage\":\"et\",\"potentialAction\":[{\"@type\":\"ReadAction\",\"target\":[\"https:\\\/\\\/arniblum.com\\\/arniblum\\\/et\\\/stores\\\/\"]}]},{\"@type\":\"BreadcrumbList\",\"@id\":\"https:\\\/\\\/arniblum.com\\\/arniblum\\\/et\\\/stores\\\/#breadcrumb\",\"itemListElement\":[{\"@type\":\"ListItem\",\"position\":1,\"name\":\"Home\",\"item\":\"https:\\\/\\\/arniblum.com\\\/\"},{\"@type\":\"ListItem\",\"position\":2,\"name\":\"Stores\"}]},{\"@type\":\"WebSite\",\"@id\":\"https:\\\/\\\/arniblum.com\\\/arniblum\\\/#website\",\"url\":\"https:\\\/\\\/arniblum.com\\\/arniblum\\\/\",\"name\":\"\u00c4rni Blum\",\"description\":\"Sustainable knits to survive Scandinavian crispy weather!\",\"publisher\":{\"@id\":\"https:\\\/\\\/arniblum.com\\\/arniblum\\\/#organization\"},\"alternateName\":\"\u00c4rni Blum O\u00dc\",\"potentialAction\":[{\"@type\":\"SearchAction\",\"target\":{\"@type\":\"EntryPoint\",\"urlTemplate\":\"https:\\\/\\\/arniblum.com\\\/arniblum\\\/?s={search_term_string}\"},\"query-input\":{\"@type\":\"PropertyValueSpecification\",\"valueRequired\":true,\"valueName\":\"search_term_string\"}}],\"inLanguage\":\"et\"},{\"@type\":\"Organization\",\"@id\":\"https:\\\/\\\/arniblum.com\\\/arniblum\\\/#organization\",\"name\":\"\u00c4rni Blum O\u00dc\",\"alternateName\":\"\u00c4rni Blum\",\"url\":\"https:\\\/\\\/arniblum.com\\\/arniblum\\\/\",\"logo\":{\"@type\":\"ImageObject\",\"inLanguage\":\"et\",\"@id\":\"https:\\\/\\\/arniblum.com\\\/arniblum\\\/#\\\/schema\\\/logo\\\/image\\\/\",\"url\":\"https:\\\/\\\/arniblum.com\\\/wp-content\\\/uploads\\\/2026\\\/03\\\/Arni-Blum-logotype_katse-1.svg\",\"contentUrl\":\"https:\\\/\\\/arniblum.com\\\/wp-content\\\/uploads\\\/2026\\\/03\\\/Arni-Blum-logotype_katse-1.svg\",\"width\":1406,\"height\":313,\"caption\":\"\u00c4rni Blum O\u00dc\"},\"image\":{\"@id\":\"https:\\\/\\\/arniblum.com\\\/arniblum\\\/#\\\/schema\\\/logo\\\/image\\\/\"},\"sameAs\":[\"https:\\\/\\\/www.facebook.com\\\/arniblum\",\"https:\\\/\\\/www.instagram.com\\\/arniblum\\\/\"]}]}<\/script>\n<!-- \/ Yoast SEO plugin. -->","yoast_head_json":{"title":"Poed | \u00c4rni Blum","robots":{"index":"index","follow":"follow","max-snippet":"max-snippet:-1","max-image-preview":"max-image-preview:large","max-video-preview":"max-video-preview:-1"},"canonical":"https:\/\/arniblum.com\/et\/arniblum\/et\/poed\/","og_locale":"et_EE","og_type":"article","og_title":"Stores | \u00c4rni Blum","og_description":"\u00c4RNI BLUM Studio store The \u00c4RNI BLUM studio store in Telliskivi is a place to experience the brand up close [&hellip;]","og_url":"https:\/\/arniblum.com\/et\/arniblum\/et\/poed\/","og_site_name":"\u00c4rni Blum","article_publisher":"https:\/\/www.facebook.com\/arniblum","article_modified_time":"2026-04-13T20:34:51+00:00","twitter_card":"summary_large_image","schema":{"@context":"https:\/\/schema.org","@graph":[{"@type":"WebPage","@id":"https:\/\/arniblum.com\/arniblum\/et\/stores\/","url":"https:\/\/arniblum.com\/arniblum\/et\/stores\/","name":"Poed | \u00c4rni Blum","isPartOf":{"@id":"https:\/\/arniblum.com\/arniblum\/#website"},"datePublished":"2026-03-26T18:07:29+00:00","dateModified":"2026-04-13T20:34:51+00:00","breadcrumb":{"@id":"https:\/\/arniblum.com\/arniblum\/et\/stores\/#breadcrumb"},"inLanguage":"et","potentialAction":[{"@type":"ReadAction","target":["https:\/\/arniblum.com\/arniblum\/et\/stores\/"]}]},{"@type":"BreadcrumbList","@id":"https:\/\/arniblum.com\/arniblum\/et\/stores\/#breadcrumb","itemListElement":[{"@type":"ListItem","position":1,"name":"Home","item":"https:\/\/arniblum.com\/"},{"@type":"ListItem","position":2,"name":"Stores"}]},{"@type":"WebSite","@id":"https:\/\/arniblum.com\/arniblum\/#website","url":"https:\/\/arniblum.com\/arniblum\/","name":"\u00c4rni Blum","description":"J\u00e4tkusuutlikud kudumid Skandinaavia karmiks ilmastikuks!","publisher":{"@id":"https:\/\/arniblum.com\/arniblum\/#organization"},"alternateName":"\u00c4rni Blum O\u00dc","potentialAction":[{"@type":"SearchAction","target":{"@type":"EntryPoint","urlTemplate":"https:\/\/arniblum.com\/arniblum\/?s={search_term_string}"},"query-input":{"@type":"PropertyValueSpecification","valueRequired":true,"valueName":"search_term_string"}}],"inLanguage":"et"},{"@type":"Organization","@id":"https:\/\/arniblum.com\/arniblum\/#organization","name":"\u00c4rni Blum O\u00dc","alternateName":"\u00c4rni Blum","url":"https:\/\/arniblum.com\/arniblum\/","logo":{"@type":"ImageObject","inLanguage":"et","@id":"https:\/\/arniblum.com\/arniblum\/#\/schema\/logo\/image\/","url":"https:\/\/arniblum.com\/wp-content\/uploads\/2026\/03\/Arni-Blum-logotype_katse-1.svg","contentUrl":"https:\/\/arniblum.com\/wp-content\/uploads\/2026\/03\/Arni-Blum-logotype_katse-1.svg","width":1406,"height":313,"caption":"\u00c4rni Blum O\u00dc"},"image":{"@id":"https:\/\/arniblum.com\/arniblum\/#\/schema\/logo\/image\/"},"sameAs":["https:\/\/www.facebook.com\/arniblum","https:\/\/www.instagram.com\/arniblum\/"]}]}},"_links":{"self":[{"href":"https:\/\/arniblum.com\/et\/wp-json\/wp\/v2\/pages\/17881","targetHints":{"allow":["GET"]}}],"collection":[{"href":"https:\/\/arniblum.com\/et\/wp-json\/wp\/v2\/pages"}],"about":[{"href":"https:\/\/arniblum.com\/et\/wp-json\/wp\/v2\/types\/page"}],"author":[{"embeddable":true,"href":"https:\/\/arniblum.com\/et\/wp-json\/wp\/v2\/users\/1"}],"replies":[{"embeddable":true,"href":"https:\/\/arniblum.com\/et\/wp-json\/wp\/v2\/comments?post=17881"}],"version-history":[{"count":5,"href":"https:\/\/arniblum.com\/et\/wp-json\/wp\/v2\/pages\/17881\/revisions"}],"predecessor-version":[{"id":18886,"href":"https:\/\/arniblum.com\/et\/wp-json\/wp\/v2\/pages\/17881\/revisions\/18886"}],"wp:attachment":[{"href":"https:\/\/arniblum.com\/et\/wp-json\/wp\/v2\/media?parent=17881"}],"curies":[{"name":"wp","href":"https:\/\/api.w.org\/{rel}","templated":true}]}}