{"id":18960,"date":"2026-04-14T09:51:35","date_gmt":"2026-04-14T09:51:35","guid":{"rendered":"https:\/\/arniblum.com\/arniblum\/?page_id=18960"},"modified":"2026-04-14T10:02:12","modified_gmt":"2026-04-14T10:02:12","slug":"kudumi-hooldusteenus","status":"publish","type":"page","link":"https:\/\/arniblum.com\/et\/knit-service\/","title":{"rendered":"Kudumisteenus"},"content":{"rendered":"<div data-elementor-type=\"wp-page\" data-elementor-id=\"18960\" class=\"elementor elementor-18960\" data-elementor-post-type=\"page\">\n\t\t\t\t<div class=\"elementor-element elementor-element-2876361 e-flex e-con-boxed e-con e-parent\" data-id=\"2876361\" data-element_type=\"container\" data-e-type=\"container\" data-settings=\"{&quot;background_background&quot;:&quot;classic&quot;}\">\n\t\t\t\t\t<div class=\"e-con-inner\">\n\t\t\t\t<div class=\"elementor-element elementor-element-d0e18eb elementor-widget elementor-widget-heading\" data-id=\"d0e18eb\" data-element_type=\"widget\" data-e-type=\"widget\" data-widget_type=\"heading.default\">\n\t\t\t\t\t<h2 class=\"elementor-heading-title elementor-size-default\">KUDUMI HOOLDUS<\/h2>\t\t\t\t<\/div>\n\t\t\t\t\t<\/div>\n\t\t\t\t<\/div>\n\t\t<div class=\"elementor-element elementor-element-63acd59 e-flex e-con-boxed e-con e-parent\" data-id=\"63acd59\" data-element_type=\"container\" data-e-type=\"container\">\n\t\t\t\t\t<div class=\"e-con-inner\">\n\t\t<div class=\"elementor-element elementor-element-a9ac8e3 e-con-full e-flex e-con e-child\" data-id=\"a9ac8e3\" data-element_type=\"container\" data-e-type=\"container\">\n\t\t\t\t<div class=\"elementor-element elementor-element-53ee7df elementor-widget elementor-widget-text-editor\" data-id=\"53ee7df\" data-element_type=\"widget\" data-e-type=\"widget\" data-widget_type=\"text-editor.default\">\n\t\t\t\t\t\t\t\t\t<p>\u00c4rni Blum pakub n\u00fc\u00fcd ka teie kootud esemete hooldusteenust. Miks muretseda oma kootud esemete eest hoolitsemise p\u00e4rast, kui meie professionaalne kootud esemete hooldusteenus on siin teie kootud esemete eest hoolitsemiseks? Meie eesm\u00e4rk on muuta teie elu lihtsamaks ja tagada, et teie kootud esemed n\u00e4eksid alati v\u00e4lja nagu uued. Siin on m\u00f5ned p\u00f5hjused, miks valida meie kootud esemete hooldusteenus:<\/p><p><strong>Eksperdi teadmised<\/strong>me teame, kuidas erinevat kudumit \u00f5rnalt, t\u00f5husalt ja professionaalselt hooldada.<\/p><p><strong>S\u00e4\u00e4sta aega<\/strong>Kudumite hooldusteenus s\u00e4\u00e4stab teie aega, mida muidu kulutaksite k\u00e4sitsi pesemisele, kuivatamisele ja triikimisele.<\/p><p><strong>Eri vajadustega toimetulek<\/strong>Erinevad kootud esemed vajavad erilist t\u00e4helepanu ja hoolt. Meie teenus on kohandatud iga kootud eseme vajadustele, tagades optimaalse hoolduse ilma muretsemata kahjustuste v\u00f5i v\u00e4rvimuutuste p\u00e4rast.<\/p><p><strong>Pikaajaline s\u00e4ilitamine<\/strong>Professionaalne hooldus pikendab teie kootud esemete eluiga. \u00d5iged pesemis- ja hooldusmeetodid aitavad s\u00e4ilitada teie kootud esemete kuju, v\u00e4rvi ja tekstuuri, tagades, et need n\u00e4evad kauem v\u00e4rsked v\u00e4lja.<\/p><p><strong>Erisainete eemaldamise teenused<\/strong>: Kui teie kootud r\u00f5ival on plekk, \u00e4rge muretsege! Pakume spetsiaalseid plekieemaldusteenuseid, et teie kootud r\u00f5ivad n\u00e4eksid laitmatud v\u00e4lja.<\/p>\t\t\t\t\t\t\t\t<\/div>\n\t\t\t\t<\/div>\n\t\t<div class=\"elementor-element elementor-element-373ad9c e-con-full e-flex e-con e-child\" data-id=\"373ad9c\" data-element_type=\"container\" data-e-type=\"container\">\n\t\t\t\t<div class=\"elementor-element elementor-element-722b86b elementor-widget elementor-widget-image\" data-id=\"722b86b\" data-element_type=\"widget\" data-e-type=\"widget\" data-widget_type=\"image.default\">\n\t\t\t\t\t\t\t\t\t\t\t\t\t\t\t<img fetchpriority=\"high\" decoding=\"async\" width=\"683\" height=\"1024\" src=\"https:\/\/arniblum.com\/wp-content\/uploads\/2026\/04\/Valge-Coco-kampsun-683x1024.jpg\" class=\"attachment-large size-large wp-image-18962\" alt=\"\" srcset=\"https:\/\/arniblum.com\/wp-content\/uploads\/2026\/04\/Valge-Coco-kampsun-683x1024.jpg 683w, https:\/\/arniblum.com\/wp-content\/uploads\/2026\/04\/Valge-Coco-kampsun-200x300.jpg 200w, https:\/\/arniblum.com\/wp-content\/uploads\/2026\/04\/Valge-Coco-kampsun-768x1152.jpg 768w, https:\/\/arniblum.com\/wp-content\/uploads\/2026\/04\/Valge-Coco-kampsun-1024x1536.jpg 1024w, https:\/\/arniblum.com\/wp-content\/uploads\/2026\/04\/Valge-Coco-kampsun-600x900.jpg 600w, https:\/\/arniblum.com\/wp-content\/uploads\/2026\/04\/Valge-Coco-kampsun.jpg 1035w\" sizes=\"(max-width: 683px) 100vw, 683px\" \/>\t\t\t\t\t\t\t\t\t\t\t\t\t\t\t<\/div>\n\t\t\t\t<\/div>\n\t\t\t\t\t<\/div>\n\t\t\t\t<\/div>\n\t\t<div class=\"elementor-element elementor-element-a59a4b9 e-flex e-con-boxed e-con e-parent\" data-id=\"a59a4b9\" data-element_type=\"container\" data-e-type=\"container\">\n\t\t\t\t\t<div class=\"e-con-inner\">\n\t\t\t\t<div class=\"elementor-element elementor-element-68d0ebf elementor-widget elementor-widget-text-editor\" data-id=\"68d0ebf\" data-element_type=\"widget\" data-e-type=\"widget\" data-widget_type=\"text-editor.default\">\n\t\t\t\t\t\t\t\t\t<p>L\u00f5petage \u00c4rni Blum kootud esemete kodune hooldamine ja usaldage see meile. \u00c4rni Blum kootud esemed v\u00e4\u00e4rtustavad parimat ning meie eesm\u00e4rk on just seda pakkuda. Valige meie kootud esemete hooldusteenus ja laske meil s\u00e4ilitada teie lemmikkootud esemete ilu ja v\u00e4rske v\u00e4limus!<\/p><p>Hooldusteenuste hinnakiri on varsti tulemas. Seniks v\u00f5tke meiega \u00fchendust: <a href=\"mailto:info@arniblum.com\">info@arniblum.com<\/a> ja leiame parima viisi teie armastatud kootud esemete eest hoolitsemiseks.<\/p><p>Kui otsustate siiski kodus oma kudumeid ise hooldada, siis pidage meeles tootega kaasas olevaid hooldusjuhiseid v\u00f5i lugege meie soovitusi siit: <a href=\"https:\/\/arniblum.com\/et\/kudumi-hooldus\/\">https:\/\/arniblum.com\/knitcare\/<\/a>.<\/p>\t\t\t\t\t\t\t\t<\/div>\n\t\t\t\t\t<\/div>\n\t\t\t\t<\/div>\n\t\t\t\t<\/div>","protected":false},"excerpt":{"rendered":"<p>KNIT CARE SERVICE \u00c4rni Blum now also offers a service for your knitwear. Why worry about caring for your knitwear [&hellip;]<\/p>\n","protected":false},"author":1,"featured_media":0,"parent":0,"menu_order":0,"comment_status":"closed","ping_status":"closed","template":"","meta":{"_acf_changed":false,"site-sidebar-layout":"no-sidebar","site-content-layout":"","ast-site-content-layout":"full-width-container","site-content-style":"default","site-sidebar-style":"default","ast-global-header-display":"","ast-banner-title-visibility":"","ast-main-header-display":"","ast-hfb-above-header-display":"","ast-hfb-below-header-display":"","ast-hfb-mobile-header-display":"","site-post-title":"disabled","ast-breadcrumbs-content":"","ast-featured-img":"disabled","footer-sml-layout":"","ast-disable-related-posts":"","theme-transparent-header-meta":"","adv-header-id-meta":"","stick-header-meta":"","header-above-stick-meta":"","header-main-stick-meta":"","header-below-stick-meta":"","astra-migrate-meta-layouts":"default","ast-page-background-enabled":"default","ast-page-background-meta":{"desktop":{"background-color":"var(--ast-global-color-5)","background-image":"","background-repeat":"repeat","background-position":"center center","background-size":"auto","background-attachment":"scroll","background-type":"","background-media":"","overlay-type":"","overlay-color":"","overlay-opacity":"","overlay-gradient":""},"tablet":{"background-color":"","background-image":"","background-repeat":"repeat","background-position":"center center","background-size":"auto","background-attachment":"scroll","background-type":"","background-media":"","overlay-type":"","overlay-color":"","overlay-opacity":"","overlay-gradient":""},"mobile":{"background-color":"","background-image":"","background-repeat":"repeat","background-position":"center center","background-size":"auto","background-attachment":"scroll","background-type":"","background-media":"","overlay-type":"","overlay-color":"","overlay-opacity":"","overlay-gradient":""}},"ast-content-background-meta":{"desktop":{"background-color":"var(--ast-global-color-4)","background-image":"","background-repeat":"repeat","background-position":"center center","background-size":"auto","background-attachment":"scroll","background-type":"","background-media":"","overlay-type":"","overlay-color":"","overlay-opacity":"","overlay-gradient":""},"tablet":{"background-color":"var(--ast-global-color-4)","background-image":"","background-repeat":"repeat","background-position":"center center","background-size":"auto","background-attachment":"scroll","background-type":"","background-media":"","overlay-type":"","overlay-color":"","overlay-opacity":"","overlay-gradient":""},"mobile":{"background-color":"var(--ast-global-color-4)","background-image":"","background-repeat":"repeat","background-position":"center center","background-size":"auto","background-attachment":"scroll","background-type":"","background-media":"","overlay-type":"","overlay-color":"","overlay-opacity":"","overlay-gradient":""}},"footnotes":""},"class_list":["post-18960","page","type-page","status-publish","hentry"],"acf":[],"yoast_head":"<!-- This site is optimized with the Yoast SEO plugin v27.4 - https:\/\/yoast.com\/product\/yoast-seo-wordpress\/ -->\n<title>Knit service | \u00c4rni Blum<\/title>\n<meta name=\"robots\" content=\"index, follow, max-snippet:-1, max-image-preview:large, max-video-preview:-1\" \/>\n<link rel=\"canonical\" href=\"https:\/\/arniblum.com\/et\/kudumi-hooldusteenus\/\" \/>\n<meta property=\"og:locale\" content=\"et_EE\" \/>\n<meta property=\"og:type\" content=\"article\" \/>\n<meta property=\"og:title\" content=\"Knit service | \u00c4rni Blum\" \/>\n<meta property=\"og:description\" content=\"KNIT CARE SERVICE \u00c4rni Blum now also offers a service for your knitwear. Why worry about caring for your knitwear [&hellip;]\" \/>\n<meta property=\"og:url\" content=\"https:\/\/arniblum.com\/et\/kudumi-hooldusteenus\/\" \/>\n<meta property=\"og:site_name\" content=\"\u00c4rni Blum\" \/>\n<meta property=\"article:publisher\" content=\"https:\/\/www.facebook.com\/arniblum\" \/>\n<meta property=\"article:modified_time\" content=\"2026-04-14T10:02:12+00:00\" \/>\n<meta property=\"og:image\" content=\"https:\/\/arniblum.com\/arniblum\/wp-content\/uploads\/2026\/04\/Valge-Coco-kampsun-683x1024.jpg\" \/>\n<meta name=\"twitter:card\" content=\"summary_large_image\" \/>\n<meta name=\"twitter:label1\" content=\"Est. reading time\" \/>\n\t<meta name=\"twitter:data1\" content=\"1 minut\" \/>\n<script type=\"application\/ld+json\" class=\"yoast-schema-graph\">{\"@context\":\"https:\\\/\\\/schema.org\",\"@graph\":[{\"@type\":\"WebPage\",\"@id\":\"https:\\\/\\\/arniblum.com\\\/knit-service\\\/\",\"url\":\"https:\\\/\\\/arniblum.com\\\/knit-service\\\/\",\"name\":\"Knit service | \u00c4rni Blum\",\"isPartOf\":{\"@id\":\"\\\/#website\"},\"primaryImageOfPage\":{\"@id\":\"https:\\\/\\\/arniblum.com\\\/knit-service\\\/#primaryimage\"},\"image\":{\"@id\":\"https:\\\/\\\/arniblum.com\\\/knit-service\\\/#primaryimage\"},\"thumbnailUrl\":\"https:\\\/\\\/arniblum.com\\\/arniblum\\\/wp-content\\\/uploads\\\/2026\\\/04\\\/Valge-Coco-kampsun-683x1024.jpg\",\"datePublished\":\"2026-04-14T09:51:35+00:00\",\"dateModified\":\"2026-04-14T10:02:12+00:00\",\"breadcrumb\":{\"@id\":\"https:\\\/\\\/arniblum.com\\\/knit-service\\\/#breadcrumb\"},\"inLanguage\":\"et\",\"potentialAction\":[{\"@type\":\"ReadAction\",\"target\":[\"https:\\\/\\\/arniblum.com\\\/knit-service\\\/\"]}]},{\"@type\":\"ImageObject\",\"inLanguage\":\"et\",\"@id\":\"https:\\\/\\\/arniblum.com\\\/knit-service\\\/#primaryimage\",\"url\":\"https:\\\/\\\/arniblum.com\\\/arniblum\\\/wp-content\\\/uploads\\\/2026\\\/04\\\/Valge-Coco-kampsun-683x1024.jpg\",\"contentUrl\":\"https:\\\/\\\/arniblum.com\\\/arniblum\\\/wp-content\\\/uploads\\\/2026\\\/04\\\/Valge-Coco-kampsun-683x1024.jpg\"},{\"@type\":\"BreadcrumbList\",\"@id\":\"https:\\\/\\\/arniblum.com\\\/knit-service\\\/#breadcrumb\",\"itemListElement\":[{\"@type\":\"ListItem\",\"position\":1,\"name\":\"Home\",\"item\":\"https:\\\/\\\/arniblum.com\\\/\"},{\"@type\":\"ListItem\",\"position\":2,\"name\":\"Knit service\"}]},{\"@type\":\"WebSite\",\"@id\":\"\\\/#website\",\"url\":\"\\\/\",\"name\":\"\u00c4rni Blum\",\"description\":\"Sustainable knits to survive Scandinavian crispy weather!\",\"publisher\":{\"@id\":\"\\\/#organization\"},\"alternateName\":\"\u00c4rni Blum O\u00dc\",\"potentialAction\":[{\"@type\":\"SearchAction\",\"target\":{\"@type\":\"EntryPoint\",\"urlTemplate\":\"\\\/?s={search_term_string}\"},\"query-input\":{\"@type\":\"PropertyValueSpecification\",\"valueRequired\":true,\"valueName\":\"search_term_string\"}}],\"inLanguage\":\"et\"},{\"@type\":\"Organization\",\"@id\":\"\\\/#organization\",\"name\":\"\u00c4rni Blum O\u00dc\",\"alternateName\":\"\u00c4rni Blum\",\"url\":\"\\\/\",\"logo\":{\"@type\":\"ImageObject\",\"inLanguage\":\"et\",\"@id\":\"\\\/#\\\/schema\\\/logo\\\/image\\\/\",\"url\":\"https:\\\/\\\/arniblum.com\\\/wp-content\\\/uploads\\\/2026\\\/03\\\/Arni-Blum-logotype_katse-1.svg\",\"contentUrl\":\"https:\\\/\\\/arniblum.com\\\/wp-content\\\/uploads\\\/2026\\\/03\\\/Arni-Blum-logotype_katse-1.svg\",\"width\":1406,\"height\":313,\"caption\":\"\u00c4rni Blum O\u00dc\"},\"image\":{\"@id\":\"\\\/#\\\/schema\\\/logo\\\/image\\\/\"},\"sameAs\":[\"https:\\\/\\\/www.facebook.com\\\/arniblum\",\"https:\\\/\\\/www.instagram.com\\\/arniblum\\\/\"]}]}<\/script>\n<!-- \/ Yoast SEO plugin. -->","yoast_head_json":{"title":"Kudumisteenus | \u00c4rni Blum","robots":{"index":"index","follow":"follow","max-snippet":"max-snippet:-1","max-image-preview":"max-image-preview:large","max-video-preview":"max-video-preview:-1"},"canonical":"https:\/\/arniblum.com\/et\/kudumi-hooldusteenus\/","og_locale":"et_EE","og_type":"article","og_title":"Knit service | \u00c4rni Blum","og_description":"KNIT CARE SERVICE \u00c4rni Blum now also offers a service for your knitwear. Why worry about caring for your knitwear [&hellip;]","og_url":"https:\/\/arniblum.com\/et\/kudumi-hooldusteenus\/","og_site_name":"\u00c4rni Blum","article_publisher":"https:\/\/www.facebook.com\/arniblum","article_modified_time":"2026-04-14T10:02:12+00:00","og_image":[{"url":"https:\/\/arniblum.com\/arniblum\/wp-content\/uploads\/2026\/04\/Valge-Coco-kampsun-683x1024.jpg","type":"","width":"","height":""}],"twitter_card":"summary_large_image","twitter_misc":{"Est. reading time":"1 minut"},"schema":{"@context":"https:\/\/schema.org","@graph":[{"@type":"WebPage","@id":"https:\/\/arniblum.com\/knit-service\/","url":"https:\/\/arniblum.com\/knit-service\/","name":"Kudumisteenus | \u00c4rni Blum","isPartOf":{"@id":"\/#website"},"primaryImageOfPage":{"@id":"https:\/\/arniblum.com\/knit-service\/#primaryimage"},"image":{"@id":"https:\/\/arniblum.com\/knit-service\/#primaryimage"},"thumbnailUrl":"https:\/\/arniblum.com\/arniblum\/wp-content\/uploads\/2026\/04\/Valge-Coco-kampsun-683x1024.jpg","datePublished":"2026-04-14T09:51:35+00:00","dateModified":"2026-04-14T10:02:12+00:00","breadcrumb":{"@id":"https:\/\/arniblum.com\/knit-service\/#breadcrumb"},"inLanguage":"et","potentialAction":[{"@type":"ReadAction","target":["https:\/\/arniblum.com\/knit-service\/"]}]},{"@type":"ImageObject","inLanguage":"et","@id":"https:\/\/arniblum.com\/knit-service\/#primaryimage","url":"https:\/\/arniblum.com\/arniblum\/wp-content\/uploads\/2026\/04\/Valge-Coco-kampsun-683x1024.jpg","contentUrl":"https:\/\/arniblum.com\/arniblum\/wp-content\/uploads\/2026\/04\/Valge-Coco-kampsun-683x1024.jpg"},{"@type":"BreadcrumbList","@id":"https:\/\/arniblum.com\/knit-service\/#breadcrumb","itemListElement":[{"@type":"ListItem","position":1,"name":"Home","item":"https:\/\/arniblum.com\/"},{"@type":"ListItem","position":2,"name":"Knit service"}]},{"@type":"WebSite","@id":"\/#website","url":"\/","name":"\u00c4rni Blum","description":"J\u00e4tkusuutlikud kudumid Skandinaavia karmiks ilmastikuks!","publisher":{"@id":"\/#organization"},"alternateName":"\u00c4rni Blum O\u00dc","potentialAction":[{"@type":"SearchAction","target":{"@type":"EntryPoint","urlTemplate":"\/?s={search_term_string}"},"query-input":{"@type":"PropertyValueSpecification","valueRequired":true,"valueName":"search_term_string"}}],"inLanguage":"et"},{"@type":"Organization","@id":"\/#organization","name":"\u00c4rni Blum O\u00dc","alternateName":"\u00c4rni Blum","url":"\/","logo":{"@type":"ImageObject","inLanguage":"et","@id":"\/#\/schema\/logo\/image\/","url":"https:\/\/arniblum.com\/wp-content\/uploads\/2026\/03\/Arni-Blum-logotype_katse-1.svg","contentUrl":"https:\/\/arniblum.com\/wp-content\/uploads\/2026\/03\/Arni-Blum-logotype_katse-1.svg","width":1406,"height":313,"caption":"\u00c4rni Blum O\u00dc"},"image":{"@id":"\/#\/schema\/logo\/image\/"},"sameAs":["https:\/\/www.facebook.com\/arniblum","https:\/\/www.instagram.com\/arniblum\/"]}]}},"_links":{"self":[{"href":"https:\/\/arniblum.com\/et\/wp-json\/wp\/v2\/pages\/18960","targetHints":{"allow":["GET"]}}],"collection":[{"href":"https:\/\/arniblum.com\/et\/wp-json\/wp\/v2\/pages"}],"about":[{"href":"https:\/\/arniblum.com\/et\/wp-json\/wp\/v2\/types\/page"}],"author":[{"embeddable":true,"href":"https:\/\/arniblum.com\/et\/wp-json\/wp\/v2\/users\/1"}],"replies":[{"embeddable":true,"href":"https:\/\/arniblum.com\/et\/wp-json\/wp\/v2\/comments?post=18960"}],"version-history":[{"count":5,"href":"https:\/\/arniblum.com\/et\/wp-json\/wp\/v2\/pages\/18960\/revisions"}],"predecessor-version":[{"id":18975,"href":"https:\/\/arniblum.com\/et\/wp-json\/wp\/v2\/pages\/18960\/revisions\/18975"}],"wp:attachment":[{"href":"https:\/\/arniblum.com\/et\/wp-json\/wp\/v2\/media?parent=18960"}],"curies":[{"name":"wp","href":"https:\/\/api.w.org\/{rel}","templated":true}]}}