{"id":18976,"date":"2026-04-14T10:04:54","date_gmt":"2026-04-14T10:04:54","guid":{"rendered":"https:\/\/arniblum.com\/arniblum\/?page_id=18976"},"modified":"2026-04-16T13:20:03","modified_gmt":"2026-04-16T13:20:03","slug":"kudumi-laenutus-2","status":"publish","type":"page","link":"https:\/\/arniblum.com\/et\/knit-rental\/","title":{"rendered":"Kudumine rentimine"},"content":{"rendered":"<div data-elementor-type=\"wp-page\" data-elementor-id=\"18976\" class=\"elementor elementor-18976\" data-elementor-post-type=\"page\">\n\t\t\t\t<div class=\"elementor-element elementor-element-f32fc0b e-flex e-con-boxed e-con e-parent\" data-id=\"f32fc0b\" data-element_type=\"container\" data-e-type=\"container\" data-settings=\"{&quot;background_background&quot;:&quot;classic&quot;}\">\n\t\t\t\t\t<div class=\"e-con-inner\">\n\t\t\t\t<div class=\"elementor-element elementor-element-7fe4322 elementor-widget elementor-widget-heading\" data-id=\"7fe4322\" data-element_type=\"widget\" data-e-type=\"widget\" data-widget_type=\"heading.default\">\n\t\t\t\t\t<h2 class=\"elementor-heading-title elementor-size-default\">KUDUMITE RENT<\/h2>\t\t\t\t<\/div>\n\t\t\t\t\t<\/div>\n\t\t\t\t<\/div>\n\t\t<div class=\"elementor-element elementor-element-8b5fbeb e-flex e-con-boxed e-con e-parent\" data-id=\"8b5fbeb\" data-element_type=\"container\" data-e-type=\"container\">\n\t\t\t\t\t<div class=\"e-con-inner\">\n\t\t\t\t<div class=\"elementor-element elementor-element-d3dd454 elementor-widget elementor-widget-text-editor\" data-id=\"d3dd454\" data-element_type=\"widget\" data-e-type=\"widget\" data-widget_type=\"text-editor.default\">\n\t\t\t\t\t\t\t\t\t<p>Kui sa pole veel otsustanud, millist kudumit osta, siis meil on sulle hea uudis \u2013 \u00c4rni Blumi eksklusiivsemaid tooteid saab meilt rentida.<\/p><p>Milliseid teisi p\u00f5hjuseid v\u00f5ib kudumite rentimiseks olla?<\/p><ol><li><strong>Keskkonnas\u00f5bralikkus<\/strong> \u2013 rentides v\u00e4hendad tarbimist.<\/li><li><strong>Eriliseks s\u00fcndmuseks<\/strong> \u2013 Sa saad kanda stiilseid kudumeid ilma, et peaksid neid igavesti endale kuuluvana pidama.<\/li><li><strong>Odav ja mugav<\/strong> \u2013 mood muutub kiiresti. Kui soovite alati stiilne v\u00e4lja n\u00e4ha, on kudumite rentimine taskukohane viis uusi trende proovida.<\/li><li><strong>V\u00e4ike riidekapp<\/strong> \u2013 kui kodus ruumi napib, saad nautida erinevaid stiile, ilma et peaksid oma garderoobi laiendama.<\/li><li><strong>Prooviperiood<\/strong> \u2013 kanda ja proovida erinevaid stiile, enne kui otsustate midagi pikaajalist osta.<\/li><li><strong>Pildistamiseks v\u00f5i moeshow jaoks<\/strong> \u2013 meil on kindlasti valik, mis inspireerib teid.<\/li><\/ol><p>Kudumite rentimine annab teile v\u00f5imaluse nautida kvaliteetseid esemeid, mida te muidu ei ostaks. Proovige eksklusiivseid riideid, mis t\u00f5esti silma paistavad.<\/p><p>Nii et \u00e4rge kartke midagi uut proovida ja teha teadlikke valikuid. Kudumite rentimine on mitmek\u00fclgne ja keskkonnas\u00f5bralik viis stiilseks j\u00e4\u00e4da ilma varandust kulutamata. Olge julged ja laske oma stiilil s\u00e4rada!<\/p><p>Saada rendisoov meie e-posti aadressile <a href=\"mailto:info@arniblum.com\">info@arniblum.com<\/a><\/p><p>PS! Renditeenus on saadaval ainult Eesti piires. Rendihoidmise ajal pole vaja pesemise ja hooldamise p\u00e4rast muretseda. Lihtsalt esitage tellimus ja me saadame toote teile pakendiga koju. Tagastamine toimub samas pakendis. Nii lihtne!<\/p>\t\t\t\t\t\t\t\t<\/div>\n\t\t\t\t\t<\/div>\n\t\t\t\t<\/div>\n\t\t\t\t<\/div>","protected":false},"excerpt":{"rendered":"<p>KNIT RENTAL If you haven&#8217;t decided yet which knitwear to buy, we have good news for you &#8211; we offer [&hellip;]<\/p>\n","protected":false},"author":1,"featured_media":0,"parent":0,"menu_order":0,"comment_status":"closed","ping_status":"closed","template":"","meta":{"_acf_changed":false,"site-sidebar-layout":"no-sidebar","site-content-layout":"","ast-site-content-layout":"full-width-container","site-content-style":"default","site-sidebar-style":"default","ast-global-header-display":"","ast-banner-title-visibility":"","ast-main-header-display":"","ast-hfb-above-header-display":"","ast-hfb-below-header-display":"","ast-hfb-mobile-header-display":"","site-post-title":"disabled","ast-breadcrumbs-content":"","ast-featured-img":"disabled","footer-sml-layout":"","ast-disable-related-posts":"","theme-transparent-header-meta":"","adv-header-id-meta":"","stick-header-meta":"","header-above-stick-meta":"","header-main-stick-meta":"","header-below-stick-meta":"","astra-migrate-meta-layouts":"default","ast-page-background-enabled":"default","ast-page-background-meta":{"desktop":{"background-color":"var(--ast-global-color-5)","background-image":"","background-repeat":"repeat","background-position":"center center","background-size":"auto","background-attachment":"scroll","background-type":"","background-media":"","overlay-type":"","overlay-color":"","overlay-opacity":"","overlay-gradient":""},"tablet":{"background-color":"","background-image":"","background-repeat":"repeat","background-position":"center center","background-size":"auto","background-attachment":"scroll","background-type":"","background-media":"","overlay-type":"","overlay-color":"","overlay-opacity":"","overlay-gradient":""},"mobile":{"background-color":"","background-image":"","background-repeat":"repeat","background-position":"center center","background-size":"auto","background-attachment":"scroll","background-type":"","background-media":"","overlay-type":"","overlay-color":"","overlay-opacity":"","overlay-gradient":""}},"ast-content-background-meta":{"desktop":{"background-color":"var(--ast-global-color-4)","background-image":"","background-repeat":"repeat","background-position":"center center","background-size":"auto","background-attachment":"scroll","background-type":"","background-media":"","overlay-type":"","overlay-color":"","overlay-opacity":"","overlay-gradient":""},"tablet":{"background-color":"var(--ast-global-color-4)","background-image":"","background-repeat":"repeat","background-position":"center center","background-size":"auto","background-attachment":"scroll","background-type":"","background-media":"","overlay-type":"","overlay-color":"","overlay-opacity":"","overlay-gradient":""},"mobile":{"background-color":"var(--ast-global-color-4)","background-image":"","background-repeat":"repeat","background-position":"center center","background-size":"auto","background-attachment":"scroll","background-type":"","background-media":"","overlay-type":"","overlay-color":"","overlay-opacity":"","overlay-gradient":""}},"footnotes":""},"class_list":["post-18976","page","type-page","status-publish","hentry"],"acf":[],"yoast_head":"<!-- This site is optimized with the Yoast SEO plugin v27.4 - https:\/\/yoast.com\/product\/yoast-seo-wordpress\/ -->\n<title>Knitwear Rental | Formal Wear Rental | Sustainable Fashion<\/title>\n<meta name=\"description\" content=\"Knitwear rental offers the opportunity to enjoy exclusive garments. Be environmentally friendly and make conscious choices.\" \/>\n<meta name=\"robots\" content=\"index, follow, max-snippet:-1, max-image-preview:large, max-video-preview:-1\" \/>\n<link rel=\"canonical\" href=\"https:\/\/arniblum.com\/et\/arniblum\/kudumi-laenutus-2\/\" \/>\n<meta property=\"og:locale\" content=\"et_EE\" \/>\n<meta property=\"og:type\" content=\"article\" \/>\n<meta property=\"og:title\" content=\"Knitwear Rental | Formal Wear Rental | Sustainable Fashion\" \/>\n<meta property=\"og:description\" content=\"Knitwear rental offers the opportunity to enjoy exclusive garments. Be environmentally friendly and make conscious choices.\" \/>\n<meta property=\"og:url\" content=\"https:\/\/arniblum.com\/et\/arniblum\/kudumi-laenutus-2\/\" \/>\n<meta property=\"og:site_name\" content=\"\u00c4rni Blum\" \/>\n<meta property=\"article:publisher\" content=\"https:\/\/www.facebook.com\/arniblum\" \/>\n<meta property=\"article:modified_time\" content=\"2026-04-16T13:20:03+00:00\" \/>\n<meta name=\"twitter:card\" content=\"summary_large_image\" \/>\n<meta name=\"twitter:label1\" content=\"Est. reading time\" \/>\n\t<meta name=\"twitter:data1\" content=\"2 minutit\" \/>\n<script type=\"application\/ld+json\" class=\"yoast-schema-graph\">{\"@context\":\"https:\\\/\\\/schema.org\",\"@graph\":[{\"@type\":\"WebPage\",\"@id\":\"https:\\\/\\\/arniblum.com\\\/arniblum\\\/knit-rental\\\/\",\"url\":\"https:\\\/\\\/arniblum.com\\\/arniblum\\\/knit-rental\\\/\",\"name\":\"Knitwear Rental | Formal Wear Rental | Sustainable Fashion\",\"isPartOf\":{\"@id\":\"https:\\\/\\\/arniblum.com\\\/arniblum\\\/#website\"},\"datePublished\":\"2026-04-14T10:04:54+00:00\",\"dateModified\":\"2026-04-16T13:20:03+00:00\",\"description\":\"Knitwear rental offers the opportunity to enjoy exclusive garments. Be environmentally friendly and make conscious choices.\",\"breadcrumb\":{\"@id\":\"https:\\\/\\\/arniblum.com\\\/arniblum\\\/knit-rental\\\/#breadcrumb\"},\"inLanguage\":\"et\",\"potentialAction\":[{\"@type\":\"ReadAction\",\"target\":[\"https:\\\/\\\/arniblum.com\\\/arniblum\\\/knit-rental\\\/\"]}]},{\"@type\":\"BreadcrumbList\",\"@id\":\"https:\\\/\\\/arniblum.com\\\/arniblum\\\/knit-rental\\\/#breadcrumb\",\"itemListElement\":[{\"@type\":\"ListItem\",\"position\":1,\"name\":\"Home\",\"item\":\"https:\\\/\\\/arniblum.com\\\/\"},{\"@type\":\"ListItem\",\"position\":2,\"name\":\"Knit rental\"}]},{\"@type\":\"WebSite\",\"@id\":\"https:\\\/\\\/arniblum.com\\\/arniblum\\\/#website\",\"url\":\"https:\\\/\\\/arniblum.com\\\/arniblum\\\/\",\"name\":\"\u00c4rni Blum\",\"description\":\"Sustainable knits to survive Scandinavian crispy weather!\",\"publisher\":{\"@id\":\"https:\\\/\\\/arniblum.com\\\/arniblum\\\/#organization\"},\"alternateName\":\"\u00c4rni Blum O\u00dc\",\"potentialAction\":[{\"@type\":\"SearchAction\",\"target\":{\"@type\":\"EntryPoint\",\"urlTemplate\":\"https:\\\/\\\/arniblum.com\\\/arniblum\\\/?s={search_term_string}\"},\"query-input\":{\"@type\":\"PropertyValueSpecification\",\"valueRequired\":true,\"valueName\":\"search_term_string\"}}],\"inLanguage\":\"et\"},{\"@type\":\"Organization\",\"@id\":\"https:\\\/\\\/arniblum.com\\\/arniblum\\\/#organization\",\"name\":\"\u00c4rni Blum O\u00dc\",\"alternateName\":\"\u00c4rni Blum\",\"url\":\"https:\\\/\\\/arniblum.com\\\/arniblum\\\/\",\"logo\":{\"@type\":\"ImageObject\",\"inLanguage\":\"et\",\"@id\":\"https:\\\/\\\/arniblum.com\\\/arniblum\\\/#\\\/schema\\\/logo\\\/image\\\/\",\"url\":\"https:\\\/\\\/arniblum.com\\\/wp-content\\\/uploads\\\/2026\\\/03\\\/Arni-Blum-logotype_katse-1.svg\",\"contentUrl\":\"https:\\\/\\\/arniblum.com\\\/wp-content\\\/uploads\\\/2026\\\/03\\\/Arni-Blum-logotype_katse-1.svg\",\"width\":1406,\"height\":313,\"caption\":\"\u00c4rni Blum O\u00dc\"},\"image\":{\"@id\":\"https:\\\/\\\/arniblum.com\\\/arniblum\\\/#\\\/schema\\\/logo\\\/image\\\/\"},\"sameAs\":[\"https:\\\/\\\/www.facebook.com\\\/arniblum\",\"https:\\\/\\\/www.instagram.com\\\/arniblum\\\/\"]}]}<\/script>\n<!-- \/ Yoast SEO plugin. -->","yoast_head_json":{"title":"Kudumite rent | Pidulike riiete rent | S\u00e4\u00e4stev mood","description":"Kudumite rentimise v\u00f5imalus pakub nautida eksklusiivseid r\u00f5ivaid. Ole keskkonnas\u00f5bralik ja tee teadlikke valikuid.","robots":{"index":"index","follow":"follow","max-snippet":"max-snippet:-1","max-image-preview":"max-image-preview:large","max-video-preview":"max-video-preview:-1"},"canonical":"https:\/\/arniblum.com\/et\/arniblum\/kudumi-laenutus-2\/","og_locale":"et_EE","og_type":"article","og_title":"Knitwear Rental | Formal Wear Rental | Sustainable Fashion","og_description":"Knitwear rental offers the opportunity to enjoy exclusive garments. Be environmentally friendly and make conscious choices.","og_url":"https:\/\/arniblum.com\/et\/arniblum\/kudumi-laenutus-2\/","og_site_name":"\u00c4rni Blum","article_publisher":"https:\/\/www.facebook.com\/arniblum","article_modified_time":"2026-04-16T13:20:03+00:00","twitter_card":"summary_large_image","twitter_misc":{"Est. reading time":"2 minutit"},"schema":{"@context":"https:\/\/schema.org","@graph":[{"@type":"WebPage","@id":"https:\/\/arniblum.com\/arniblum\/knit-rental\/","url":"https:\/\/arniblum.com\/arniblum\/knit-rental\/","name":"Kudumite rent | Pidulike riiete rent | S\u00e4\u00e4stev mood","isPartOf":{"@id":"https:\/\/arniblum.com\/arniblum\/#website"},"datePublished":"2026-04-14T10:04:54+00:00","dateModified":"2026-04-16T13:20:03+00:00","description":"Kudumite rentimise v\u00f5imalus pakub nautida eksklusiivseid r\u00f5ivaid. Ole keskkonnas\u00f5bralik ja tee teadlikke valikuid.","breadcrumb":{"@id":"https:\/\/arniblum.com\/arniblum\/knit-rental\/#breadcrumb"},"inLanguage":"et","potentialAction":[{"@type":"ReadAction","target":["https:\/\/arniblum.com\/arniblum\/knit-rental\/"]}]},{"@type":"BreadcrumbList","@id":"https:\/\/arniblum.com\/arniblum\/knit-rental\/#breadcrumb","itemListElement":[{"@type":"ListItem","position":1,"name":"Home","item":"https:\/\/arniblum.com\/"},{"@type":"ListItem","position":2,"name":"Knit rental"}]},{"@type":"WebSite","@id":"https:\/\/arniblum.com\/arniblum\/#website","url":"https:\/\/arniblum.com\/arniblum\/","name":"\u00c4rni Blum","description":"J\u00e4tkusuutlikud kudumid Skandinaavia karmiks ilmastikuks!","publisher":{"@id":"https:\/\/arniblum.com\/arniblum\/#organization"},"alternateName":"\u00c4rni Blum O\u00dc","potentialAction":[{"@type":"SearchAction","target":{"@type":"EntryPoint","urlTemplate":"https:\/\/arniblum.com\/arniblum\/?s={search_term_string}"},"query-input":{"@type":"PropertyValueSpecification","valueRequired":true,"valueName":"search_term_string"}}],"inLanguage":"et"},{"@type":"Organization","@id":"https:\/\/arniblum.com\/arniblum\/#organization","name":"\u00c4rni Blum O\u00dc","alternateName":"\u00c4rni Blum","url":"https:\/\/arniblum.com\/arniblum\/","logo":{"@type":"ImageObject","inLanguage":"et","@id":"https:\/\/arniblum.com\/arniblum\/#\/schema\/logo\/image\/","url":"https:\/\/arniblum.com\/wp-content\/uploads\/2026\/03\/Arni-Blum-logotype_katse-1.svg","contentUrl":"https:\/\/arniblum.com\/wp-content\/uploads\/2026\/03\/Arni-Blum-logotype_katse-1.svg","width":1406,"height":313,"caption":"\u00c4rni Blum O\u00dc"},"image":{"@id":"https:\/\/arniblum.com\/arniblum\/#\/schema\/logo\/image\/"},"sameAs":["https:\/\/www.facebook.com\/arniblum","https:\/\/www.instagram.com\/arniblum\/"]}]}},"_links":{"self":[{"href":"https:\/\/arniblum.com\/et\/wp-json\/wp\/v2\/pages\/18976","targetHints":{"allow":["GET"]}}],"collection":[{"href":"https:\/\/arniblum.com\/et\/wp-json\/wp\/v2\/pages"}],"about":[{"href":"https:\/\/arniblum.com\/et\/wp-json\/wp\/v2\/types\/page"}],"author":[{"embeddable":true,"href":"https:\/\/arniblum.com\/et\/wp-json\/wp\/v2\/users\/1"}],"replies":[{"embeddable":true,"href":"https:\/\/arniblum.com\/et\/wp-json\/wp\/v2\/comments?post=18976"}],"version-history":[{"count":5,"href":"https:\/\/arniblum.com\/et\/wp-json\/wp\/v2\/pages\/18976\/revisions"}],"predecessor-version":[{"id":18989,"href":"https:\/\/arniblum.com\/et\/wp-json\/wp\/v2\/pages\/18976\/revisions\/18989"}],"wp:attachment":[{"href":"https:\/\/arniblum.com\/et\/wp-json\/wp\/v2\/media?parent=18976"}],"curies":[{"name":"wp","href":"https:\/\/api.w.org\/{rel}","templated":true}]}}