{"id":1116,"date":"2026-03-18T11:51:44","date_gmt":"2026-03-18T11:51:44","guid":{"rendered":"https:\/\/arniblum.com\/arniblum\/?post_type=product&#038;p=1116"},"modified":"2026-04-16T12:40:15","modified_gmt":"2026-04-16T12:40:15","slug":"uma-peapael","status":"publish","type":"product","link":"https:\/\/arniblum.com\/et\/product\/uma-headband\/","title":{"rendered":"Uma peapael"},"content":{"rendered":"<p><span data-sheets-root=\"1\">Valmistatud eritellimusel \u2013 valmimisaeg kuni 3 t\u00f6\u00f6p\u00e4eva.<\/span><\/p>\n<p>Klassikaline, mugav peapael.<br \/>\nSooniline tekstuur, tihe istuvus.<\/p>\n<p>K\u00e4sitsi valmistatud kahekihilisest meriinovillast l\u00f5ngast. Hingav, tasakaalustatud kiht sinu ja jaheda ilma vahel.<\/p>\n<p>Sobib UMA salliga.<\/p>","protected":false},"excerpt":{"rendered":"<p><span data-sheets-root=\"1\">Materjal \u2014 100% eriti peen meriinovill.<br \/>\nK\u00e4sitsi valmistatud Saaremaal, Eestis.<br \/>\nValmis 3 t\u00f6\u00f6p\u00e4eva jooksul.<\/span><\/p>","protected":false},"featured_media":1165,"comment_status":"open","ping_status":"closed","template":"","meta":{"_acf_changed":false,"site-sidebar-layout":"default","site-content-layout":"","ast-site-content-layout":"default","site-content-style":"default","site-sidebar-style":"default","ast-global-header-display":"","ast-banner-title-visibility":"","ast-main-header-display":"","ast-hfb-above-header-display":"","ast-hfb-below-header-display":"","ast-hfb-mobile-header-display":"","site-post-title":"","ast-breadcrumbs-content":"","ast-featured-img":"","footer-sml-layout":"","ast-disable-related-posts":"","theme-transparent-header-meta":"default","adv-header-id-meta":"","stick-header-meta":"","header-above-stick-meta":"","header-main-stick-meta":"","header-below-stick-meta":"","astra-migrate-meta-layouts":"set","ast-page-background-enabled":"default","ast-page-background-meta":{"desktop":{"background-color":"var(--ast-global-color-5)","background-image":"","background-repeat":"repeat","background-position":"center center","background-size":"auto","background-attachment":"scroll","background-type":"","background-media":"","overlay-type":"","overlay-color":"","overlay-opacity":"","overlay-gradient":""},"tablet":{"background-color":"","background-image":"","background-repeat":"repeat","background-position":"center center","background-size":"auto","background-attachment":"scroll","background-type":"","background-media":"","overlay-type":"","overlay-color":"","overlay-opacity":"","overlay-gradient":""},"mobile":{"background-color":"","background-image":"","background-repeat":"repeat","background-position":"center center","background-size":"auto","background-attachment":"scroll","background-type":"","background-media":"","overlay-type":"","overlay-color":"","overlay-opacity":"","overlay-gradient":""}},"ast-content-background-meta":{"desktop":{"background-color":"var(--ast-global-color-4)","background-image":"","background-repeat":"repeat","background-position":"center center","background-size":"auto","background-attachment":"scroll","background-type":"","background-media":"","overlay-type":"","overlay-color":"","overlay-opacity":"","overlay-gradient":""},"tablet":{"background-color":"var(--ast-global-color-4)","background-image":"","background-repeat":"repeat","background-position":"center center","background-size":"auto","background-attachment":"scroll","background-type":"","background-media":"","overlay-type":"","overlay-color":"","overlay-opacity":"","overlay-gradient":""},"mobile":{"background-color":"var(--ast-global-color-4)","background-image":"","background-repeat":"repeat","background-position":"center center","background-size":"auto","background-attachment":"scroll","background-type":"","background-media":"","overlay-type":"","overlay-color":"","overlay-opacity":"","overlay-gradient":""}}},"product_brand":[],"product_cat":[29,16],"product_tag":[90,91,89],"giftcard-category":[],"class_list":{"0":"post-1116","1":"product","2":"type-product","3":"status-publish","4":"has-post-thumbnail","6":"product_cat-accessories","7":"product_cat-knitwear-for-women","8":"product_tag-for-women","9":"product_tag-headband","10":"product_tag-merino","11":"desktop-align-left","12":"tablet-align-left","13":"mobile-align-left","15":"first","16":"instock","17":"taxable","18":"shipping-taxable","19":"purchasable","20":"product-type-variable"},"acf":[],"yoast_head":"<!-- This site is optimized with the Yoast SEO plugin v27.4 - https:\/\/yoast.com\/product\/yoast-seo-wordpress\/ -->\n<title>Merino wool headband | headbands for women | Estonian handicraft<\/title>\n<meta name=\"description\" content=\"The feminine Uma headband is woven from double extra fine merino wool. Merino wool helps maintain body temperature, so Uma keeps your ears warm in the cold winter but also lets you breathe in the warmer spring and autumn.\" \/>\n<meta name=\"robots\" content=\"index, follow, max-snippet:-1, max-image-preview:large, max-video-preview:-1\" \/>\n<link rel=\"canonical\" href=\"https:\/\/arniblum.com\/et\/toode\/uma-peapael\/\" \/>\n<meta property=\"og:locale\" content=\"et_EE\" \/>\n<meta property=\"og:type\" content=\"article\" \/>\n<meta property=\"og:title\" content=\"Merino wool headband | headbands for women | Estonian handicraft\" \/>\n<meta property=\"og:description\" content=\"The feminine Uma headband is woven from double extra fine merino wool. Merino wool helps maintain body temperature, so Uma keeps your ears warm in the cold winter but also lets you breathe in the warmer spring and autumn.\" \/>\n<meta property=\"og:url\" content=\"https:\/\/arniblum.com\/et\/toode\/uma-peapael\/\" \/>\n<meta property=\"og:site_name\" content=\"\u00c4rni Blum\" \/>\n<meta property=\"article:publisher\" content=\"https:\/\/www.facebook.com\/arniblum\" \/>\n<meta property=\"article:modified_time\" content=\"2026-04-16T12:40:15+00:00\" \/>\n<meta property=\"og:image\" content=\"https:\/\/arniblum.com\/wp-content\/uploads\/2026\/03\/Kootud_meriinovillane_Uma_peapael_roosa_ARNI-BLUM.jpg\" \/>\n\t<meta property=\"og:image:width\" content=\"1000\" \/>\n\t<meta property=\"og:image:height\" content=\"1500\" \/>\n\t<meta property=\"og:image:type\" content=\"image\/jpeg\" \/>\n<meta name=\"twitter:card\" content=\"summary_large_image\" \/>\n<meta name=\"twitter:label1\" content=\"Est. reading time\" \/>\n\t<meta name=\"twitter:data1\" content=\"1 minut\" \/>\n<script type=\"application\/ld+json\" class=\"yoast-schema-graph\">{\"@context\":\"https:\\\/\\\/schema.org\",\"@graph\":[{\"@type\":\"WebPage\",\"@id\":\"https:\\\/\\\/arniblum.com\\\/product\\\/uma-headband\\\/\",\"url\":\"https:\\\/\\\/arniblum.com\\\/product\\\/uma-headband\\\/\",\"name\":\"Merino wool headband | headbands for women | Estonian handicraft\",\"isPartOf\":{\"@id\":\"\\\/#website\"},\"primaryImageOfPage\":{\"@id\":\"https:\\\/\\\/arniblum.com\\\/product\\\/uma-headband\\\/#primaryimage\"},\"image\":{\"@id\":\"https:\\\/\\\/arniblum.com\\\/product\\\/uma-headband\\\/#primaryimage\"},\"thumbnailUrl\":\"https:\\\/\\\/arniblum.com\\\/wp-content\\\/uploads\\\/2026\\\/03\\\/Kootud_meriinovillane_Uma_peapael_roosa_ARNI-BLUM.jpg\",\"datePublished\":\"2026-03-18T11:51:44+00:00\",\"dateModified\":\"2026-04-16T12:40:15+00:00\",\"description\":\"The feminine Uma headband is woven from double extra fine merino wool. Merino wool helps maintain body temperature, so Uma keeps your ears warm in the cold winter but also lets you breathe in the warmer spring and autumn.\",\"breadcrumb\":{\"@id\":\"https:\\\/\\\/arniblum.com\\\/product\\\/uma-headband\\\/#breadcrumb\"},\"inLanguage\":\"et\",\"potentialAction\":[{\"@type\":\"ReadAction\",\"target\":[\"https:\\\/\\\/arniblum.com\\\/product\\\/uma-headband\\\/\"]}]},{\"@type\":\"ImageObject\",\"inLanguage\":\"et\",\"@id\":\"https:\\\/\\\/arniblum.com\\\/product\\\/uma-headband\\\/#primaryimage\",\"url\":\"https:\\\/\\\/arniblum.com\\\/wp-content\\\/uploads\\\/2026\\\/03\\\/Kootud_meriinovillane_Uma_peapael_roosa_ARNI-BLUM.jpg\",\"contentUrl\":\"https:\\\/\\\/arniblum.com\\\/wp-content\\\/uploads\\\/2026\\\/03\\\/Kootud_meriinovillane_Uma_peapael_roosa_ARNI-BLUM.jpg\",\"width\":1000,\"height\":1500},{\"@type\":\"BreadcrumbList\",\"@id\":\"https:\\\/\\\/arniblum.com\\\/product\\\/uma-headband\\\/#breadcrumb\",\"itemListElement\":[{\"@type\":\"ListItem\",\"position\":1,\"name\":\"Home\",\"item\":\"https:\\\/\\\/arniblum.com\\\/\"},{\"@type\":\"ListItem\",\"position\":2,\"name\":\"Uma headband\"}]},{\"@type\":\"WebSite\",\"@id\":\"\\\/#website\",\"url\":\"\\\/\",\"name\":\"\u00c4rni Blum\",\"description\":\"Sustainable knits to survive Scandinavian crispy weather!\",\"publisher\":{\"@id\":\"\\\/#organization\"},\"alternateName\":\"\u00c4rni Blum O\u00dc\",\"potentialAction\":[{\"@type\":\"SearchAction\",\"target\":{\"@type\":\"EntryPoint\",\"urlTemplate\":\"\\\/?s={search_term_string}\"},\"query-input\":{\"@type\":\"PropertyValueSpecification\",\"valueRequired\":true,\"valueName\":\"search_term_string\"}}],\"inLanguage\":\"et\"},{\"@type\":\"Organization\",\"@id\":\"\\\/#organization\",\"name\":\"\u00c4rni Blum O\u00dc\",\"alternateName\":\"\u00c4rni Blum\",\"url\":\"\\\/\",\"logo\":{\"@type\":\"ImageObject\",\"inLanguage\":\"et\",\"@id\":\"\\\/#\\\/schema\\\/logo\\\/image\\\/\",\"url\":\"https:\\\/\\\/arniblum.com\\\/wp-content\\\/uploads\\\/2026\\\/03\\\/Arni-Blum-logotype_katse-1.svg\",\"contentUrl\":\"https:\\\/\\\/arniblum.com\\\/wp-content\\\/uploads\\\/2026\\\/03\\\/Arni-Blum-logotype_katse-1.svg\",\"width\":1406,\"height\":313,\"caption\":\"\u00c4rni Blum O\u00dc\"},\"image\":{\"@id\":\"\\\/#\\\/schema\\\/logo\\\/image\\\/\"},\"sameAs\":[\"https:\\\/\\\/www.facebook.com\\\/arniblum\",\"https:\\\/\\\/www.instagram.com\\\/arniblum\\\/\"]}]}<\/script>\n<!-- \/ Yoast SEO plugin. -->","yoast_head_json":{"title":"Merino villist peapael | peapaelad naistele | Eesti k\u00e4sit\u00f6\u00f6","description":"Feminiinne Uma peav\u00f5ru on kootud kahekordsest eriti peenest meriinovillast. Meriinovill aitab s\u00e4ilitada keha temperatuuri, nii et Uma hoiab k\u00f5rvad talvel soojad, kuid laseb ka kevadel ja s\u00fcgisel hingata.","robots":{"index":"index","follow":"follow","max-snippet":"max-snippet:-1","max-image-preview":"max-image-preview:large","max-video-preview":"max-video-preview:-1"},"canonical":"https:\/\/arniblum.com\/et\/toode\/uma-peapael\/","og_locale":"et_EE","og_type":"article","og_title":"Merino wool headband | headbands for women | Estonian handicraft","og_description":"The feminine Uma headband is woven from double extra fine merino wool. Merino wool helps maintain body temperature, so Uma keeps your ears warm in the cold winter but also lets you breathe in the warmer spring and autumn.","og_url":"https:\/\/arniblum.com\/et\/toode\/uma-peapael\/","og_site_name":"\u00c4rni Blum","article_publisher":"https:\/\/www.facebook.com\/arniblum","article_modified_time":"2026-04-16T12:40:15+00:00","og_image":[{"width":1000,"height":1500,"url":"https:\/\/arniblum.com\/wp-content\/uploads\/2026\/03\/Kootud_meriinovillane_Uma_peapael_roosa_ARNI-BLUM.jpg","type":"image\/jpeg"}],"twitter_card":"summary_large_image","twitter_misc":{"Est. reading time":"1 minut"},"schema":{"@context":"https:\/\/schema.org","@graph":[{"@type":"WebPage","@id":"https:\/\/arniblum.com\/product\/uma-headband\/","url":"https:\/\/arniblum.com\/product\/uma-headband\/","name":"Merino villist peapael | peapaelad naistele | Eesti k\u00e4sit\u00f6\u00f6","isPartOf":{"@id":"\/#website"},"primaryImageOfPage":{"@id":"https:\/\/arniblum.com\/product\/uma-headband\/#primaryimage"},"image":{"@id":"https:\/\/arniblum.com\/product\/uma-headband\/#primaryimage"},"thumbnailUrl":"https:\/\/arniblum.com\/wp-content\/uploads\/2026\/03\/Kootud_meriinovillane_Uma_peapael_roosa_ARNI-BLUM.jpg","datePublished":"2026-03-18T11:51:44+00:00","dateModified":"2026-04-16T12:40:15+00:00","description":"Feminiinne Uma peav\u00f5ru on kootud kahekordsest eriti peenest meriinovillast. Meriinovill aitab s\u00e4ilitada keha temperatuuri, nii et Uma hoiab k\u00f5rvad talvel soojad, kuid laseb ka kevadel ja s\u00fcgisel hingata.","breadcrumb":{"@id":"https:\/\/arniblum.com\/product\/uma-headband\/#breadcrumb"},"inLanguage":"et","potentialAction":[{"@type":"ReadAction","target":["https:\/\/arniblum.com\/product\/uma-headband\/"]}]},{"@type":"ImageObject","inLanguage":"et","@id":"https:\/\/arniblum.com\/product\/uma-headband\/#primaryimage","url":"https:\/\/arniblum.com\/wp-content\/uploads\/2026\/03\/Kootud_meriinovillane_Uma_peapael_roosa_ARNI-BLUM.jpg","contentUrl":"https:\/\/arniblum.com\/wp-content\/uploads\/2026\/03\/Kootud_meriinovillane_Uma_peapael_roosa_ARNI-BLUM.jpg","width":1000,"height":1500},{"@type":"BreadcrumbList","@id":"https:\/\/arniblum.com\/product\/uma-headband\/#breadcrumb","itemListElement":[{"@type":"ListItem","position":1,"name":"Home","item":"https:\/\/arniblum.com\/"},{"@type":"ListItem","position":2,"name":"Uma headband"}]},{"@type":"WebSite","@id":"\/#website","url":"\/","name":"\u00c4rni Blum","description":"J\u00e4tkusuutlikud kudumid Skandinaavia karmiks ilmastikuks!","publisher":{"@id":"\/#organization"},"alternateName":"\u00c4rni Blum O\u00dc","potentialAction":[{"@type":"SearchAction","target":{"@type":"EntryPoint","urlTemplate":"\/?s={search_term_string}"},"query-input":{"@type":"PropertyValueSpecification","valueRequired":true,"valueName":"search_term_string"}}],"inLanguage":"et"},{"@type":"Organization","@id":"\/#organization","name":"\u00c4rni Blum O\u00dc","alternateName":"\u00c4rni Blum","url":"\/","logo":{"@type":"ImageObject","inLanguage":"et","@id":"\/#\/schema\/logo\/image\/","url":"https:\/\/arniblum.com\/wp-content\/uploads\/2026\/03\/Arni-Blum-logotype_katse-1.svg","contentUrl":"https:\/\/arniblum.com\/wp-content\/uploads\/2026\/03\/Arni-Blum-logotype_katse-1.svg","width":1406,"height":313,"caption":"\u00c4rni Blum O\u00dc"},"image":{"@id":"\/#\/schema\/logo\/image\/"},"sameAs":["https:\/\/www.facebook.com\/arniblum","https:\/\/www.instagram.com\/arniblum\/"]}]}},"_links":{"self":[{"href":"https:\/\/arniblum.com\/et\/wp-json\/wp\/v2\/product\/1116","targetHints":{"allow":["GET"]}}],"collection":[{"href":"https:\/\/arniblum.com\/et\/wp-json\/wp\/v2\/product"}],"about":[{"href":"https:\/\/arniblum.com\/et\/wp-json\/wp\/v2\/types\/product"}],"replies":[{"embeddable":true,"href":"https:\/\/arniblum.com\/et\/wp-json\/wp\/v2\/comments?post=1116"}],"wp:featuredmedia":[{"embeddable":true,"href":"https:\/\/arniblum.com\/et\/wp-json\/wp\/v2\/media\/1165"}],"wp:attachment":[{"href":"https:\/\/arniblum.com\/et\/wp-json\/wp\/v2\/media?parent=1116"}],"wp:term":[{"taxonomy":"product_brand","embeddable":true,"href":"https:\/\/arniblum.com\/et\/wp-json\/wp\/v2\/product_brand?post=1116"},{"taxonomy":"product_cat","embeddable":true,"href":"https:\/\/arniblum.com\/et\/wp-json\/wp\/v2\/product_cat?post=1116"},{"taxonomy":"product_tag","embeddable":true,"href":"https:\/\/arniblum.com\/et\/wp-json\/wp\/v2\/product_tag?post=1116"},{"taxonomy":"giftcard-category","embeddable":true,"href":"https:\/\/arniblum.com\/et\/wp-json\/wp\/v2\/giftcard-category?post=1116"}],"curies":[{"name":"wp","href":"https:\/\/api.w.org\/{rel}","templated":true}]}}