{"id":1158,"date":"2026-03-18T11:52:17","date_gmt":"2026-03-18T11:52:17","guid":{"rendered":"https:\/\/arniblum.com\/arniblum\/?post_type=product&#038;p=1158"},"modified":"2026-04-16T12:44:51","modified_gmt":"2026-04-16T12:44:51","slug":"molly-mohaar-seelik","status":"publish","type":"product","link":"https:\/\/arniblum.com\/et\/product\/molly-mohair-skirt\/","title":{"rendered":"Molly moh\u00e4\u00e4r seelik"},"content":{"rendered":"<p><span data-sheets-root=\"1\">Valmistatud eritellimusel \u2013 valmib kuni 7 t\u00f6\u00f6p\u00e4eva jooksul.<\/span><\/p>\n<p>Lohakas, kerge seelik.<br \/>\nPehme nahal, soojem kui arvad.<\/p>\n<p>K\u00e4sitsi valmistatud Jaapani siidimoh\u00e4\u00e4rl\u00f5ngast. T\u00e4ispikk \u00f5rna lehvikuga. Elastne v\u00f6\u00f6koht ja v\u00e4lised \u00f5mblused.<\/p>\n<p>Kanna seda oma stiilis \u2013 kombineeri see sobiva MOLLY kampsuni v\u00f5i ROOTS topiga.<\/p>","protected":false},"excerpt":{"rendered":"<p><span data-sheets-root=\"1\">Materjal \u2014 65% moh\u00e4\u00e4ri, 35% siidi.<br \/>\nK\u00e4sitsi valmistatud Saaremaal, Eestis.<br \/>\nValmis kuni 7 t\u00f6\u00f6p\u00e4eva jooksul.<\/span><\/p>","protected":false},"featured_media":1255,"comment_status":"open","ping_status":"closed","template":"","meta":{"_acf_changed":false,"site-sidebar-layout":"default","site-content-layout":"","ast-site-content-layout":"default","site-content-style":"default","site-sidebar-style":"default","ast-global-header-display":"","ast-banner-title-visibility":"","ast-main-header-display":"","ast-hfb-above-header-display":"","ast-hfb-below-header-display":"","ast-hfb-mobile-header-display":"","site-post-title":"","ast-breadcrumbs-content":"","ast-featured-img":"","footer-sml-layout":"","ast-disable-related-posts":"","theme-transparent-header-meta":"default","adv-header-id-meta":"","stick-header-meta":"","header-above-stick-meta":"","header-main-stick-meta":"","header-below-stick-meta":"","astra-migrate-meta-layouts":"set","ast-page-background-enabled":"default","ast-page-background-meta":{"desktop":{"background-color":"var(--ast-global-color-5)","background-image":"","background-repeat":"repeat","background-position":"center center","background-size":"auto","background-attachment":"scroll","background-type":"","background-media":"","overlay-type":"","overlay-color":"","overlay-opacity":"","overlay-gradient":""},"tablet":{"background-color":"","background-image":"","background-repeat":"repeat","background-position":"center center","background-size":"auto","background-attachment":"scroll","background-type":"","background-media":"","overlay-type":"","overlay-color":"","overlay-opacity":"","overlay-gradient":""},"mobile":{"background-color":"","background-image":"","background-repeat":"repeat","background-position":"center center","background-size":"auto","background-attachment":"scroll","background-type":"","background-media":"","overlay-type":"","overlay-color":"","overlay-opacity":"","overlay-gradient":""}},"ast-content-background-meta":{"desktop":{"background-color":"var(--ast-global-color-4)","background-image":"","background-repeat":"repeat","background-position":"center center","background-size":"auto","background-attachment":"scroll","background-type":"","background-media":"","overlay-type":"","overlay-color":"","overlay-opacity":"","overlay-gradient":""},"tablet":{"background-color":"var(--ast-global-color-4)","background-image":"","background-repeat":"repeat","background-position":"center center","background-size":"auto","background-attachment":"scroll","background-type":"","background-media":"","overlay-type":"","overlay-color":"","overlay-opacity":"","overlay-gradient":""},"mobile":{"background-color":"var(--ast-global-color-4)","background-image":"","background-repeat":"repeat","background-position":"center center","background-size":"auto","background-attachment":"scroll","background-type":"","background-media":"","overlay-type":"","overlay-color":"","overlay-opacity":"","overlay-gradient":""}}},"product_brand":[],"product_cat":[16,60],"product_tag":[18],"giftcard-category":[],"class_list":{"0":"post-1158","1":"product","2":"type-product","3":"status-publish","4":"has-post-thumbnail","6":"product_cat-knitwear-for-women","7":"product_cat-pants-and-skirts","8":"product_tag-nirgiwabrik","9":"desktop-align-left","10":"tablet-align-left","11":"mobile-align-left","13":"first","14":"onbackorder","15":"taxable","16":"shipping-taxable","17":"purchasable","18":"product-type-variable"},"acf":[],"yoast_head":"<!-- This site is optimized with the Yoast SEO plugin v27.4 - https:\/\/yoast.com\/product\/yoast-seo-wordpress\/ -->\n<title>Silk mohair skirt | mohair knitwear | Estonian design<\/title>\n<meta name=\"description\" content=\"The hand-knitted Japanese silk mohair women&#039;s cardigan Coco will captivate your heart! For those who love timeless classics and appreciate small details. The wonderfully soft and light Molly skirt, knitted from exclusive Japanese mohair, is extremely feminine and matches perfectly with the mohair Molly sweater. An ideal choice for even the most sensitive skin.\" \/>\n<meta name=\"robots\" content=\"index, follow, max-snippet:-1, max-image-preview:large, max-video-preview:-1\" \/>\n<link rel=\"canonical\" href=\"https:\/\/arniblum.com\/et\/arniblum\/toode\/molly-mohaar-seelik\/\" \/>\n<meta property=\"og:locale\" content=\"et_EE\" \/>\n<meta property=\"og:type\" content=\"article\" \/>\n<meta property=\"og:title\" content=\"Silk mohair skirt | mohair knitwear | Estonian design\" \/>\n<meta property=\"og:description\" content=\"The hand-knitted Japanese silk mohair women&#039;s cardigan Coco will captivate your heart! For those who love timeless classics and appreciate small details. The wonderfully soft and light Molly skirt, knitted from exclusive Japanese mohair, is extremely feminine and matches perfectly with the mohair Molly sweater. An ideal choice for even the most sensitive skin.\" \/>\n<meta property=\"og:url\" content=\"https:\/\/arniblum.com\/et\/arniblum\/toode\/molly-mohaar-seelik\/\" \/>\n<meta property=\"og:site_name\" content=\"\u00c4rni Blum\" \/>\n<meta property=\"article:publisher\" content=\"https:\/\/www.facebook.com\/arniblum\" \/>\n<meta property=\"article:modified_time\" content=\"2026-04-16T12:44:51+00:00\" \/>\n<meta property=\"og:image\" content=\"https:\/\/securify.ee\/arniblum\/wp-content\/uploads\/2026\/03\/ARNI_BLUM_Molly_siidmohaarist_kootud_komplekt_heleroosa.jpg\" \/>\n\t<meta property=\"og:image:width\" content=\"1707\" \/>\n\t<meta property=\"og:image:height\" content=\"2560\" \/>\n\t<meta property=\"og:image:type\" content=\"image\/jpeg\" \/>\n<meta name=\"twitter:card\" content=\"summary_large_image\" \/>\n<meta name=\"twitter:label1\" content=\"Est. reading time\" \/>\n\t<meta name=\"twitter:data1\" content=\"1 minut\" \/>\n<script type=\"application\/ld+json\" class=\"yoast-schema-graph\">{\"@context\":\"https:\\\/\\\/schema.org\",\"@graph\":[{\"@type\":\"WebPage\",\"@id\":\"https:\\\/\\\/arniblum.com\\\/arniblum\\\/product\\\/molly-mohair-skirt\\\/\",\"url\":\"https:\\\/\\\/arniblum.com\\\/arniblum\\\/product\\\/molly-mohair-skirt\\\/\",\"name\":\"Silk mohair skirt | mohair knitwear | Estonian design\",\"isPartOf\":{\"@id\":\"https:\\\/\\\/arniblum.com\\\/arniblum\\\/#website\"},\"primaryImageOfPage\":{\"@id\":\"https:\\\/\\\/arniblum.com\\\/arniblum\\\/product\\\/molly-mohair-skirt\\\/#primaryimage\"},\"image\":{\"@id\":\"https:\\\/\\\/arniblum.com\\\/arniblum\\\/product\\\/molly-mohair-skirt\\\/#primaryimage\"},\"thumbnailUrl\":\"https:\\\/\\\/arniblum.com\\\/wp-content\\\/uploads\\\/2026\\\/03\\\/ARNI_BLUM_Molly_siidmohaarist_kootud_komplekt_heleroosa.jpg\",\"datePublished\":\"2026-03-18T11:52:17+00:00\",\"dateModified\":\"2026-04-16T12:44:51+00:00\",\"description\":\"The hand-knitted Japanese silk mohair women's cardigan Coco will captivate your heart! For those who love timeless classics and appreciate small details. The wonderfully soft and light Molly skirt, knitted from exclusive Japanese mohair, is extremely feminine and matches perfectly with the mohair Molly sweater. An ideal choice for even the most sensitive skin.\",\"breadcrumb\":{\"@id\":\"https:\\\/\\\/arniblum.com\\\/arniblum\\\/product\\\/molly-mohair-skirt\\\/#breadcrumb\"},\"inLanguage\":\"et\",\"potentialAction\":[{\"@type\":\"ReadAction\",\"target\":[\"https:\\\/\\\/arniblum.com\\\/arniblum\\\/product\\\/molly-mohair-skirt\\\/\"]}]},{\"@type\":\"ImageObject\",\"inLanguage\":\"et\",\"@id\":\"https:\\\/\\\/arniblum.com\\\/arniblum\\\/product\\\/molly-mohair-skirt\\\/#primaryimage\",\"url\":\"https:\\\/\\\/arniblum.com\\\/wp-content\\\/uploads\\\/2026\\\/03\\\/ARNI_BLUM_Molly_siidmohaarist_kootud_komplekt_heleroosa.jpg\",\"contentUrl\":\"https:\\\/\\\/arniblum.com\\\/wp-content\\\/uploads\\\/2026\\\/03\\\/ARNI_BLUM_Molly_siidmohaarist_kootud_komplekt_heleroosa.jpg\",\"width\":1707,\"height\":2560},{\"@type\":\"BreadcrumbList\",\"@id\":\"https:\\\/\\\/arniblum.com\\\/arniblum\\\/product\\\/molly-mohair-skirt\\\/#breadcrumb\",\"itemListElement\":[{\"@type\":\"ListItem\",\"position\":1,\"name\":\"Home\",\"item\":\"https:\\\/\\\/arniblum.com\\\/\"},{\"@type\":\"ListItem\",\"position\":2,\"name\":\"Shop\",\"item\":\"https:\\\/\\\/arniblum.com\\\/arniblum\\\/shop\\\/\"},{\"@type\":\"ListItem\",\"position\":3,\"name\":\"Molly mohair skirt\"}]},{\"@type\":\"WebSite\",\"@id\":\"https:\\\/\\\/arniblum.com\\\/arniblum\\\/#website\",\"url\":\"https:\\\/\\\/arniblum.com\\\/arniblum\\\/\",\"name\":\"\u00c4rni Blum\",\"description\":\"Sustainable knits to survive Scandinavian crispy weather!\",\"publisher\":{\"@id\":\"https:\\\/\\\/arniblum.com\\\/arniblum\\\/#organization\"},\"alternateName\":\"\u00c4rni Blum O\u00dc\",\"potentialAction\":[{\"@type\":\"SearchAction\",\"target\":{\"@type\":\"EntryPoint\",\"urlTemplate\":\"https:\\\/\\\/arniblum.com\\\/arniblum\\\/?s={search_term_string}\"},\"query-input\":{\"@type\":\"PropertyValueSpecification\",\"valueRequired\":true,\"valueName\":\"search_term_string\"}}],\"inLanguage\":\"et\"},{\"@type\":\"Organization\",\"@id\":\"https:\\\/\\\/arniblum.com\\\/arniblum\\\/#organization\",\"name\":\"\u00c4rni Blum O\u00dc\",\"alternateName\":\"\u00c4rni Blum\",\"url\":\"https:\\\/\\\/arniblum.com\\\/arniblum\\\/\",\"logo\":{\"@type\":\"ImageObject\",\"inLanguage\":\"et\",\"@id\":\"https:\\\/\\\/arniblum.com\\\/arniblum\\\/#\\\/schema\\\/logo\\\/image\\\/\",\"url\":\"https:\\\/\\\/arniblum.com\\\/wp-content\\\/uploads\\\/2026\\\/03\\\/Arni-Blum-logotype_katse-1.svg\",\"contentUrl\":\"https:\\\/\\\/arniblum.com\\\/wp-content\\\/uploads\\\/2026\\\/03\\\/Arni-Blum-logotype_katse-1.svg\",\"width\":1406,\"height\":313,\"caption\":\"\u00c4rni Blum O\u00dc\"},\"image\":{\"@id\":\"https:\\\/\\\/arniblum.com\\\/arniblum\\\/#\\\/schema\\\/logo\\\/image\\\/\"},\"sameAs\":[\"https:\\\/\\\/www.facebook.com\\\/arniblum\",\"https:\\\/\\\/www.instagram.com\\\/arniblum\\\/\"]}]}<\/script>\n<!-- \/ Yoast SEO plugin. -->","yoast_head_json":{"title":"Siidist moh\u00e4\u00e4rseelik | moh\u00e4\u00e4rkudum | Eesti disain","description":"K\u00e4sitsi kootud Jaapani siidimoh\u00e4\u00e4rvillane naiste kampsun Coco vallutab Sinu s\u00fcdame! Neile, kes armastavad ajatuid klassikuid ja hindavad pisidetaile. Imeliselt pehmest ja kergest, eksklusiivsest Jaapani moh\u00e4\u00e4rvillast kootud Molly seelik on \u00fclimalt naiselik ja sobib suurep\u00e4raselt kokku moh\u00e4\u00e4rvillase Molly kampsuniga. Ideaalne valik ka k\u00f5ige tundlikumale nahale.","robots":{"index":"index","follow":"follow","max-snippet":"max-snippet:-1","max-image-preview":"max-image-preview:large","max-video-preview":"max-video-preview:-1"},"canonical":"https:\/\/arniblum.com\/et\/arniblum\/toode\/molly-mohaar-seelik\/","og_locale":"et_EE","og_type":"article","og_title":"Silk mohair skirt | mohair knitwear | Estonian design","og_description":"The hand-knitted Japanese silk mohair women's cardigan Coco will captivate your heart! For those who love timeless classics and appreciate small details. The wonderfully soft and light Molly skirt, knitted from exclusive Japanese mohair, is extremely feminine and matches perfectly with the mohair Molly sweater. An ideal choice for even the most sensitive skin.","og_url":"https:\/\/arniblum.com\/et\/arniblum\/toode\/molly-mohaar-seelik\/","og_site_name":"\u00c4rni Blum","article_publisher":"https:\/\/www.facebook.com\/arniblum","article_modified_time":"2026-04-16T12:44:51+00:00","og_image":[{"width":1707,"height":2560,"url":"https:\/\/securify.ee\/arniblum\/wp-content\/uploads\/2026\/03\/ARNI_BLUM_Molly_siidmohaarist_kootud_komplekt_heleroosa.jpg","type":"image\/jpeg"}],"twitter_card":"summary_large_image","twitter_misc":{"Est. reading time":"1 minut"},"schema":{"@context":"https:\/\/schema.org","@graph":[{"@type":"WebPage","@id":"https:\/\/arniblum.com\/arniblum\/product\/molly-mohair-skirt\/","url":"https:\/\/arniblum.com\/arniblum\/product\/molly-mohair-skirt\/","name":"Siidist moh\u00e4\u00e4rseelik | moh\u00e4\u00e4rkudum | Eesti disain","isPartOf":{"@id":"https:\/\/arniblum.com\/arniblum\/#website"},"primaryImageOfPage":{"@id":"https:\/\/arniblum.com\/arniblum\/product\/molly-mohair-skirt\/#primaryimage"},"image":{"@id":"https:\/\/arniblum.com\/arniblum\/product\/molly-mohair-skirt\/#primaryimage"},"thumbnailUrl":"https:\/\/arniblum.com\/wp-content\/uploads\/2026\/03\/ARNI_BLUM_Molly_siidmohaarist_kootud_komplekt_heleroosa.jpg","datePublished":"2026-03-18T11:52:17+00:00","dateModified":"2026-04-16T12:44:51+00:00","description":"K\u00e4sitsi kootud Jaapani siidimoh\u00e4\u00e4rvillane naiste kampsun Coco vallutab Sinu s\u00fcdame! Neile, kes armastavad ajatuid klassikuid ja hindavad pisidetaile. Imeliselt pehmest ja kergest, eksklusiivsest Jaapani moh\u00e4\u00e4rvillast kootud Molly seelik on \u00fclimalt naiselik ja sobib suurep\u00e4raselt kokku moh\u00e4\u00e4rvillase Molly kampsuniga. Ideaalne valik ka k\u00f5ige tundlikumale nahale.","breadcrumb":{"@id":"https:\/\/arniblum.com\/arniblum\/product\/molly-mohair-skirt\/#breadcrumb"},"inLanguage":"et","potentialAction":[{"@type":"ReadAction","target":["https:\/\/arniblum.com\/arniblum\/product\/molly-mohair-skirt\/"]}]},{"@type":"ImageObject","inLanguage":"et","@id":"https:\/\/arniblum.com\/arniblum\/product\/molly-mohair-skirt\/#primaryimage","url":"https:\/\/arniblum.com\/wp-content\/uploads\/2026\/03\/ARNI_BLUM_Molly_siidmohaarist_kootud_komplekt_heleroosa.jpg","contentUrl":"https:\/\/arniblum.com\/wp-content\/uploads\/2026\/03\/ARNI_BLUM_Molly_siidmohaarist_kootud_komplekt_heleroosa.jpg","width":1707,"height":2560},{"@type":"BreadcrumbList","@id":"https:\/\/arniblum.com\/arniblum\/product\/molly-mohair-skirt\/#breadcrumb","itemListElement":[{"@type":"ListItem","position":1,"name":"Home","item":"https:\/\/arniblum.com\/"},{"@type":"ListItem","position":2,"name":"Shop","item":"https:\/\/arniblum.com\/arniblum\/shop\/"},{"@type":"ListItem","position":3,"name":"Molly mohair skirt"}]},{"@type":"WebSite","@id":"https:\/\/arniblum.com\/arniblum\/#website","url":"https:\/\/arniblum.com\/arniblum\/","name":"\u00c4rni Blum","description":"J\u00e4tkusuutlikud kudumid Skandinaavia karmiks ilmastikuks!","publisher":{"@id":"https:\/\/arniblum.com\/arniblum\/#organization"},"alternateName":"\u00c4rni Blum O\u00dc","potentialAction":[{"@type":"SearchAction","target":{"@type":"EntryPoint","urlTemplate":"https:\/\/arniblum.com\/arniblum\/?s={search_term_string}"},"query-input":{"@type":"PropertyValueSpecification","valueRequired":true,"valueName":"search_term_string"}}],"inLanguage":"et"},{"@type":"Organization","@id":"https:\/\/arniblum.com\/arniblum\/#organization","name":"\u00c4rni Blum O\u00dc","alternateName":"\u00c4rni Blum","url":"https:\/\/arniblum.com\/arniblum\/","logo":{"@type":"ImageObject","inLanguage":"et","@id":"https:\/\/arniblum.com\/arniblum\/#\/schema\/logo\/image\/","url":"https:\/\/arniblum.com\/wp-content\/uploads\/2026\/03\/Arni-Blum-logotype_katse-1.svg","contentUrl":"https:\/\/arniblum.com\/wp-content\/uploads\/2026\/03\/Arni-Blum-logotype_katse-1.svg","width":1406,"height":313,"caption":"\u00c4rni Blum O\u00dc"},"image":{"@id":"https:\/\/arniblum.com\/arniblum\/#\/schema\/logo\/image\/"},"sameAs":["https:\/\/www.facebook.com\/arniblum","https:\/\/www.instagram.com\/arniblum\/"]}]}},"_links":{"self":[{"href":"https:\/\/arniblum.com\/et\/wp-json\/wp\/v2\/product\/1158","targetHints":{"allow":["GET"]}}],"collection":[{"href":"https:\/\/arniblum.com\/et\/wp-json\/wp\/v2\/product"}],"about":[{"href":"https:\/\/arniblum.com\/et\/wp-json\/wp\/v2\/types\/product"}],"replies":[{"embeddable":true,"href":"https:\/\/arniblum.com\/et\/wp-json\/wp\/v2\/comments?post=1158"}],"wp:featuredmedia":[{"embeddable":true,"href":"https:\/\/arniblum.com\/et\/wp-json\/wp\/v2\/media\/1255"}],"wp:attachment":[{"href":"https:\/\/arniblum.com\/et\/wp-json\/wp\/v2\/media?parent=1158"}],"wp:term":[{"taxonomy":"product_brand","embeddable":true,"href":"https:\/\/arniblum.com\/et\/wp-json\/wp\/v2\/product_brand?post=1158"},{"taxonomy":"product_cat","embeddable":true,"href":"https:\/\/arniblum.com\/et\/wp-json\/wp\/v2\/product_cat?post=1158"},{"taxonomy":"product_tag","embeddable":true,"href":"https:\/\/arniblum.com\/et\/wp-json\/wp\/v2\/product_tag?post=1158"},{"taxonomy":"giftcard-category","embeddable":true,"href":"https:\/\/arniblum.com\/et\/wp-json\/wp\/v2\/giftcard-category?post=1158"}],"curies":[{"name":"wp","href":"https:\/\/api.w.org\/{rel}","templated":true}]}}