{"id":1477,"date":"2026-03-18T12:00:36","date_gmt":"2026-03-18T12:00:36","guid":{"rendered":"https:\/\/arniblum.com\/arniblum\/?post_type=product&#038;p=1477"},"modified":"2026-04-17T07:14:08","modified_gmt":"2026-04-17T07:14:08","slug":"ami-pluus","status":"publish","type":"product","link":"https:\/\/arniblum.com\/et\/product\/ami-blouse\/","title":{"rendered":"Ami pluus"},"content":{"rendered":"<p><span data-sheets-root=\"1\">Valmistatud eritellimusel \u2013 valmib kuni 14 t\u00f6\u00f6p\u00e4eva jooksul.<\/span><\/p>\n<p>Pehme, MALLE kampsun pikad varrukad.<br \/>\nKohandub kandmisel.<\/p>\n<p>Orgaanilisest puuvillasest l\u00f5ngast k\u00e4sitsi valmistatud. K\u00fcljesn\u00f6\u00f6rid pikkuse muutmiseks ja as\u00fcmmeetria loomiseks. Pikendatud varrukad peene l\u00f5hikuga. Viimistletud k\u00e4sitsi kantud lainelise detailiga, luues funky tekstuuri.<\/p>\n<p>Kanna seda omamoodi \u2014 see on pilkup\u00fc\u00fcdva aksessuaar, mis muudab lihtsa riietuse eriliseks.<\/p>","protected":false},"excerpt":{"rendered":"<p><span data-sheets-root=\"1\">Materjal \u2014 100% orgaaniline puuvill.<br \/>\nK\u00e4sitsi valmistatud Saaremaal, Eestis.<br \/>\nValmis kuni 14 t\u00f6\u00f6p\u00e4eva jooksul.<\/span><\/p>","protected":false},"featured_media":19232,"comment_status":"open","ping_status":"closed","template":"","meta":{"_acf_changed":false,"site-sidebar-layout":"default","site-content-layout":"","ast-site-content-layout":"default","site-content-style":"default","site-sidebar-style":"default","ast-global-header-display":"","ast-banner-title-visibility":"","ast-main-header-display":"","ast-hfb-above-header-display":"","ast-hfb-below-header-display":"","ast-hfb-mobile-header-display":"","site-post-title":"","ast-breadcrumbs-content":"","ast-featured-img":"","footer-sml-layout":"","ast-disable-related-posts":"","theme-transparent-header-meta":"default","adv-header-id-meta":"","stick-header-meta":"","header-above-stick-meta":"","header-main-stick-meta":"","header-below-stick-meta":"","astra-migrate-meta-layouts":"set","ast-page-background-enabled":"default","ast-page-background-meta":{"desktop":{"background-color":"var(--ast-global-color-5)","background-image":"","background-repeat":"repeat","background-position":"center center","background-size":"auto","background-attachment":"scroll","background-type":"","background-media":"","overlay-type":"","overlay-color":"","overlay-opacity":"","overlay-gradient":""},"tablet":{"background-color":"","background-image":"","background-repeat":"repeat","background-position":"center center","background-size":"auto","background-attachment":"scroll","background-type":"","background-media":"","overlay-type":"","overlay-color":"","overlay-opacity":"","overlay-gradient":""},"mobile":{"background-color":"","background-image":"","background-repeat":"repeat","background-position":"center center","background-size":"auto","background-attachment":"scroll","background-type":"","background-media":"","overlay-type":"","overlay-color":"","overlay-opacity":"","overlay-gradient":""}},"ast-content-background-meta":{"desktop":{"background-color":"var(--ast-global-color-4)","background-image":"","background-repeat":"repeat","background-position":"center center","background-size":"auto","background-attachment":"scroll","background-type":"","background-media":"","overlay-type":"","overlay-color":"","overlay-opacity":"","overlay-gradient":""},"tablet":{"background-color":"var(--ast-global-color-4)","background-image":"","background-repeat":"repeat","background-position":"center center","background-size":"auto","background-attachment":"scroll","background-type":"","background-media":"","overlay-type":"","overlay-color":"","overlay-opacity":"","overlay-gradient":""},"mobile":{"background-color":"var(--ast-global-color-4)","background-image":"","background-repeat":"repeat","background-position":"center center","background-size":"auto","background-attachment":"scroll","background-type":"","background-media":"","overlay-type":"","overlay-color":"","overlay-opacity":"","overlay-gradient":""}}},"product_brand":[],"product_cat":[16,25],"product_tag":[20,18,94],"giftcard-category":[],"class_list":{"0":"post-1477","1":"product","2":"type-product","3":"status-publish","4":"has-post-thumbnail","6":"product_cat-knitwear-for-women","7":"product_cat-tops-and-vests","8":"product_tag-new","9":"product_tag-nirgiwabrik","10":"product_tag-urban","11":"desktop-align-left","12":"tablet-align-left","13":"mobile-align-left","15":"first","16":"onbackorder","17":"taxable","18":"shipping-taxable","19":"purchasable","20":"product-type-variable"},"acf":[],"yoast_head":"<!-- This site is optimized with the Yoast SEO plugin v27.4 - https:\/\/yoast.com\/product\/yoast-seo-wordpress\/ -->\n<title>Cotton knit blouse | knitwear for women | Estonian design<\/title>\n<meta name=\"description\" content=\"Ami blouse is knitted from soft cotton yarn. There are laces on the sides that can be used to adjust the length of the blouse and create asymmetry. The sleeves are impressively long and have slits.\" \/>\n<meta name=\"robots\" content=\"index, follow, max-snippet:-1, max-image-preview:large, max-video-preview:-1\" \/>\n<link rel=\"canonical\" href=\"https:\/\/arniblum.com\/et\/arniblum\/toode\/ami-pluus\/\" \/>\n<meta property=\"og:locale\" content=\"et_EE\" \/>\n<meta property=\"og:type\" content=\"article\" \/>\n<meta property=\"og:title\" content=\"Cotton knit blouse | knitwear for women | Estonian design\" \/>\n<meta property=\"og:description\" content=\"Ami blouse is knitted from soft cotton yarn. There are laces on the sides that can be used to adjust the length of the blouse and create asymmetry. The sleeves are impressively long and have slits.\" \/>\n<meta property=\"og:url\" content=\"https:\/\/arniblum.com\/et\/arniblum\/toode\/ami-pluus\/\" \/>\n<meta property=\"og:site_name\" content=\"\u00c4rni Blum\" \/>\n<meta property=\"article:publisher\" content=\"https:\/\/www.facebook.com\/arniblum\" \/>\n<meta property=\"article:modified_time\" content=\"2026-04-17T07:14:08+00:00\" \/>\n<meta property=\"og:image\" content=\"https:\/\/securify.ee\/arniblum\/wp-content\/uploads\/2026\/04\/T7A3440-scaled.jpg\" \/>\n\t<meta property=\"og:image:width\" content=\"1708\" \/>\n\t<meta property=\"og:image:height\" content=\"2560\" \/>\n\t<meta property=\"og:image:type\" content=\"image\/jpeg\" \/>\n<meta name=\"twitter:card\" content=\"summary_large_image\" \/>\n<meta name=\"twitter:label1\" content=\"Est. reading time\" \/>\n\t<meta name=\"twitter:data1\" content=\"1 minut\" \/>\n<script type=\"application\/ld+json\" class=\"yoast-schema-graph\">{\"@context\":\"https:\\\/\\\/schema.org\",\"@graph\":[{\"@type\":\"WebPage\",\"@id\":\"https:\\\/\\\/arniblum.com\\\/arniblum\\\/product\\\/ami-blouse\\\/\",\"url\":\"https:\\\/\\\/arniblum.com\\\/arniblum\\\/product\\\/ami-blouse\\\/\",\"name\":\"Cotton knit blouse | knitwear for women | Estonian design\",\"isPartOf\":{\"@id\":\"https:\\\/\\\/arniblum.com\\\/arniblum\\\/#website\"},\"primaryImageOfPage\":{\"@id\":\"https:\\\/\\\/arniblum.com\\\/arniblum\\\/product\\\/ami-blouse\\\/#primaryimage\"},\"image\":{\"@id\":\"https:\\\/\\\/arniblum.com\\\/arniblum\\\/product\\\/ami-blouse\\\/#primaryimage\"},\"thumbnailUrl\":\"https:\\\/\\\/arniblum.com\\\/wp-content\\\/uploads\\\/2026\\\/04\\\/T7A3440-scaled.jpg\",\"datePublished\":\"2026-03-18T12:00:36+00:00\",\"dateModified\":\"2026-04-17T07:14:08+00:00\",\"description\":\"Ami blouse is knitted from soft cotton yarn. There are laces on the sides that can be used to adjust the length of the blouse and create asymmetry. The sleeves are impressively long and have slits.\",\"breadcrumb\":{\"@id\":\"https:\\\/\\\/arniblum.com\\\/arniblum\\\/product\\\/ami-blouse\\\/#breadcrumb\"},\"inLanguage\":\"et\",\"potentialAction\":[{\"@type\":\"ReadAction\",\"target\":[\"https:\\\/\\\/arniblum.com\\\/arniblum\\\/product\\\/ami-blouse\\\/\"]}]},{\"@type\":\"ImageObject\",\"inLanguage\":\"et\",\"@id\":\"https:\\\/\\\/arniblum.com\\\/arniblum\\\/product\\\/ami-blouse\\\/#primaryimage\",\"url\":\"https:\\\/\\\/arniblum.com\\\/wp-content\\\/uploads\\\/2026\\\/04\\\/T7A3440-scaled.jpg\",\"contentUrl\":\"https:\\\/\\\/arniblum.com\\\/wp-content\\\/uploads\\\/2026\\\/04\\\/T7A3440-scaled.jpg\",\"width\":1708,\"height\":2560},{\"@type\":\"BreadcrumbList\",\"@id\":\"https:\\\/\\\/arniblum.com\\\/arniblum\\\/product\\\/ami-blouse\\\/#breadcrumb\",\"itemListElement\":[{\"@type\":\"ListItem\",\"position\":1,\"name\":\"Home\",\"item\":\"https:\\\/\\\/arniblum.com\\\/\"},{\"@type\":\"ListItem\",\"position\":2,\"name\":\"Shop\",\"item\":\"https:\\\/\\\/arniblum.com\\\/arniblum\\\/shop\\\/\"},{\"@type\":\"ListItem\",\"position\":3,\"name\":\"Ami blouse\"}]},{\"@type\":\"WebSite\",\"@id\":\"https:\\\/\\\/arniblum.com\\\/arniblum\\\/#website\",\"url\":\"https:\\\/\\\/arniblum.com\\\/arniblum\\\/\",\"name\":\"\u00c4rni Blum\",\"description\":\"Sustainable knits to survive Scandinavian crispy weather!\",\"publisher\":{\"@id\":\"https:\\\/\\\/arniblum.com\\\/arniblum\\\/#organization\"},\"alternateName\":\"\u00c4rni Blum O\u00dc\",\"potentialAction\":[{\"@type\":\"SearchAction\",\"target\":{\"@type\":\"EntryPoint\",\"urlTemplate\":\"https:\\\/\\\/arniblum.com\\\/arniblum\\\/?s={search_term_string}\"},\"query-input\":{\"@type\":\"PropertyValueSpecification\",\"valueRequired\":true,\"valueName\":\"search_term_string\"}}],\"inLanguage\":\"et\"},{\"@type\":\"Organization\",\"@id\":\"https:\\\/\\\/arniblum.com\\\/arniblum\\\/#organization\",\"name\":\"\u00c4rni Blum O\u00dc\",\"alternateName\":\"\u00c4rni Blum\",\"url\":\"https:\\\/\\\/arniblum.com\\\/arniblum\\\/\",\"logo\":{\"@type\":\"ImageObject\",\"inLanguage\":\"et\",\"@id\":\"https:\\\/\\\/arniblum.com\\\/arniblum\\\/#\\\/schema\\\/logo\\\/image\\\/\",\"url\":\"https:\\\/\\\/arniblum.com\\\/wp-content\\\/uploads\\\/2026\\\/03\\\/Arni-Blum-logotype_katse-1.svg\",\"contentUrl\":\"https:\\\/\\\/arniblum.com\\\/wp-content\\\/uploads\\\/2026\\\/03\\\/Arni-Blum-logotype_katse-1.svg\",\"width\":1406,\"height\":313,\"caption\":\"\u00c4rni Blum O\u00dc\"},\"image\":{\"@id\":\"https:\\\/\\\/arniblum.com\\\/arniblum\\\/#\\\/schema\\\/logo\\\/image\\\/\"},\"sameAs\":[\"https:\\\/\\\/www.facebook.com\\\/arniblum\",\"https:\\\/\\\/www.instagram.com\\\/arniblum\\\/\"]}]}<\/script>\n<!-- \/ Yoast SEO plugin. -->","yoast_head_json":{"title":"Puuvilltriibuline pluus | kudumid naistele | Eesti disain","description":"Ami pluus on kootud pehmest puuvillasest l\u00f5ngast. K\u00fclgedel on n\u00f6\u00f6rid, millega saab pluusi pikkust reguleerida ning luua as\u00fcmmeetriat. Varrukad on muljetavaldavalt pikad ja neil on l\u00f5hikud.","robots":{"index":"index","follow":"follow","max-snippet":"max-snippet:-1","max-image-preview":"max-image-preview:large","max-video-preview":"max-video-preview:-1"},"canonical":"https:\/\/arniblum.com\/et\/arniblum\/toode\/ami-pluus\/","og_locale":"et_EE","og_type":"article","og_title":"Cotton knit blouse | knitwear for women | Estonian design","og_description":"Ami blouse is knitted from soft cotton yarn. There are laces on the sides that can be used to adjust the length of the blouse and create asymmetry. The sleeves are impressively long and have slits.","og_url":"https:\/\/arniblum.com\/et\/arniblum\/toode\/ami-pluus\/","og_site_name":"\u00c4rni Blum","article_publisher":"https:\/\/www.facebook.com\/arniblum","article_modified_time":"2026-04-17T07:14:08+00:00","og_image":[{"width":1708,"height":2560,"url":"https:\/\/securify.ee\/arniblum\/wp-content\/uploads\/2026\/04\/T7A3440-scaled.jpg","type":"image\/jpeg"}],"twitter_card":"summary_large_image","twitter_misc":{"Est. reading time":"1 minut"},"schema":{"@context":"https:\/\/schema.org","@graph":[{"@type":"WebPage","@id":"https:\/\/arniblum.com\/arniblum\/product\/ami-blouse\/","url":"https:\/\/arniblum.com\/arniblum\/product\/ami-blouse\/","name":"Puuvilltriibuline pluus | kudumid naistele | Eesti disain","isPartOf":{"@id":"https:\/\/arniblum.com\/arniblum\/#website"},"primaryImageOfPage":{"@id":"https:\/\/arniblum.com\/arniblum\/product\/ami-blouse\/#primaryimage"},"image":{"@id":"https:\/\/arniblum.com\/arniblum\/product\/ami-blouse\/#primaryimage"},"thumbnailUrl":"https:\/\/arniblum.com\/wp-content\/uploads\/2026\/04\/T7A3440-scaled.jpg","datePublished":"2026-03-18T12:00:36+00:00","dateModified":"2026-04-17T07:14:08+00:00","description":"Ami pluus on kootud pehmest puuvillasest l\u00f5ngast. K\u00fclgedel on n\u00f6\u00f6rid, millega saab pluusi pikkust reguleerida ning luua as\u00fcmmeetriat. Varrukad on muljetavaldavalt pikad ja neil on l\u00f5hikud.","breadcrumb":{"@id":"https:\/\/arniblum.com\/arniblum\/product\/ami-blouse\/#breadcrumb"},"inLanguage":"et","potentialAction":[{"@type":"ReadAction","target":["https:\/\/arniblum.com\/arniblum\/product\/ami-blouse\/"]}]},{"@type":"ImageObject","inLanguage":"et","@id":"https:\/\/arniblum.com\/arniblum\/product\/ami-blouse\/#primaryimage","url":"https:\/\/arniblum.com\/wp-content\/uploads\/2026\/04\/T7A3440-scaled.jpg","contentUrl":"https:\/\/arniblum.com\/wp-content\/uploads\/2026\/04\/T7A3440-scaled.jpg","width":1708,"height":2560},{"@type":"BreadcrumbList","@id":"https:\/\/arniblum.com\/arniblum\/product\/ami-blouse\/#breadcrumb","itemListElement":[{"@type":"ListItem","position":1,"name":"Home","item":"https:\/\/arniblum.com\/"},{"@type":"ListItem","position":2,"name":"Shop","item":"https:\/\/arniblum.com\/arniblum\/shop\/"},{"@type":"ListItem","position":3,"name":"Ami blouse"}]},{"@type":"WebSite","@id":"https:\/\/arniblum.com\/arniblum\/#website","url":"https:\/\/arniblum.com\/arniblum\/","name":"\u00c4rni Blum","description":"J\u00e4tkusuutlikud kudumid Skandinaavia karmiks ilmastikuks!","publisher":{"@id":"https:\/\/arniblum.com\/arniblum\/#organization"},"alternateName":"\u00c4rni Blum O\u00dc","potentialAction":[{"@type":"SearchAction","target":{"@type":"EntryPoint","urlTemplate":"https:\/\/arniblum.com\/arniblum\/?s={search_term_string}"},"query-input":{"@type":"PropertyValueSpecification","valueRequired":true,"valueName":"search_term_string"}}],"inLanguage":"et"},{"@type":"Organization","@id":"https:\/\/arniblum.com\/arniblum\/#organization","name":"\u00c4rni Blum O\u00dc","alternateName":"\u00c4rni Blum","url":"https:\/\/arniblum.com\/arniblum\/","logo":{"@type":"ImageObject","inLanguage":"et","@id":"https:\/\/arniblum.com\/arniblum\/#\/schema\/logo\/image\/","url":"https:\/\/arniblum.com\/wp-content\/uploads\/2026\/03\/Arni-Blum-logotype_katse-1.svg","contentUrl":"https:\/\/arniblum.com\/wp-content\/uploads\/2026\/03\/Arni-Blum-logotype_katse-1.svg","width":1406,"height":313,"caption":"\u00c4rni Blum O\u00dc"},"image":{"@id":"https:\/\/arniblum.com\/arniblum\/#\/schema\/logo\/image\/"},"sameAs":["https:\/\/www.facebook.com\/arniblum","https:\/\/www.instagram.com\/arniblum\/"]}]}},"_links":{"self":[{"href":"https:\/\/arniblum.com\/et\/wp-json\/wp\/v2\/product\/1477","targetHints":{"allow":["GET"]}}],"collection":[{"href":"https:\/\/arniblum.com\/et\/wp-json\/wp\/v2\/product"}],"about":[{"href":"https:\/\/arniblum.com\/et\/wp-json\/wp\/v2\/types\/product"}],"replies":[{"embeddable":true,"href":"https:\/\/arniblum.com\/et\/wp-json\/wp\/v2\/comments?post=1477"}],"wp:featuredmedia":[{"embeddable":true,"href":"https:\/\/arniblum.com\/et\/wp-json\/wp\/v2\/media\/19232"}],"wp:attachment":[{"href":"https:\/\/arniblum.com\/et\/wp-json\/wp\/v2\/media?parent=1477"}],"wp:term":[{"taxonomy":"product_brand","embeddable":true,"href":"https:\/\/arniblum.com\/et\/wp-json\/wp\/v2\/product_brand?post=1477"},{"taxonomy":"product_cat","embeddable":true,"href":"https:\/\/arniblum.com\/et\/wp-json\/wp\/v2\/product_cat?post=1477"},{"taxonomy":"product_tag","embeddable":true,"href":"https:\/\/arniblum.com\/et\/wp-json\/wp\/v2\/product_tag?post=1477"},{"taxonomy":"giftcard-category","embeddable":true,"href":"https:\/\/arniblum.com\/et\/wp-json\/wp\/v2\/giftcard-category?post=1477"}],"curies":[{"name":"wp","href":"https:\/\/api.w.org\/{rel}","templated":true}]}}