{"id":47,"date":"2026-03-18T11:34:19","date_gmt":"2026-03-18T11:34:19","guid":{"rendered":"https:\/\/arniblum.com\/arniblum\/?post_type=product&#038;p=47"},"modified":"2026-04-18T06:41:50","modified_gmt":"2026-04-18T06:41:50","slug":"roots-kampsun","status":"publish","type":"product","link":"https:\/\/arniblum.com\/et\/product\/roots-sweater\/","title":{"rendered":"Roots kampsun"},"content":{"rendered":"<p><span data-sheets-root=\"1\">Valmistatud eritellimusel \u2013 valmib kuni 7 t\u00f6\u00f6p\u00e4eva jooksul.<\/span><\/p>\n<p>Mugav, l\u00f5tv kampsun.<br \/>\nMustriline disain.<\/p>\n<p>Valmistatud k\u00e4sitsi v\u00e4ga peenest meriinovillast. Tasakaalustatud l\u00f5ige, mis on disainitud sinuga kaasa liikuma. Kohandub loomulikult temperatuuriga.<\/p>\n<p>Paarige ROOTS p\u00fckstega.<\/p>","protected":false},"excerpt":{"rendered":"<p><span data-sheets-root=\"1\">Materjal \u2014 100% eriti peen meriinovill.<br \/>\nK\u00e4sitsi valmistatud Saaremaal, Eestis.<br \/>\nValmis kuni 7 t\u00f6\u00f6p\u00e4eva jooksul.<\/span><\/p>","protected":false},"featured_media":239,"comment_status":"open","ping_status":"closed","template":"","meta":{"_acf_changed":false,"site-sidebar-layout":"default","site-content-layout":"","ast-site-content-layout":"default","site-content-style":"default","site-sidebar-style":"default","ast-global-header-display":"","ast-banner-title-visibility":"","ast-main-header-display":"","ast-hfb-above-header-display":"","ast-hfb-below-header-display":"","ast-hfb-mobile-header-display":"","site-post-title":"","ast-breadcrumbs-content":"","ast-featured-img":"","footer-sml-layout":"","ast-disable-related-posts":"","theme-transparent-header-meta":"default","adv-header-id-meta":"","stick-header-meta":"","header-above-stick-meta":"","header-main-stick-meta":"","header-below-stick-meta":"","astra-migrate-meta-layouts":"set","ast-page-background-enabled":"default","ast-page-background-meta":{"desktop":{"background-color":"var(--ast-global-color-5)","background-image":"","background-repeat":"repeat","background-position":"center center","background-size":"auto","background-attachment":"scroll","background-type":"","background-media":"","overlay-type":"","overlay-color":"","overlay-opacity":"","overlay-gradient":""},"tablet":{"background-color":"","background-image":"","background-repeat":"repeat","background-position":"center center","background-size":"auto","background-attachment":"scroll","background-type":"","background-media":"","overlay-type":"","overlay-color":"","overlay-opacity":"","overlay-gradient":""},"mobile":{"background-color":"","background-image":"","background-repeat":"repeat","background-position":"center center","background-size":"auto","background-attachment":"scroll","background-type":"","background-media":"","overlay-type":"","overlay-color":"","overlay-opacity":"","overlay-gradient":""}},"ast-content-background-meta":{"desktop":{"background-color":"var(--ast-global-color-4)","background-image":"","background-repeat":"repeat","background-position":"center center","background-size":"auto","background-attachment":"scroll","background-type":"","background-media":"","overlay-type":"","overlay-color":"","overlay-opacity":"","overlay-gradient":""},"tablet":{"background-color":"var(--ast-global-color-4)","background-image":"","background-repeat":"repeat","background-position":"center center","background-size":"auto","background-attachment":"scroll","background-type":"","background-media":"","overlay-type":"","overlay-color":"","overlay-opacity":"","overlay-gradient":""},"mobile":{"background-color":"var(--ast-global-color-4)","background-image":"","background-repeat":"repeat","background-position":"center center","background-size":"auto","background-attachment":"scroll","background-type":"","background-media":"","overlay-type":"","overlay-color":"","overlay-opacity":"","overlay-gradient":""}}},"product_brand":[],"product_cat":[23,30],"product_tag":[18],"giftcard-category":[],"class_list":{"0":"post-47","1":"product","2":"type-product","3":"status-publish","4":"has-post-thumbnail","6":"product_cat-knitwear-for-men","7":"product_cat-mens-knitwear","8":"product_tag-nirgiwabrik","9":"desktop-align-left","10":"tablet-align-left","11":"mobile-align-left","13":"first","14":"onbackorder","15":"taxable","16":"shipping-taxable","17":"purchasable","18":"product-type-variable"},"acf":[],"yoast_head":"<!-- This site is optimized with the Yoast SEO plugin v27.4 - https:\/\/yoast.com\/product\/yoast-seo-wordpress\/ -->\n<title>Roots knitted sweater | men&#039;s sweaters | alpaca wool<\/title>\n<meta name=\"description\" content=\"The Roots sweater is designed for the classic man who appreciates quality and comfort. Knitted from soft and skin-friendly extra fine merino wool, this sweater offers the perfect balance of warmth and breathability - neither too hot nor too cold.\" \/>\n<meta name=\"robots\" content=\"index, follow, max-snippet:-1, max-image-preview:large, max-video-preview:-1\" \/>\n<link rel=\"canonical\" href=\"https:\/\/arniblum.com\/et\/toode\/roots-kampsun\/\" \/>\n<meta property=\"og:locale\" content=\"et_EE\" \/>\n<meta property=\"og:type\" content=\"article\" \/>\n<meta property=\"og:title\" content=\"Roots knitted sweater | men&#039;s sweaters | alpaca wool\" \/>\n<meta property=\"og:description\" content=\"The Roots sweater is designed for the classic man who appreciates quality and comfort. Knitted from soft and skin-friendly extra fine merino wool, this sweater offers the perfect balance of warmth and breathability - neither too hot nor too cold.\" \/>\n<meta property=\"og:url\" content=\"https:\/\/arniblum.com\/et\/toode\/roots-kampsun\/\" \/>\n<meta property=\"og:site_name\" content=\"\u00c4rni Blum\" \/>\n<meta property=\"article:publisher\" content=\"https:\/\/www.facebook.com\/arniblum\" \/>\n<meta property=\"article:modified_time\" content=\"2026-04-18T06:41:50+00:00\" \/>\n<meta property=\"og:image\" content=\"https:\/\/arniblum.com\/wp-content\/uploads\/2026\/03\/ARNI_BLUM_Roots_kampsun_meeste_hall.jpg\" \/>\n\t<meta property=\"og:image:width\" content=\"2000\" \/>\n\t<meta property=\"og:image:height\" content=\"2000\" \/>\n\t<meta property=\"og:image:type\" content=\"image\/jpeg\" \/>\n<meta name=\"twitter:card\" content=\"summary_large_image\" \/>\n<meta name=\"twitter:label1\" content=\"Est. reading time\" \/>\n\t<meta name=\"twitter:data1\" content=\"1 minut\" \/>\n<script type=\"application\/ld+json\" class=\"yoast-schema-graph\">{\"@context\":\"https:\\\/\\\/schema.org\",\"@graph\":[{\"@type\":\"WebPage\",\"@id\":\"https:\\\/\\\/arniblum.com\\\/product\\\/roots-sweater\\\/\",\"url\":\"https:\\\/\\\/arniblum.com\\\/product\\\/roots-sweater\\\/\",\"name\":\"Roots knitted sweater | men's sweaters | alpaca wool\",\"isPartOf\":{\"@id\":\"https:\\\/\\\/arniblum.com\\\/arniblum\\\/#website\"},\"primaryImageOfPage\":{\"@id\":\"https:\\\/\\\/arniblum.com\\\/product\\\/roots-sweater\\\/#primaryimage\"},\"image\":{\"@id\":\"https:\\\/\\\/arniblum.com\\\/product\\\/roots-sweater\\\/#primaryimage\"},\"thumbnailUrl\":\"https:\\\/\\\/arniblum.com\\\/wp-content\\\/uploads\\\/2026\\\/03\\\/ARNI_BLUM_Roots_kampsun_meeste_hall.jpg\",\"datePublished\":\"2026-03-18T11:34:19+00:00\",\"dateModified\":\"2026-04-18T06:41:50+00:00\",\"description\":\"The Roots sweater is designed for the classic man who appreciates quality and comfort. Knitted from soft and skin-friendly extra fine merino wool, this sweater offers the perfect balance of warmth and breathability - neither too hot nor too cold.\",\"breadcrumb\":{\"@id\":\"https:\\\/\\\/arniblum.com\\\/product\\\/roots-sweater\\\/#breadcrumb\"},\"inLanguage\":\"et\",\"potentialAction\":[{\"@type\":\"ReadAction\",\"target\":[\"https:\\\/\\\/arniblum.com\\\/product\\\/roots-sweater\\\/\"]}]},{\"@type\":\"ImageObject\",\"inLanguage\":\"et\",\"@id\":\"https:\\\/\\\/arniblum.com\\\/product\\\/roots-sweater\\\/#primaryimage\",\"url\":\"https:\\\/\\\/arniblum.com\\\/wp-content\\\/uploads\\\/2026\\\/03\\\/ARNI_BLUM_Roots_kampsun_meeste_hall.jpg\",\"contentUrl\":\"https:\\\/\\\/arniblum.com\\\/wp-content\\\/uploads\\\/2026\\\/03\\\/ARNI_BLUM_Roots_kampsun_meeste_hall.jpg\",\"width\":2000,\"height\":2000},{\"@type\":\"BreadcrumbList\",\"@id\":\"https:\\\/\\\/arniblum.com\\\/product\\\/roots-sweater\\\/#breadcrumb\",\"itemListElement\":[{\"@type\":\"ListItem\",\"position\":1,\"name\":\"Home\",\"item\":\"https:\\\/\\\/arniblum.com\\\/\"},{\"@type\":\"ListItem\",\"position\":2,\"name\":\"Shop\",\"item\":\"https:\\\/\\\/arniblum.com\\\/arniblum\\\/shop\\\/\"},{\"@type\":\"ListItem\",\"position\":3,\"name\":\"Roots sweater\"}]},{\"@type\":\"WebSite\",\"@id\":\"https:\\\/\\\/arniblum.com\\\/arniblum\\\/#website\",\"url\":\"https:\\\/\\\/arniblum.com\\\/arniblum\\\/\",\"name\":\"\u00c4rni Blum\",\"description\":\"Sustainable knits to survive Scandinavian crispy weather!\",\"publisher\":{\"@id\":\"https:\\\/\\\/arniblum.com\\\/arniblum\\\/#organization\"},\"alternateName\":\"\u00c4rni Blum O\u00dc\",\"potentialAction\":[{\"@type\":\"SearchAction\",\"target\":{\"@type\":\"EntryPoint\",\"urlTemplate\":\"https:\\\/\\\/arniblum.com\\\/arniblum\\\/?s={search_term_string}\"},\"query-input\":{\"@type\":\"PropertyValueSpecification\",\"valueRequired\":true,\"valueName\":\"search_term_string\"}}],\"inLanguage\":\"et\"},{\"@type\":\"Organization\",\"@id\":\"https:\\\/\\\/arniblum.com\\\/arniblum\\\/#organization\",\"name\":\"\u00c4rni Blum O\u00dc\",\"alternateName\":\"\u00c4rni Blum\",\"url\":\"https:\\\/\\\/arniblum.com\\\/arniblum\\\/\",\"logo\":{\"@type\":\"ImageObject\",\"inLanguage\":\"et\",\"@id\":\"https:\\\/\\\/arniblum.com\\\/arniblum\\\/#\\\/schema\\\/logo\\\/image\\\/\",\"url\":\"https:\\\/\\\/arniblum.com\\\/wp-content\\\/uploads\\\/2026\\\/03\\\/Arni-Blum-logotype_katse-1.svg\",\"contentUrl\":\"https:\\\/\\\/arniblum.com\\\/wp-content\\\/uploads\\\/2026\\\/03\\\/Arni-Blum-logotype_katse-1.svg\",\"width\":1406,\"height\":313,\"caption\":\"\u00c4rni Blum O\u00dc\"},\"image\":{\"@id\":\"https:\\\/\\\/arniblum.com\\\/arniblum\\\/#\\\/schema\\\/logo\\\/image\\\/\"},\"sameAs\":[\"https:\\\/\\\/www.facebook.com\\\/arniblum\",\"https:\\\/\\\/www.instagram.com\\\/arniblum\\\/\"]}]}<\/script>\n<!-- \/ Yoast SEO plugin. -->","yoast_head_json":{"title":"Roots kootud kampsun | meeste kampsunid | alpakavill","description":"Rootsi kampsun on disainitud klassikalisele mehele, kes hindab kvaliteeti ja mugavust. Pehmest ja nahas\u00f5bralikust \u00fclipeenest meriinovillast kootud kampsun pakub t\u00e4iuslikku tasakaalu sooja ja hingavuse vahel \u2013 ei liiga palav ega liiga k\u00fclm.","robots":{"index":"index","follow":"follow","max-snippet":"max-snippet:-1","max-image-preview":"max-image-preview:large","max-video-preview":"max-video-preview:-1"},"canonical":"https:\/\/arniblum.com\/et\/toode\/roots-kampsun\/","og_locale":"et_EE","og_type":"article","og_title":"Roots knitted sweater | men's sweaters | alpaca wool","og_description":"The Roots sweater is designed for the classic man who appreciates quality and comfort. Knitted from soft and skin-friendly extra fine merino wool, this sweater offers the perfect balance of warmth and breathability - neither too hot nor too cold.","og_url":"https:\/\/arniblum.com\/et\/toode\/roots-kampsun\/","og_site_name":"\u00c4rni Blum","article_publisher":"https:\/\/www.facebook.com\/arniblum","article_modified_time":"2026-04-18T06:41:50+00:00","og_image":[{"width":2000,"height":2000,"url":"https:\/\/arniblum.com\/wp-content\/uploads\/2026\/03\/ARNI_BLUM_Roots_kampsun_meeste_hall.jpg","type":"image\/jpeg"}],"twitter_card":"summary_large_image","twitter_misc":{"Est. reading time":"1 minut"},"schema":{"@context":"https:\/\/schema.org","@graph":[{"@type":"WebPage","@id":"https:\/\/arniblum.com\/product\/roots-sweater\/","url":"https:\/\/arniblum.com\/product\/roots-sweater\/","name":"Roots kootud kampsun | meeste kampsunid | alpakavill","isPartOf":{"@id":"https:\/\/arniblum.com\/arniblum\/#website"},"primaryImageOfPage":{"@id":"https:\/\/arniblum.com\/product\/roots-sweater\/#primaryimage"},"image":{"@id":"https:\/\/arniblum.com\/product\/roots-sweater\/#primaryimage"},"thumbnailUrl":"https:\/\/arniblum.com\/wp-content\/uploads\/2026\/03\/ARNI_BLUM_Roots_kampsun_meeste_hall.jpg","datePublished":"2026-03-18T11:34:19+00:00","dateModified":"2026-04-18T06:41:50+00:00","description":"Rootsi kampsun on disainitud klassikalisele mehele, kes hindab kvaliteeti ja mugavust. Pehmest ja nahas\u00f5bralikust \u00fclipeenest meriinovillast kootud kampsun pakub t\u00e4iuslikku tasakaalu sooja ja hingavuse vahel \u2013 ei liiga palav ega liiga k\u00fclm.","breadcrumb":{"@id":"https:\/\/arniblum.com\/product\/roots-sweater\/#breadcrumb"},"inLanguage":"et","potentialAction":[{"@type":"ReadAction","target":["https:\/\/arniblum.com\/product\/roots-sweater\/"]}]},{"@type":"ImageObject","inLanguage":"et","@id":"https:\/\/arniblum.com\/product\/roots-sweater\/#primaryimage","url":"https:\/\/arniblum.com\/wp-content\/uploads\/2026\/03\/ARNI_BLUM_Roots_kampsun_meeste_hall.jpg","contentUrl":"https:\/\/arniblum.com\/wp-content\/uploads\/2026\/03\/ARNI_BLUM_Roots_kampsun_meeste_hall.jpg","width":2000,"height":2000},{"@type":"BreadcrumbList","@id":"https:\/\/arniblum.com\/product\/roots-sweater\/#breadcrumb","itemListElement":[{"@type":"ListItem","position":1,"name":"Home","item":"https:\/\/arniblum.com\/"},{"@type":"ListItem","position":2,"name":"Shop","item":"https:\/\/arniblum.com\/arniblum\/shop\/"},{"@type":"ListItem","position":3,"name":"Roots sweater"}]},{"@type":"WebSite","@id":"https:\/\/arniblum.com\/arniblum\/#website","url":"https:\/\/arniblum.com\/arniblum\/","name":"\u00c4rni Blum","description":"J\u00e4tkusuutlikud kudumid Skandinaavia karmiks ilmastikuks!","publisher":{"@id":"https:\/\/arniblum.com\/arniblum\/#organization"},"alternateName":"\u00c4rni Blum O\u00dc","potentialAction":[{"@type":"SearchAction","target":{"@type":"EntryPoint","urlTemplate":"https:\/\/arniblum.com\/arniblum\/?s={search_term_string}"},"query-input":{"@type":"PropertyValueSpecification","valueRequired":true,"valueName":"search_term_string"}}],"inLanguage":"et"},{"@type":"Organization","@id":"https:\/\/arniblum.com\/arniblum\/#organization","name":"\u00c4rni Blum O\u00dc","alternateName":"\u00c4rni Blum","url":"https:\/\/arniblum.com\/arniblum\/","logo":{"@type":"ImageObject","inLanguage":"et","@id":"https:\/\/arniblum.com\/arniblum\/#\/schema\/logo\/image\/","url":"https:\/\/arniblum.com\/wp-content\/uploads\/2026\/03\/Arni-Blum-logotype_katse-1.svg","contentUrl":"https:\/\/arniblum.com\/wp-content\/uploads\/2026\/03\/Arni-Blum-logotype_katse-1.svg","width":1406,"height":313,"caption":"\u00c4rni Blum O\u00dc"},"image":{"@id":"https:\/\/arniblum.com\/arniblum\/#\/schema\/logo\/image\/"},"sameAs":["https:\/\/www.facebook.com\/arniblum","https:\/\/www.instagram.com\/arniblum\/"]}]}},"_links":{"self":[{"href":"https:\/\/arniblum.com\/et\/wp-json\/wp\/v2\/product\/47","targetHints":{"allow":["GET"]}}],"collection":[{"href":"https:\/\/arniblum.com\/et\/wp-json\/wp\/v2\/product"}],"about":[{"href":"https:\/\/arniblum.com\/et\/wp-json\/wp\/v2\/types\/product"}],"replies":[{"embeddable":true,"href":"https:\/\/arniblum.com\/et\/wp-json\/wp\/v2\/comments?post=47"}],"wp:featuredmedia":[{"embeddable":true,"href":"https:\/\/arniblum.com\/et\/wp-json\/wp\/v2\/media\/239"}],"wp:attachment":[{"href":"https:\/\/arniblum.com\/et\/wp-json\/wp\/v2\/media?parent=47"}],"wp:term":[{"taxonomy":"product_brand","embeddable":true,"href":"https:\/\/arniblum.com\/et\/wp-json\/wp\/v2\/product_brand?post=47"},{"taxonomy":"product_cat","embeddable":true,"href":"https:\/\/arniblum.com\/et\/wp-json\/wp\/v2\/product_cat?post=47"},{"taxonomy":"product_tag","embeddable":true,"href":"https:\/\/arniblum.com\/et\/wp-json\/wp\/v2\/product_tag?post=47"},{"taxonomy":"giftcard-category","embeddable":true,"href":"https:\/\/arniblum.com\/et\/wp-json\/wp\/v2\/giftcard-category?post=47"}],"curies":[{"name":"wp","href":"https:\/\/api.w.org\/{rel}","templated":true}]}}