{"id":641,"date":"2026-03-18T11:45:19","date_gmt":"2026-03-18T11:45:19","guid":{"rendered":"https:\/\/arniblum.com\/arniblum\/?post_type=product&#038;p=641"},"modified":"2026-04-16T12:00:32","modified_gmt":"2026-04-16T12:00:32","slug":"poale-topp","status":"publish","type":"product","link":"https:\/\/arniblum.com\/et\/product\/poale-top\/","title":{"rendered":"Poale top"},"content":{"rendered":"<p><span data-sheets-root=\"1\">Valmistatud eritellimusel \u2013 valmib kuni 7 t\u00f6\u00f6p\u00e4eva jooksul.<\/span><\/p>\n<p>Minimaalne varrukateta topp.<br \/>\nNaha l\u00e4hedal.<\/p>\n<p>Valmistatud k\u00e4sit\u00f6\u00f6na puuvillasest l\u00f5ngast. Hingav kiht, mis on veidi l\u00e4bipaistev. K\u00f5rge kaelus, k\u00fcljelt l\u00f5hikuga all\u00e4\u00e4r.<\/p>\n<p>Kanna seda omal moel \u2013 \u00fcksi v\u00f5i aluskihina.<\/p>","protected":false},"excerpt":{"rendered":"<p><span data-sheets-root=\"1\">Materjal \u2014 100% puuvill.<br \/>\nK\u00e4sitsi valmistatud Saaremaal, Eestis.<br \/>\nValmis kuni 7 t\u00f6\u00f6p\u00e4eva jooksul.<\/span><\/p>","protected":false},"featured_media":667,"comment_status":"open","ping_status":"closed","template":"","meta":{"_acf_changed":false,"site-sidebar-layout":"default","site-content-layout":"","ast-site-content-layout":"default","site-content-style":"default","site-sidebar-style":"default","ast-global-header-display":"","ast-banner-title-visibility":"","ast-main-header-display":"","ast-hfb-above-header-display":"","ast-hfb-below-header-display":"","ast-hfb-mobile-header-display":"","site-post-title":"","ast-breadcrumbs-content":"","ast-featured-img":"","footer-sml-layout":"","ast-disable-related-posts":"","theme-transparent-header-meta":"default","adv-header-id-meta":"","stick-header-meta":"","header-above-stick-meta":"","header-main-stick-meta":"","header-below-stick-meta":"","astra-migrate-meta-layouts":"set","ast-page-background-enabled":"default","ast-page-background-meta":{"desktop":{"background-color":"var(--ast-global-color-5)","background-image":"","background-repeat":"repeat","background-position":"center center","background-size":"auto","background-attachment":"scroll","background-type":"","background-media":"","overlay-type":"","overlay-color":"","overlay-opacity":"","overlay-gradient":""},"tablet":{"background-color":"","background-image":"","background-repeat":"repeat","background-position":"center center","background-size":"auto","background-attachment":"scroll","background-type":"","background-media":"","overlay-type":"","overlay-color":"","overlay-opacity":"","overlay-gradient":""},"mobile":{"background-color":"","background-image":"","background-repeat":"repeat","background-position":"center center","background-size":"auto","background-attachment":"scroll","background-type":"","background-media":"","overlay-type":"","overlay-color":"","overlay-opacity":"","overlay-gradient":""}},"ast-content-background-meta":{"desktop":{"background-color":"var(--ast-global-color-4)","background-image":"","background-repeat":"repeat","background-position":"center center","background-size":"auto","background-attachment":"scroll","background-type":"","background-media":"","overlay-type":"","overlay-color":"","overlay-opacity":"","overlay-gradient":""},"tablet":{"background-color":"var(--ast-global-color-4)","background-image":"","background-repeat":"repeat","background-position":"center center","background-size":"auto","background-attachment":"scroll","background-type":"","background-media":"","overlay-type":"","overlay-color":"","overlay-opacity":"","overlay-gradient":""},"mobile":{"background-color":"var(--ast-global-color-4)","background-image":"","background-repeat":"repeat","background-position":"center center","background-size":"auto","background-attachment":"scroll","background-type":"","background-media":"","overlay-type":"","overlay-color":"","overlay-opacity":"","overlay-gradient":""}}},"product_brand":[],"product_cat":[16,25],"product_tag":[18],"giftcard-category":[],"class_list":{"0":"post-641","1":"product","2":"type-product","3":"status-publish","4":"has-post-thumbnail","6":"product_cat-knitwear-for-women","7":"product_cat-tops-and-vests","8":"product_tag-nirgiwabrik","9":"desktop-align-left","10":"tablet-align-left","11":"mobile-align-left","13":"first","14":"onbackorder","15":"taxable","16":"shipping-taxable","17":"purchasable","18":"product-type-variable"},"acf":[],"yoast_head":"<!-- This site is optimized with the Yoast SEO plugin v27.4 - https:\/\/yoast.com\/product\/yoast-seo-wordpress\/ -->\n<title>Cotton top | knitwear for women | Estonian design<\/title>\n<meta name=\"description\" content=\"Wear the Poale top with skirts, trousers in the summer or as a base layer for jackets and sweaters in the cold. \u00c4rni Blum&#039;s stylish tops for women are designed and handmade in Estonia, on Saaremaa.\" \/>\n<meta name=\"robots\" content=\"index, follow, max-snippet:-1, max-image-preview:large, max-video-preview:-1\" \/>\n<link rel=\"canonical\" href=\"https:\/\/arniblum.com\/et\/arniblum\/toode\/poale-topp\/\" \/>\n<meta property=\"og:locale\" content=\"et_EE\" \/>\n<meta property=\"og:type\" content=\"article\" \/>\n<meta property=\"og:title\" content=\"Cotton top | knitwear for women | Estonian design\" \/>\n<meta property=\"og:description\" content=\"Wear the Poale top with skirts, trousers in the summer or as a base layer for jackets and sweaters in the cold. \u00c4rni Blum&#039;s stylish tops for women are designed and handmade in Estonia, on Saaremaa.\" \/>\n<meta property=\"og:url\" content=\"https:\/\/arniblum.com\/et\/arniblum\/toode\/poale-topp\/\" \/>\n<meta property=\"og:site_name\" content=\"\u00c4rni Blum\" \/>\n<meta property=\"article:publisher\" content=\"https:\/\/www.facebook.com\/arniblum\" \/>\n<meta property=\"article:modified_time\" content=\"2026-04-16T12:00:32+00:00\" \/>\n<meta property=\"og:image\" content=\"https:\/\/securify.ee\/arniblum\/wp-content\/uploads\/2026\/03\/ARNI_BLUM_Poale_kootud_topp_kakao.jpg\" \/>\n\t<meta property=\"og:image:width\" content=\"1708\" \/>\n\t<meta property=\"og:image:height\" content=\"2560\" \/>\n\t<meta property=\"og:image:type\" content=\"image\/jpeg\" \/>\n<meta name=\"twitter:card\" content=\"summary_large_image\" \/>\n<meta name=\"twitter:label1\" content=\"Est. reading time\" \/>\n\t<meta name=\"twitter:data1\" content=\"1 minut\" \/>\n<script type=\"application\/ld+json\" class=\"yoast-schema-graph\">{\"@context\":\"https:\\\/\\\/schema.org\",\"@graph\":[{\"@type\":\"WebPage\",\"@id\":\"https:\\\/\\\/arniblum.com\\\/arniblum\\\/product\\\/poale-top\\\/\",\"url\":\"https:\\\/\\\/arniblum.com\\\/arniblum\\\/product\\\/poale-top\\\/\",\"name\":\"Cotton top | knitwear for women | Estonian design\",\"isPartOf\":{\"@id\":\"https:\\\/\\\/arniblum.com\\\/arniblum\\\/#website\"},\"primaryImageOfPage\":{\"@id\":\"https:\\\/\\\/arniblum.com\\\/arniblum\\\/product\\\/poale-top\\\/#primaryimage\"},\"image\":{\"@id\":\"https:\\\/\\\/arniblum.com\\\/arniblum\\\/product\\\/poale-top\\\/#primaryimage\"},\"thumbnailUrl\":\"https:\\\/\\\/arniblum.com\\\/wp-content\\\/uploads\\\/2026\\\/03\\\/ARNI_BLUM_Poale_kootud_topp_kakao.jpg\",\"datePublished\":\"2026-03-18T11:45:19+00:00\",\"dateModified\":\"2026-04-16T12:00:32+00:00\",\"description\":\"Wear the Poale top with skirts, trousers in the summer or as a base layer for jackets and sweaters in the cold. \u00c4rni Blum's stylish tops for women are designed and handmade in Estonia, on Saaremaa.\",\"breadcrumb\":{\"@id\":\"https:\\\/\\\/arniblum.com\\\/arniblum\\\/product\\\/poale-top\\\/#breadcrumb\"},\"inLanguage\":\"et\",\"potentialAction\":[{\"@type\":\"ReadAction\",\"target\":[\"https:\\\/\\\/arniblum.com\\\/arniblum\\\/product\\\/poale-top\\\/\"]}]},{\"@type\":\"ImageObject\",\"inLanguage\":\"et\",\"@id\":\"https:\\\/\\\/arniblum.com\\\/arniblum\\\/product\\\/poale-top\\\/#primaryimage\",\"url\":\"https:\\\/\\\/arniblum.com\\\/wp-content\\\/uploads\\\/2026\\\/03\\\/ARNI_BLUM_Poale_kootud_topp_kakao.jpg\",\"contentUrl\":\"https:\\\/\\\/arniblum.com\\\/wp-content\\\/uploads\\\/2026\\\/03\\\/ARNI_BLUM_Poale_kootud_topp_kakao.jpg\",\"width\":1708,\"height\":2560},{\"@type\":\"BreadcrumbList\",\"@id\":\"https:\\\/\\\/arniblum.com\\\/arniblum\\\/product\\\/poale-top\\\/#breadcrumb\",\"itemListElement\":[{\"@type\":\"ListItem\",\"position\":1,\"name\":\"Home\",\"item\":\"https:\\\/\\\/arniblum.com\\\/\"},{\"@type\":\"ListItem\",\"position\":2,\"name\":\"Shop\",\"item\":\"https:\\\/\\\/arniblum.com\\\/arniblum\\\/shop\\\/\"},{\"@type\":\"ListItem\",\"position\":3,\"name\":\"Poale top\"}]},{\"@type\":\"WebSite\",\"@id\":\"https:\\\/\\\/arniblum.com\\\/arniblum\\\/#website\",\"url\":\"https:\\\/\\\/arniblum.com\\\/arniblum\\\/\",\"name\":\"\u00c4rni Blum\",\"description\":\"Sustainable knits to survive Scandinavian crispy weather!\",\"publisher\":{\"@id\":\"https:\\\/\\\/arniblum.com\\\/arniblum\\\/#organization\"},\"alternateName\":\"\u00c4rni Blum O\u00dc\",\"potentialAction\":[{\"@type\":\"SearchAction\",\"target\":{\"@type\":\"EntryPoint\",\"urlTemplate\":\"https:\\\/\\\/arniblum.com\\\/arniblum\\\/?s={search_term_string}\"},\"query-input\":{\"@type\":\"PropertyValueSpecification\",\"valueRequired\":true,\"valueName\":\"search_term_string\"}}],\"inLanguage\":\"et\"},{\"@type\":\"Organization\",\"@id\":\"https:\\\/\\\/arniblum.com\\\/arniblum\\\/#organization\",\"name\":\"\u00c4rni Blum O\u00dc\",\"alternateName\":\"\u00c4rni Blum\",\"url\":\"https:\\\/\\\/arniblum.com\\\/arniblum\\\/\",\"logo\":{\"@type\":\"ImageObject\",\"inLanguage\":\"et\",\"@id\":\"https:\\\/\\\/arniblum.com\\\/arniblum\\\/#\\\/schema\\\/logo\\\/image\\\/\",\"url\":\"https:\\\/\\\/arniblum.com\\\/wp-content\\\/uploads\\\/2026\\\/03\\\/Arni-Blum-logotype_katse-1.svg\",\"contentUrl\":\"https:\\\/\\\/arniblum.com\\\/wp-content\\\/uploads\\\/2026\\\/03\\\/Arni-Blum-logotype_katse-1.svg\",\"width\":1406,\"height\":313,\"caption\":\"\u00c4rni Blum O\u00dc\"},\"image\":{\"@id\":\"https:\\\/\\\/arniblum.com\\\/arniblum\\\/#\\\/schema\\\/logo\\\/image\\\/\"},\"sameAs\":[\"https:\\\/\\\/www.facebook.com\\\/arniblum\",\"https:\\\/\\\/www.instagram.com\\\/arniblum\\\/\"]}]}<\/script>\n<!-- \/ Yoast SEO plugin. -->","yoast_head_json":{"title":"Puuvillane topp | kudumid naistele | Eesti disain","description":"Kanna Poale toppi suvel seelikutega, p\u00fckstega v\u00f5i k\u00fclmal ajal jakkide ja kampsunite all. \u00c4rni Blum'i stiilsed naistetopsid on disainitud ja k\u00e4sit\u00f6\u00f6na valmistatud Eestis, Saaremaal.","robots":{"index":"index","follow":"follow","max-snippet":"max-snippet:-1","max-image-preview":"max-image-preview:large","max-video-preview":"max-video-preview:-1"},"canonical":"https:\/\/arniblum.com\/et\/arniblum\/toode\/poale-topp\/","og_locale":"et_EE","og_type":"article","og_title":"Cotton top | knitwear for women | Estonian design","og_description":"Wear the Poale top with skirts, trousers in the summer or as a base layer for jackets and sweaters in the cold. \u00c4rni Blum's stylish tops for women are designed and handmade in Estonia, on Saaremaa.","og_url":"https:\/\/arniblum.com\/et\/arniblum\/toode\/poale-topp\/","og_site_name":"\u00c4rni Blum","article_publisher":"https:\/\/www.facebook.com\/arniblum","article_modified_time":"2026-04-16T12:00:32+00:00","og_image":[{"width":1708,"height":2560,"url":"https:\/\/securify.ee\/arniblum\/wp-content\/uploads\/2026\/03\/ARNI_BLUM_Poale_kootud_topp_kakao.jpg","type":"image\/jpeg"}],"twitter_card":"summary_large_image","twitter_misc":{"Est. reading time":"1 minut"},"schema":{"@context":"https:\/\/schema.org","@graph":[{"@type":"WebPage","@id":"https:\/\/arniblum.com\/arniblum\/product\/poale-top\/","url":"https:\/\/arniblum.com\/arniblum\/product\/poale-top\/","name":"Puuvillane topp | kudumid naistele | Eesti disain","isPartOf":{"@id":"https:\/\/arniblum.com\/arniblum\/#website"},"primaryImageOfPage":{"@id":"https:\/\/arniblum.com\/arniblum\/product\/poale-top\/#primaryimage"},"image":{"@id":"https:\/\/arniblum.com\/arniblum\/product\/poale-top\/#primaryimage"},"thumbnailUrl":"https:\/\/arniblum.com\/wp-content\/uploads\/2026\/03\/ARNI_BLUM_Poale_kootud_topp_kakao.jpg","datePublished":"2026-03-18T11:45:19+00:00","dateModified":"2026-04-16T12:00:32+00:00","description":"Kanna Poale toppi suvel seelikutega, p\u00fckstega v\u00f5i k\u00fclmal ajal jakkide ja kampsunite all. \u00c4rni Blum'i stiilsed naistetopsid on disainitud ja k\u00e4sit\u00f6\u00f6na valmistatud Eestis, Saaremaal.","breadcrumb":{"@id":"https:\/\/arniblum.com\/arniblum\/product\/poale-top\/#breadcrumb"},"inLanguage":"et","potentialAction":[{"@type":"ReadAction","target":["https:\/\/arniblum.com\/arniblum\/product\/poale-top\/"]}]},{"@type":"ImageObject","inLanguage":"et","@id":"https:\/\/arniblum.com\/arniblum\/product\/poale-top\/#primaryimage","url":"https:\/\/arniblum.com\/wp-content\/uploads\/2026\/03\/ARNI_BLUM_Poale_kootud_topp_kakao.jpg","contentUrl":"https:\/\/arniblum.com\/wp-content\/uploads\/2026\/03\/ARNI_BLUM_Poale_kootud_topp_kakao.jpg","width":1708,"height":2560},{"@type":"BreadcrumbList","@id":"https:\/\/arniblum.com\/arniblum\/product\/poale-top\/#breadcrumb","itemListElement":[{"@type":"ListItem","position":1,"name":"Home","item":"https:\/\/arniblum.com\/"},{"@type":"ListItem","position":2,"name":"Shop","item":"https:\/\/arniblum.com\/arniblum\/shop\/"},{"@type":"ListItem","position":3,"name":"Poale top"}]},{"@type":"WebSite","@id":"https:\/\/arniblum.com\/arniblum\/#website","url":"https:\/\/arniblum.com\/arniblum\/","name":"\u00c4rni Blum","description":"J\u00e4tkusuutlikud kudumid Skandinaavia karmiks ilmastikuks!","publisher":{"@id":"https:\/\/arniblum.com\/arniblum\/#organization"},"alternateName":"\u00c4rni Blum O\u00dc","potentialAction":[{"@type":"SearchAction","target":{"@type":"EntryPoint","urlTemplate":"https:\/\/arniblum.com\/arniblum\/?s={search_term_string}"},"query-input":{"@type":"PropertyValueSpecification","valueRequired":true,"valueName":"search_term_string"}}],"inLanguage":"et"},{"@type":"Organization","@id":"https:\/\/arniblum.com\/arniblum\/#organization","name":"\u00c4rni Blum O\u00dc","alternateName":"\u00c4rni Blum","url":"https:\/\/arniblum.com\/arniblum\/","logo":{"@type":"ImageObject","inLanguage":"et","@id":"https:\/\/arniblum.com\/arniblum\/#\/schema\/logo\/image\/","url":"https:\/\/arniblum.com\/wp-content\/uploads\/2026\/03\/Arni-Blum-logotype_katse-1.svg","contentUrl":"https:\/\/arniblum.com\/wp-content\/uploads\/2026\/03\/Arni-Blum-logotype_katse-1.svg","width":1406,"height":313,"caption":"\u00c4rni Blum O\u00dc"},"image":{"@id":"https:\/\/arniblum.com\/arniblum\/#\/schema\/logo\/image\/"},"sameAs":["https:\/\/www.facebook.com\/arniblum","https:\/\/www.instagram.com\/arniblum\/"]}]}},"_links":{"self":[{"href":"https:\/\/arniblum.com\/et\/wp-json\/wp\/v2\/product\/641","targetHints":{"allow":["GET"]}}],"collection":[{"href":"https:\/\/arniblum.com\/et\/wp-json\/wp\/v2\/product"}],"about":[{"href":"https:\/\/arniblum.com\/et\/wp-json\/wp\/v2\/types\/product"}],"replies":[{"embeddable":true,"href":"https:\/\/arniblum.com\/et\/wp-json\/wp\/v2\/comments?post=641"}],"wp:featuredmedia":[{"embeddable":true,"href":"https:\/\/arniblum.com\/et\/wp-json\/wp\/v2\/media\/667"}],"wp:attachment":[{"href":"https:\/\/arniblum.com\/et\/wp-json\/wp\/v2\/media?parent=641"}],"wp:term":[{"taxonomy":"product_brand","embeddable":true,"href":"https:\/\/arniblum.com\/et\/wp-json\/wp\/v2\/product_brand?post=641"},{"taxonomy":"product_cat","embeddable":true,"href":"https:\/\/arniblum.com\/et\/wp-json\/wp\/v2\/product_cat?post=641"},{"taxonomy":"product_tag","embeddable":true,"href":"https:\/\/arniblum.com\/et\/wp-json\/wp\/v2\/product_tag?post=641"},{"taxonomy":"giftcard-category","embeddable":true,"href":"https:\/\/arniblum.com\/et\/wp-json\/wp\/v2\/giftcard-category?post=641"}],"curies":[{"name":"wp","href":"https:\/\/api.w.org\/{rel}","templated":true}]}}