{"id":785,"date":"2026-03-18T11:46:49","date_gmt":"2026-03-18T11:46:49","guid":{"rendered":"https:\/\/arniblum.com\/arniblum\/?post_type=product&#038;p=785"},"modified":"2026-04-16T12:30:20","modified_gmt":"2026-04-16T12:30:20","slug":"meeste-coco-kampsun","status":"publish","type":"product","link":"https:\/\/arniblum.com\/et\/product\/mens-coco-sweater\/","title":{"rendered":"Meeste Coco kampsun"},"content":{"rendered":"<p><span data-sheets-root=\"1\">Valmistame eritellimusel \u2013 valmimisaeg kuni 21 t\u00f6\u00f6p\u00e4eva.<\/span><\/p>\n<p>Pehme, \u00f5huline kampsun, mis tundub peaaegu kaalutu.<br \/>\nAinult \u00c4RNI BLUM kaupluses.<\/p>\n<p>K\u00e4sitsi kootud meriino- ja moh\u00e4\u00e4rl\u00f5nga segust, luues \u00f5rna, kuid vastupidava tekstuuri. Lihtne, skulpturaalne siluett palmikdetailidega.<\/p>","protected":false},"excerpt":{"rendered":"<p><span data-sheets-root=\"1\">Materjal \u2014 50% eriti peent meriinovilla, 35% moh\u00e4\u00e4ri, 15% siidi.<br \/>\nK\u00e4sitsi valmistatud Saaremaal, Eestis.<br \/>\nValmis kuni 21 t\u00f6\u00f6p\u00e4eva jooksul.<\/span><\/p>","protected":false},"featured_media":847,"comment_status":"open","ping_status":"closed","template":"","meta":{"_acf_changed":false,"site-sidebar-layout":"default","site-content-layout":"","ast-site-content-layout":"default","site-content-style":"default","site-sidebar-style":"default","ast-global-header-display":"","ast-banner-title-visibility":"","ast-main-header-display":"","ast-hfb-above-header-display":"","ast-hfb-below-header-display":"","ast-hfb-mobile-header-display":"","site-post-title":"","ast-breadcrumbs-content":"","ast-featured-img":"","footer-sml-layout":"","ast-disable-related-posts":"","theme-transparent-header-meta":"default","adv-header-id-meta":"","stick-header-meta":"","header-above-stick-meta":"","header-main-stick-meta":"","header-below-stick-meta":"","astra-migrate-meta-layouts":"set","ast-page-background-enabled":"default","ast-page-background-meta":{"desktop":{"background-color":"var(--ast-global-color-5)","background-image":"","background-repeat":"repeat","background-position":"center center","background-size":"auto","background-attachment":"scroll","background-type":"","background-media":"","overlay-type":"","overlay-color":"","overlay-opacity":"","overlay-gradient":""},"tablet":{"background-color":"","background-image":"","background-repeat":"repeat","background-position":"center center","background-size":"auto","background-attachment":"scroll","background-type":"","background-media":"","overlay-type":"","overlay-color":"","overlay-opacity":"","overlay-gradient":""},"mobile":{"background-color":"","background-image":"","background-repeat":"repeat","background-position":"center center","background-size":"auto","background-attachment":"scroll","background-type":"","background-media":"","overlay-type":"","overlay-color":"","overlay-opacity":"","overlay-gradient":""}},"ast-content-background-meta":{"desktop":{"background-color":"var(--ast-global-color-4)","background-image":"","background-repeat":"repeat","background-position":"center center","background-size":"auto","background-attachment":"scroll","background-type":"","background-media":"","overlay-type":"","overlay-color":"","overlay-opacity":"","overlay-gradient":""},"tablet":{"background-color":"var(--ast-global-color-4)","background-image":"","background-repeat":"repeat","background-position":"center center","background-size":"auto","background-attachment":"scroll","background-type":"","background-media":"","overlay-type":"","overlay-color":"","overlay-opacity":"","overlay-gradient":""},"mobile":{"background-color":"var(--ast-global-color-4)","background-image":"","background-repeat":"repeat","background-position":"center center","background-size":"auto","background-attachment":"scroll","background-type":"","background-media":"","overlay-type":"","overlay-color":"","overlay-opacity":"","overlay-gradient":""}}},"product_brand":[],"product_cat":[23,30],"product_tag":[18],"giftcard-category":[],"class_list":{"0":"post-785","1":"product","2":"type-product","3":"status-publish","4":"has-post-thumbnail","6":"product_cat-knitwear-for-men","7":"product_cat-mens-knitwear","8":"product_tag-nirgiwabrik","9":"desktop-align-left","10":"tablet-align-left","11":"mobile-align-left","13":"first","14":"onbackorder","15":"taxable","16":"shipping-taxable","17":"purchasable","18":"product-type-variable"},"acf":[],"yoast_head":"<!-- This site is optimized with the Yoast SEO plugin v27.4 - https:\/\/yoast.com\/product\/yoast-seo-wordpress\/ -->\n<title>Men`s Coco sweater | \u00c4rni Blum<\/title>\n<meta name=\"robots\" content=\"index, follow, max-snippet:-1, max-image-preview:large, max-video-preview:-1\" \/>\n<link rel=\"canonical\" href=\"https:\/\/arniblum.com\/et\/toode\/meeste-coco-kampsun\/\" \/>\n<meta property=\"og:locale\" content=\"et_EE\" \/>\n<meta property=\"og:type\" content=\"article\" \/>\n<meta property=\"og:title\" content=\"Men`s Coco sweater | \u00c4rni Blum\" \/>\n<meta property=\"og:description\" content=\"Material \u2014 50% extra fine merino wool, 35% mohair, 15% silk. Hand made in Saaremaa, Estonia. Ready in up to 21 working days.\" \/>\n<meta property=\"og:url\" content=\"https:\/\/arniblum.com\/et\/toode\/meeste-coco-kampsun\/\" \/>\n<meta property=\"og:site_name\" content=\"\u00c4rni Blum\" \/>\n<meta property=\"article:publisher\" content=\"https:\/\/www.facebook.com\/arniblum\" \/>\n<meta property=\"article:modified_time\" content=\"2026-04-16T12:30:20+00:00\" \/>\n<meta property=\"og:image\" content=\"https:\/\/arniblum.com\/wp-content\/uploads\/2026\/03\/foto3-scaled-1.jpeg\" \/>\n\t<meta property=\"og:image:width\" content=\"1707\" \/>\n\t<meta property=\"og:image:height\" content=\"2560\" \/>\n\t<meta property=\"og:image:type\" content=\"image\/jpeg\" \/>\n<meta name=\"twitter:card\" content=\"summary_large_image\" \/>\n<meta name=\"twitter:label1\" content=\"Est. reading time\" \/>\n\t<meta name=\"twitter:data1\" content=\"1 minut\" \/>\n<script type=\"application\/ld+json\" class=\"yoast-schema-graph\">{\"@context\":\"https:\\\/\\\/schema.org\",\"@graph\":[{\"@type\":\"WebPage\",\"@id\":\"https:\\\/\\\/arniblum.com\\\/et\\\/toode\\\/meeste-coco-kampsun\\\/\",\"url\":\"https:\\\/\\\/arniblum.com\\\/et\\\/toode\\\/meeste-coco-kampsun\\\/\",\"name\":\"Men`s Coco sweater | \u00c4rni Blum\",\"isPartOf\":{\"@id\":\"\\\/#website\"},\"primaryImageOfPage\":{\"@id\":\"https:\\\/\\\/arniblum.com\\\/et\\\/toode\\\/meeste-coco-kampsun\\\/#primaryimage\"},\"image\":{\"@id\":\"https:\\\/\\\/arniblum.com\\\/et\\\/toode\\\/meeste-coco-kampsun\\\/#primaryimage\"},\"thumbnailUrl\":\"https:\\\/\\\/arniblum.com\\\/wp-content\\\/uploads\\\/2026\\\/03\\\/foto3-scaled-1.jpeg\",\"datePublished\":\"2026-03-18T11:46:49+00:00\",\"dateModified\":\"2026-04-16T12:30:20+00:00\",\"breadcrumb\":{\"@id\":\"https:\\\/\\\/arniblum.com\\\/et\\\/toode\\\/meeste-coco-kampsun\\\/#breadcrumb\"},\"inLanguage\":\"et\",\"potentialAction\":[{\"@type\":\"ReadAction\",\"target\":[\"https:\\\/\\\/arniblum.com\\\/et\\\/toode\\\/meeste-coco-kampsun\\\/\"]}]},{\"@type\":\"ImageObject\",\"inLanguage\":\"et\",\"@id\":\"https:\\\/\\\/arniblum.com\\\/et\\\/toode\\\/meeste-coco-kampsun\\\/#primaryimage\",\"url\":\"https:\\\/\\\/arniblum.com\\\/wp-content\\\/uploads\\\/2026\\\/03\\\/foto3-scaled-1.jpeg\",\"contentUrl\":\"https:\\\/\\\/arniblum.com\\\/wp-content\\\/uploads\\\/2026\\\/03\\\/foto3-scaled-1.jpeg\",\"width\":1707,\"height\":2560},{\"@type\":\"BreadcrumbList\",\"@id\":\"https:\\\/\\\/arniblum.com\\\/et\\\/toode\\\/meeste-coco-kampsun\\\/#breadcrumb\",\"itemListElement\":[{\"@type\":\"ListItem\",\"position\":1,\"name\":\"Home\",\"item\":\"https:\\\/\\\/arniblum.com\\\/\"},{\"@type\":\"ListItem\",\"position\":2,\"name\":\"Men`s Coco sweater\"}]},{\"@type\":\"WebSite\",\"@id\":\"\\\/#website\",\"url\":\"\\\/\",\"name\":\"\u00c4rni Blum\",\"description\":\"Sustainable knits to survive Scandinavian crispy weather!\",\"publisher\":{\"@id\":\"\\\/#organization\"},\"alternateName\":\"\u00c4rni Blum O\u00dc\",\"potentialAction\":[{\"@type\":\"SearchAction\",\"target\":{\"@type\":\"EntryPoint\",\"urlTemplate\":\"\\\/?s={search_term_string}\"},\"query-input\":{\"@type\":\"PropertyValueSpecification\",\"valueRequired\":true,\"valueName\":\"search_term_string\"}}],\"inLanguage\":\"et\"},{\"@type\":\"Organization\",\"@id\":\"\\\/#organization\",\"name\":\"\u00c4rni Blum O\u00dc\",\"alternateName\":\"\u00c4rni Blum\",\"url\":\"\\\/\",\"logo\":{\"@type\":\"ImageObject\",\"inLanguage\":\"et\",\"@id\":\"\\\/#\\\/schema\\\/logo\\\/image\\\/\",\"url\":\"https:\\\/\\\/arniblum.com\\\/wp-content\\\/uploads\\\/2026\\\/03\\\/Arni-Blum-logotype_katse-1.svg\",\"contentUrl\":\"https:\\\/\\\/arniblum.com\\\/wp-content\\\/uploads\\\/2026\\\/03\\\/Arni-Blum-logotype_katse-1.svg\",\"width\":1406,\"height\":313,\"caption\":\"\u00c4rni Blum O\u00dc\"},\"image\":{\"@id\":\"\\\/#\\\/schema\\\/logo\\\/image\\\/\"},\"sameAs\":[\"https:\\\/\\\/www.facebook.com\\\/arniblum\",\"https:\\\/\\\/www.instagram.com\\\/arniblum\\\/\"]}]}<\/script>\n<!-- \/ Yoast SEO plugin. -->","yoast_head_json":{"title":"Meeste kampsun Coco | \u00c4rni Blum","robots":{"index":"index","follow":"follow","max-snippet":"max-snippet:-1","max-image-preview":"max-image-preview:large","max-video-preview":"max-video-preview:-1"},"canonical":"https:\/\/arniblum.com\/et\/toode\/meeste-coco-kampsun\/","og_locale":"et_EE","og_type":"article","og_title":"Men`s Coco sweater | \u00c4rni Blum","og_description":"Material \u2014 50% extra fine merino wool, 35% mohair, 15% silk. Hand made in Saaremaa, Estonia. Ready in up to 21 working days.","og_url":"https:\/\/arniblum.com\/et\/toode\/meeste-coco-kampsun\/","og_site_name":"\u00c4rni Blum","article_publisher":"https:\/\/www.facebook.com\/arniblum","article_modified_time":"2026-04-16T12:30:20+00:00","og_image":[{"width":1707,"height":2560,"url":"https:\/\/arniblum.com\/wp-content\/uploads\/2026\/03\/foto3-scaled-1.jpeg","type":"image\/jpeg"}],"twitter_card":"summary_large_image","twitter_misc":{"Est. reading time":"1 minut"},"schema":{"@context":"https:\/\/schema.org","@graph":[{"@type":"WebPage","@id":"https:\/\/arniblum.com\/et\/toode\/meeste-coco-kampsun\/","url":"https:\/\/arniblum.com\/et\/toode\/meeste-coco-kampsun\/","name":"Meeste kampsun Coco | \u00c4rni Blum","isPartOf":{"@id":"\/#website"},"primaryImageOfPage":{"@id":"https:\/\/arniblum.com\/et\/toode\/meeste-coco-kampsun\/#primaryimage"},"image":{"@id":"https:\/\/arniblum.com\/et\/toode\/meeste-coco-kampsun\/#primaryimage"},"thumbnailUrl":"https:\/\/arniblum.com\/wp-content\/uploads\/2026\/03\/foto3-scaled-1.jpeg","datePublished":"2026-03-18T11:46:49+00:00","dateModified":"2026-04-16T12:30:20+00:00","breadcrumb":{"@id":"https:\/\/arniblum.com\/et\/toode\/meeste-coco-kampsun\/#breadcrumb"},"inLanguage":"et","potentialAction":[{"@type":"ReadAction","target":["https:\/\/arniblum.com\/et\/toode\/meeste-coco-kampsun\/"]}]},{"@type":"ImageObject","inLanguage":"et","@id":"https:\/\/arniblum.com\/et\/toode\/meeste-coco-kampsun\/#primaryimage","url":"https:\/\/arniblum.com\/wp-content\/uploads\/2026\/03\/foto3-scaled-1.jpeg","contentUrl":"https:\/\/arniblum.com\/wp-content\/uploads\/2026\/03\/foto3-scaled-1.jpeg","width":1707,"height":2560},{"@type":"BreadcrumbList","@id":"https:\/\/arniblum.com\/et\/toode\/meeste-coco-kampsun\/#breadcrumb","itemListElement":[{"@type":"ListItem","position":1,"name":"Home","item":"https:\/\/arniblum.com\/"},{"@type":"ListItem","position":2,"name":"Men`s Coco sweater"}]},{"@type":"WebSite","@id":"\/#website","url":"\/","name":"\u00c4rni Blum","description":"J\u00e4tkusuutlikud kudumid Skandinaavia karmiks ilmastikuks!","publisher":{"@id":"\/#organization"},"alternateName":"\u00c4rni Blum O\u00dc","potentialAction":[{"@type":"SearchAction","target":{"@type":"EntryPoint","urlTemplate":"\/?s={search_term_string}"},"query-input":{"@type":"PropertyValueSpecification","valueRequired":true,"valueName":"search_term_string"}}],"inLanguage":"et"},{"@type":"Organization","@id":"\/#organization","name":"\u00c4rni Blum O\u00dc","alternateName":"\u00c4rni Blum","url":"\/","logo":{"@type":"ImageObject","inLanguage":"et","@id":"\/#\/schema\/logo\/image\/","url":"https:\/\/arniblum.com\/wp-content\/uploads\/2026\/03\/Arni-Blum-logotype_katse-1.svg","contentUrl":"https:\/\/arniblum.com\/wp-content\/uploads\/2026\/03\/Arni-Blum-logotype_katse-1.svg","width":1406,"height":313,"caption":"\u00c4rni Blum O\u00dc"},"image":{"@id":"\/#\/schema\/logo\/image\/"},"sameAs":["https:\/\/www.facebook.com\/arniblum","https:\/\/www.instagram.com\/arniblum\/"]}]}},"_links":{"self":[{"href":"https:\/\/arniblum.com\/et\/wp-json\/wp\/v2\/product\/785","targetHints":{"allow":["GET"]}}],"collection":[{"href":"https:\/\/arniblum.com\/et\/wp-json\/wp\/v2\/product"}],"about":[{"href":"https:\/\/arniblum.com\/et\/wp-json\/wp\/v2\/types\/product"}],"replies":[{"embeddable":true,"href":"https:\/\/arniblum.com\/et\/wp-json\/wp\/v2\/comments?post=785"}],"wp:featuredmedia":[{"embeddable":true,"href":"https:\/\/arniblum.com\/et\/wp-json\/wp\/v2\/media\/847"}],"wp:attachment":[{"href":"https:\/\/arniblum.com\/et\/wp-json\/wp\/v2\/media?parent=785"}],"wp:term":[{"taxonomy":"product_brand","embeddable":true,"href":"https:\/\/arniblum.com\/et\/wp-json\/wp\/v2\/product_brand?post=785"},{"taxonomy":"product_cat","embeddable":true,"href":"https:\/\/arniblum.com\/et\/wp-json\/wp\/v2\/product_cat?post=785"},{"taxonomy":"product_tag","embeddable":true,"href":"https:\/\/arniblum.com\/et\/wp-json\/wp\/v2\/product_tag?post=785"},{"taxonomy":"giftcard-category","embeddable":true,"href":"https:\/\/arniblum.com\/et\/wp-json\/wp\/v2\/giftcard-category?post=785"}],"curies":[{"name":"wp","href":"https:\/\/api.w.org\/{rel}","templated":true}]}}