{"id":916,"date":"2026-03-18T11:48:42","date_gmt":"2026-03-18T11:48:42","guid":{"rendered":"https:\/\/arniblum.com\/arniblum\/?post_type=product&#038;p=916"},"modified":"2026-04-16T12:32:46","modified_gmt":"2026-04-16T12:32:46","slug":"nirgi-vest","status":"publish","type":"product","link":"https:\/\/arniblum.com\/et\/product\/nirgi-vest\/","title":{"rendered":"Nirgi vest"},"content":{"rendered":"<p><span data-sheets-root=\"1\">L\u00f5\u00f5gastav, p\u00f6\u00f6ratav vest.<br \/>\nMustriline disain.<\/span><\/p>\n<p>K\u00e4sitsi valmistatud peenimast meriinovillast. Hingav, tasakaalustatud kiht teie ja jaheda ilma vahel. Mitte liiga t\u00f5siselt v\u00f5tta.<\/p>\n<p>Sobib kokku NIRGI salliga.<\/p>","protected":false},"excerpt":{"rendered":"<p><span data-sheets-root=\"1\">Materjal \u2014 100% eriti peen meriinovill.<br \/>\nValmistatud Eestis.<br \/>\nValmib 2\u20133 t\u00f6\u00f6p\u00e4eva jooksul.<\/span><\/p>","protected":false},"featured_media":948,"comment_status":"open","ping_status":"closed","template":"","meta":{"_acf_changed":false,"site-sidebar-layout":"default","site-content-layout":"","ast-site-content-layout":"default","site-content-style":"default","site-sidebar-style":"default","ast-global-header-display":"","ast-banner-title-visibility":"","ast-main-header-display":"","ast-hfb-above-header-display":"","ast-hfb-below-header-display":"","ast-hfb-mobile-header-display":"","site-post-title":"","ast-breadcrumbs-content":"","ast-featured-img":"","footer-sml-layout":"","ast-disable-related-posts":"","theme-transparent-header-meta":"default","adv-header-id-meta":"","stick-header-meta":"","header-above-stick-meta":"","header-main-stick-meta":"","header-below-stick-meta":"","astra-migrate-meta-layouts":"set","ast-page-background-enabled":"default","ast-page-background-meta":{"desktop":{"background-color":"var(--ast-global-color-5)","background-image":"","background-repeat":"repeat","background-position":"center center","background-size":"auto","background-attachment":"scroll","background-type":"","background-media":"","overlay-type":"","overlay-color":"","overlay-opacity":"","overlay-gradient":""},"tablet":{"background-color":"","background-image":"","background-repeat":"repeat","background-position":"center center","background-size":"auto","background-attachment":"scroll","background-type":"","background-media":"","overlay-type":"","overlay-color":"","overlay-opacity":"","overlay-gradient":""},"mobile":{"background-color":"","background-image":"","background-repeat":"repeat","background-position":"center center","background-size":"auto","background-attachment":"scroll","background-type":"","background-media":"","overlay-type":"","overlay-color":"","overlay-opacity":"","overlay-gradient":""}},"ast-content-background-meta":{"desktop":{"background-color":"var(--ast-global-color-4)","background-image":"","background-repeat":"repeat","background-position":"center center","background-size":"auto","background-attachment":"scroll","background-type":"","background-media":"","overlay-type":"","overlay-color":"","overlay-opacity":"","overlay-gradient":""},"tablet":{"background-color":"var(--ast-global-color-4)","background-image":"","background-repeat":"repeat","background-position":"center center","background-size":"auto","background-attachment":"scroll","background-type":"","background-media":"","overlay-type":"","overlay-color":"","overlay-opacity":"","overlay-gradient":""},"mobile":{"background-color":"var(--ast-global-color-4)","background-image":"","background-repeat":"repeat","background-position":"center center","background-size":"auto","background-attachment":"scroll","background-type":"","background-media":"","overlay-type":"","overlay-color":"","overlay-opacity":"","overlay-gradient":""}}},"product_brand":[],"product_cat":[23,30],"product_tag":[18],"giftcard-category":[],"class_list":{"0":"post-916","1":"product","2":"type-product","3":"status-publish","4":"has-post-thumbnail","6":"product_cat-knitwear-for-men","7":"product_cat-mens-knitwear","8":"product_tag-nirgiwabrik","9":"desktop-align-left","10":"tablet-align-left","11":"mobile-align-left","13":"first","14":"instock","15":"sale","16":"taxable","17":"shipping-taxable","18":"purchasable","19":"product-type-simple"},"acf":[],"yoast_head":"<!-- This site is optimized with the Yoast SEO plugin v27.4 - https:\/\/yoast.com\/product\/yoast-seo-wordpress\/ -->\n<title>Nirgi sweater | men&#039;s sweaters | merino wool<\/title>\n<meta name=\"description\" content=\"Nirgi sweater is knitted on both sides, meaning it can be worn both ways. The product is designed for men, but is also ideal for women.\" \/>\n<meta name=\"robots\" content=\"index, follow, max-snippet:-1, max-image-preview:large, max-video-preview:-1\" \/>\n<link rel=\"canonical\" href=\"https:\/\/arniblum.com\/et\/toode\/nirgi-vest\/\" \/>\n<meta property=\"og:locale\" content=\"et_EE\" \/>\n<meta property=\"og:type\" content=\"article\" \/>\n<meta property=\"og:title\" content=\"Nirgi sweater | men&#039;s sweaters | merino wool\" \/>\n<meta property=\"og:description\" content=\"Nirgi sweater is knitted on both sides, meaning it can be worn both ways. The product is designed for men, but is also ideal for women.\" \/>\n<meta property=\"og:url\" content=\"https:\/\/arniblum.com\/et\/toode\/nirgi-vest\/\" \/>\n<meta property=\"og:site_name\" content=\"\u00c4rni Blum\" \/>\n<meta property=\"article:publisher\" content=\"https:\/\/www.facebook.com\/arniblum\" \/>\n<meta property=\"article:modified_time\" content=\"2026-04-16T12:32:46+00:00\" \/>\n<meta property=\"og:image\" content=\"https:\/\/arniblum.com\/wp-content\/uploads\/2026\/03\/Meriinovillane-kootud-meeste-Nirgi-vest.jpg\" \/>\n\t<meta property=\"og:image:width\" content=\"889\" \/>\n\t<meta property=\"og:image:height\" content=\"1334\" \/>\n\t<meta property=\"og:image:type\" content=\"image\/jpeg\" \/>\n<meta name=\"twitter:card\" content=\"summary_large_image\" \/>\n<meta name=\"twitter:label1\" content=\"Est. reading time\" \/>\n\t<meta name=\"twitter:data1\" content=\"1 minut\" \/>\n<script type=\"application\/ld+json\" class=\"yoast-schema-graph\">{\"@context\":\"https:\\\/\\\/schema.org\",\"@graph\":[{\"@type\":\"WebPage\",\"@id\":\"https:\\\/\\\/arniblum.com\\\/et\\\/toode\\\/nirgi-vest\\\/\",\"url\":\"https:\\\/\\\/arniblum.com\\\/et\\\/toode\\\/nirgi-vest\\\/\",\"name\":\"Nirgi sweater | men's sweaters | merino wool\",\"isPartOf\":{\"@id\":\"\\\/#website\"},\"primaryImageOfPage\":{\"@id\":\"https:\\\/\\\/arniblum.com\\\/et\\\/toode\\\/nirgi-vest\\\/#primaryimage\"},\"image\":{\"@id\":\"https:\\\/\\\/arniblum.com\\\/et\\\/toode\\\/nirgi-vest\\\/#primaryimage\"},\"thumbnailUrl\":\"https:\\\/\\\/arniblum.com\\\/wp-content\\\/uploads\\\/2026\\\/03\\\/Meriinovillane-kootud-meeste-Nirgi-vest.jpg\",\"datePublished\":\"2026-03-18T11:48:42+00:00\",\"dateModified\":\"2026-04-16T12:32:46+00:00\",\"description\":\"Nirgi sweater is knitted on both sides, meaning it can be worn both ways. The product is designed for men, but is also ideal for women.\",\"breadcrumb\":{\"@id\":\"https:\\\/\\\/arniblum.com\\\/et\\\/toode\\\/nirgi-vest\\\/#breadcrumb\"},\"inLanguage\":\"et\",\"potentialAction\":[{\"@type\":\"ReadAction\",\"target\":[\"https:\\\/\\\/arniblum.com\\\/et\\\/toode\\\/nirgi-vest\\\/\"]}]},{\"@type\":\"ImageObject\",\"inLanguage\":\"et\",\"@id\":\"https:\\\/\\\/arniblum.com\\\/et\\\/toode\\\/nirgi-vest\\\/#primaryimage\",\"url\":\"https:\\\/\\\/arniblum.com\\\/wp-content\\\/uploads\\\/2026\\\/03\\\/Meriinovillane-kootud-meeste-Nirgi-vest.jpg\",\"contentUrl\":\"https:\\\/\\\/arniblum.com\\\/wp-content\\\/uploads\\\/2026\\\/03\\\/Meriinovillane-kootud-meeste-Nirgi-vest.jpg\",\"width\":889,\"height\":1334},{\"@type\":\"BreadcrumbList\",\"@id\":\"https:\\\/\\\/arniblum.com\\\/et\\\/toode\\\/nirgi-vest\\\/#breadcrumb\",\"itemListElement\":[{\"@type\":\"ListItem\",\"position\":1,\"name\":\"Home\",\"item\":\"https:\\\/\\\/arniblum.com\\\/\"},{\"@type\":\"ListItem\",\"position\":2,\"name\":\"Nirgi vest\"}]},{\"@type\":\"WebSite\",\"@id\":\"\\\/#website\",\"url\":\"\\\/\",\"name\":\"\u00c4rni Blum\",\"description\":\"Sustainable knits to survive Scandinavian crispy weather!\",\"publisher\":{\"@id\":\"\\\/#organization\"},\"alternateName\":\"\u00c4rni Blum O\u00dc\",\"potentialAction\":[{\"@type\":\"SearchAction\",\"target\":{\"@type\":\"EntryPoint\",\"urlTemplate\":\"\\\/?s={search_term_string}\"},\"query-input\":{\"@type\":\"PropertyValueSpecification\",\"valueRequired\":true,\"valueName\":\"search_term_string\"}}],\"inLanguage\":\"et\"},{\"@type\":\"Organization\",\"@id\":\"\\\/#organization\",\"name\":\"\u00c4rni Blum O\u00dc\",\"alternateName\":\"\u00c4rni Blum\",\"url\":\"\\\/\",\"logo\":{\"@type\":\"ImageObject\",\"inLanguage\":\"et\",\"@id\":\"\\\/#\\\/schema\\\/logo\\\/image\\\/\",\"url\":\"https:\\\/\\\/arniblum.com\\\/wp-content\\\/uploads\\\/2026\\\/03\\\/Arni-Blum-logotype_katse-1.svg\",\"contentUrl\":\"https:\\\/\\\/arniblum.com\\\/wp-content\\\/uploads\\\/2026\\\/03\\\/Arni-Blum-logotype_katse-1.svg\",\"width\":1406,\"height\":313,\"caption\":\"\u00c4rni Blum O\u00dc\"},\"image\":{\"@id\":\"\\\/#\\\/schema\\\/logo\\\/image\\\/\"},\"sameAs\":[\"https:\\\/\\\/www.facebook.com\\\/arniblum\",\"https:\\\/\\\/www.instagram.com\\\/arniblum\\\/\"]}]}<\/script>\n<!-- \/ Yoast SEO plugin. -->","yoast_head_json":{"title":"Nirgi kampsun | meeste kampsunid | meriinovill","description":"Nirgi kampsun on kootud m\u00f5lemalt poolt, mis t\u00e4hendab, et seda saab kanda m\u00f5lemat pidi. Toode on m\u00f5eldud meestele, kuid sobib suurep\u00e4raselt ka naistele.","robots":{"index":"index","follow":"follow","max-snippet":"max-snippet:-1","max-image-preview":"max-image-preview:large","max-video-preview":"max-video-preview:-1"},"canonical":"https:\/\/arniblum.com\/et\/toode\/nirgi-vest\/","og_locale":"et_EE","og_type":"article","og_title":"Nirgi sweater | men's sweaters | merino wool","og_description":"Nirgi sweater is knitted on both sides, meaning it can be worn both ways. The product is designed for men, but is also ideal for women.","og_url":"https:\/\/arniblum.com\/et\/toode\/nirgi-vest\/","og_site_name":"\u00c4rni Blum","article_publisher":"https:\/\/www.facebook.com\/arniblum","article_modified_time":"2026-04-16T12:32:46+00:00","og_image":[{"width":889,"height":1334,"url":"https:\/\/arniblum.com\/wp-content\/uploads\/2026\/03\/Meriinovillane-kootud-meeste-Nirgi-vest.jpg","type":"image\/jpeg"}],"twitter_card":"summary_large_image","twitter_misc":{"Est. reading time":"1 minut"},"schema":{"@context":"https:\/\/schema.org","@graph":[{"@type":"WebPage","@id":"https:\/\/arniblum.com\/et\/toode\/nirgi-vest\/","url":"https:\/\/arniblum.com\/et\/toode\/nirgi-vest\/","name":"Nirgi kampsun | meeste kampsunid | meriinovill","isPartOf":{"@id":"\/#website"},"primaryImageOfPage":{"@id":"https:\/\/arniblum.com\/et\/toode\/nirgi-vest\/#primaryimage"},"image":{"@id":"https:\/\/arniblum.com\/et\/toode\/nirgi-vest\/#primaryimage"},"thumbnailUrl":"https:\/\/arniblum.com\/wp-content\/uploads\/2026\/03\/Meriinovillane-kootud-meeste-Nirgi-vest.jpg","datePublished":"2026-03-18T11:48:42+00:00","dateModified":"2026-04-16T12:32:46+00:00","description":"Nirgi kampsun on kootud m\u00f5lemalt poolt, mis t\u00e4hendab, et seda saab kanda m\u00f5lemat pidi. Toode on m\u00f5eldud meestele, kuid sobib suurep\u00e4raselt ka naistele.","breadcrumb":{"@id":"https:\/\/arniblum.com\/et\/toode\/nirgi-vest\/#breadcrumb"},"inLanguage":"et","potentialAction":[{"@type":"ReadAction","target":["https:\/\/arniblum.com\/et\/toode\/nirgi-vest\/"]}]},{"@type":"ImageObject","inLanguage":"et","@id":"https:\/\/arniblum.com\/et\/toode\/nirgi-vest\/#primaryimage","url":"https:\/\/arniblum.com\/wp-content\/uploads\/2026\/03\/Meriinovillane-kootud-meeste-Nirgi-vest.jpg","contentUrl":"https:\/\/arniblum.com\/wp-content\/uploads\/2026\/03\/Meriinovillane-kootud-meeste-Nirgi-vest.jpg","width":889,"height":1334},{"@type":"BreadcrumbList","@id":"https:\/\/arniblum.com\/et\/toode\/nirgi-vest\/#breadcrumb","itemListElement":[{"@type":"ListItem","position":1,"name":"Home","item":"https:\/\/arniblum.com\/"},{"@type":"ListItem","position":2,"name":"Nirgi vest"}]},{"@type":"WebSite","@id":"\/#website","url":"\/","name":"\u00c4rni Blum","description":"J\u00e4tkusuutlikud kudumid Skandinaavia karmiks ilmastikuks!","publisher":{"@id":"\/#organization"},"alternateName":"\u00c4rni Blum O\u00dc","potentialAction":[{"@type":"SearchAction","target":{"@type":"EntryPoint","urlTemplate":"\/?s={search_term_string}"},"query-input":{"@type":"PropertyValueSpecification","valueRequired":true,"valueName":"search_term_string"}}],"inLanguage":"et"},{"@type":"Organization","@id":"\/#organization","name":"\u00c4rni Blum O\u00dc","alternateName":"\u00c4rni Blum","url":"\/","logo":{"@type":"ImageObject","inLanguage":"et","@id":"\/#\/schema\/logo\/image\/","url":"https:\/\/arniblum.com\/wp-content\/uploads\/2026\/03\/Arni-Blum-logotype_katse-1.svg","contentUrl":"https:\/\/arniblum.com\/wp-content\/uploads\/2026\/03\/Arni-Blum-logotype_katse-1.svg","width":1406,"height":313,"caption":"\u00c4rni Blum O\u00dc"},"image":{"@id":"\/#\/schema\/logo\/image\/"},"sameAs":["https:\/\/www.facebook.com\/arniblum","https:\/\/www.instagram.com\/arniblum\/"]}]}},"_links":{"self":[{"href":"https:\/\/arniblum.com\/et\/wp-json\/wp\/v2\/product\/916","targetHints":{"allow":["GET"]}}],"collection":[{"href":"https:\/\/arniblum.com\/et\/wp-json\/wp\/v2\/product"}],"about":[{"href":"https:\/\/arniblum.com\/et\/wp-json\/wp\/v2\/types\/product"}],"replies":[{"embeddable":true,"href":"https:\/\/arniblum.com\/et\/wp-json\/wp\/v2\/comments?post=916"}],"wp:featuredmedia":[{"embeddable":true,"href":"https:\/\/arniblum.com\/et\/wp-json\/wp\/v2\/media\/948"}],"wp:attachment":[{"href":"https:\/\/arniblum.com\/et\/wp-json\/wp\/v2\/media?parent=916"}],"wp:term":[{"taxonomy":"product_brand","embeddable":true,"href":"https:\/\/arniblum.com\/et\/wp-json\/wp\/v2\/product_brand?post=916"},{"taxonomy":"product_cat","embeddable":true,"href":"https:\/\/arniblum.com\/et\/wp-json\/wp\/v2\/product_cat?post=916"},{"taxonomy":"product_tag","embeddable":true,"href":"https:\/\/arniblum.com\/et\/wp-json\/wp\/v2\/product_tag?post=916"},{"taxonomy":"giftcard-category","embeddable":true,"href":"https:\/\/arniblum.com\/et\/wp-json\/wp\/v2\/giftcard-category?post=916"}],"curies":[{"name":"wp","href":"https:\/\/api.w.org\/{rel}","templated":true}]}}